{"id":18356,"date":"2018-09-10T18:58:41","date_gmt":"2018-10-17T15:50:39","guid":{"rendered":"https:\/\/finzipasca.com\/?post_type=product&#038;p=18356"},"modified":"2019-12-19T13:54:56","modified_gmt":"2019-12-19T12:54:56","slug":"ana-dvd","status":"publish","type":"product","link":"https:\/\/finzipasca.com\/it\/prodotto\/ana-dvd\/","title":{"rendered":"Ana DVD"},"content":{"rendered":"<p>Gandria, novembre 1999: durante una cena a casa Sievi, Daniele Finzi Pasca racconta del nuovo spettacolo della compagnia e della partecipazione al progetto di Ana Heredia, che non aveva mai calpestato le assi di un palcoscenico. Walther Sievi immediatamente si propone di seguire passo passo Ana in questo nuovo e imprevedibile viaggio. Questo film nasce cos\u00ec, da questo semplice desiderio di accompagnare con delicatezza Ana in questo cammino, di raccogliere ogni sorriso, ogni piccola crisi, ogni parola di incoraggiamento, di dare la possibilit\u00e0 a ognuno di entrare in punta di piedi in questo passaggio straordinario della sua vita. Da Gandria a Montr\u00e9al, da Citt\u00e0 del Messico a Lugano, Walther e Anita Sievi hanno raccolto minuziosamente immagini, parole e suoni per quasi un anno e poi, insieme ad Antonio Vergamini, hanno disegnato un film che \u00e8 innanzitutto un modo di ringraziare Ana per le emozioni di questo tempo passato insieme.<\/p>\n<p>&nbsp;<\/p>\n<p>Sceneggiatura e regia: Antonio Vergamini<\/p>\n<p>Camera e montaggio: Walther Sievi<\/p>\n<p>Presa suono: Anita Sievi<\/p>\n<p>Musiche: Maria Bonzanigo (selezione effettuata fra le musiche di scena degli spettacoli Visitatio e Te amo)<\/p>\n<p>Missaggio: Graziano Monzeglio<\/p>\n<p>Produzione: Compagnia Finzi Pasca e Atelier Sievi<\/p>\n<p>In coproduzione con: RSI Radiotelevisione svizzera<\/p>\n<p>In collaborazione con: Associazione Culturale Longuel<\/p>\n<p>Le scene teatrali sono dello spettacolo Visitatio, scritto e diretto da Daniele Finzi Pasca e prodotto da Compagnia Finzi Pasca e Carbone 14.<\/p>\n<p>&nbsp;<\/p>\n<p>2010: <em>Ana\u00a0<\/em>riceve il primo premio come \u201cMiglior documentario\u201d al Festival internazionale del documentario d\u2019Abruzzo (Italia).<\/p>\n<p>&nbsp;<\/p>\n","protected":false},"excerpt":{"rendered":"<p>Ana<\/p>\n<p>by Antonio Vergamini and Walther Sievi<\/p>\n","protected":false},"featured_media":18357,"template":"","meta":{"_acf_changed":false},"product_brand":[],"product_cat":[281],"product_tag":[],"class_list":{"0":"post-18356","1":"product","2":"type-product","3":"status-publish","4":"has-post-thumbnail","6":"product_cat-non-categorizzato","8":"first","9":"instock","10":"shipping-taxable","11":"purchasable","12":"product-type-simple"},"acf":[],"_links":{"self":[{"href":"https:\/\/finzipasca.com\/it\/wp-json\/wp\/v2\/product\/18356","targetHints":{"allow":["GET"]}}],"collection":[{"href":"https:\/\/finzipasca.com\/it\/wp-json\/wp\/v2\/product"}],"about":[{"href":"https:\/\/finzipasca.com\/it\/wp-json\/wp\/v2\/types\/product"}],"wp:featuredmedia":[{"embeddable":true,"href":"https:\/\/finzipasca.com\/it\/wp-json\/wp\/v2\/media\/18357"}],"wp:attachment":[{"href":"https:\/\/finzipasca.com\/it\/wp-json\/wp\/v2\/media?parent=18356"}],"wp:term":[{"taxonomy":"product_brand","embeddable":true,"href":"https:\/\/finzipasca.com\/it\/wp-json\/wp\/v2\/product_brand?post=18356"},{"taxonomy":"product_cat","embeddable":true,"href":"https:\/\/finzipasca.com\/it\/wp-json\/wp\/v2\/product_cat?post=18356"},{"taxonomy":"product_tag","embeddable":true,"href":"https:\/\/finzipasca.com\/it\/wp-json\/wp\/v2\/product_tag?post=18356"}],"curies":[{"name":"wp","href":"https:\/\/api.w.org\/{rel}","templated":true}]}}