{"id":15686,"date":"2013-02-19T08:05:41","date_gmt":"2013-02-19T07:05:41","guid":{"rendered":"https:\/\/finzipasca.com\/product\/unbelgiocare-dvd\/"},"modified":"2019-12-19T13:56:18","modified_gmt":"2019-12-19T12:56:18","slug":"unbelgiocare-dvd","status":"publish","type":"product","link":"https:\/\/finzipasca.com\/it\/prodotto\/unbelgiocare-dvd\/","title":{"rendered":"Unbelgiocare DVD"},"content":{"rendered":"<p>Un film documentario di Mohammed Soudani<br \/>\nMusiche: Maria Bonzanigo<br \/>\nMontaggio: Giorgio Garini<br \/>\nPresa suono e missaggio: Roberto Leuzinger<br \/>\nProduzione: Amka Films in coproduzione con RSI Radiotelevisione Svizzera <\/p>\n<p>Il DVD \u00e8 in italiano e in altre lingue. Sono disponibili due versioni: una con i sottotitoli in italiano e una con sottotitoli in inglese.<\/p>\n<p>Dal Canada all\u2019Europa ed in America, il documentario \u201cUnbelgiocare\u201d vi porta dietro le quinte di Icaro, Rain, Nebbia, Donka alla scoperta della profonda umanit\u00e0 e incredibile magia di Daniele Finzi Pasca. Il mio \u00e8 un viaggio a 360 gradi in compagnia di una persona straordinaria che definirei &#8220;il pi\u00f9 grande fabbricante di sogni al mondo&#8221;.<br \/>\n<em>Mohammed Soudani.<\/em><\/p>\n","protected":false},"excerpt":{"rendered":"<p>Un film documentario di Mohammed Soudani Musiche: Maria Bonzanigo Montaggio: Giorgio Garini Presa suono e missaggio: Roberto Leuzinger Produzione: Amka Films in coproduzione con RSI Radiotelevisione Svizzera Il DVD \u00e8 in italiano e in altre lingue. Sono disponibili due versioni: una con i sottotitoli in italiano e una con sottotitoli in inglese. Dal Canada all\u2019Europa ed in America, il documentario \u201cUnbelgiocare\u201d vi porta dietro le quinte di Icaro, Rain, Nebbia, Donka alla scoperta della profonda umanit\u00e0 e incredibile magia di Daniele Finzi Pasca. Il mio \u00e8 un viaggio a 360 gradi in compagnia di una persona straordinaria che definirei &#8220;il pi\u00f9 grande fabbricante di sogni al mondo&#8221;. Mohammed Soudani.<\/p>\n","protected":false},"featured_media":14224,"template":"","meta":{"_acf_changed":false},"product_brand":[],"product_cat":[281],"product_tag":[],"class_list":{"0":"post-15686","1":"product","2":"type-product","3":"status-publish","4":"has-post-thumbnail","6":"product_cat-non-categorizzato","7":"product_shipping_class-dvd-it","9":"first","10":"instock","11":"shipping-taxable","12":"purchasable","13":"product-type-simple"},"acf":[],"_links":{"self":[{"href":"https:\/\/finzipasca.com\/it\/wp-json\/wp\/v2\/product\/15686","targetHints":{"allow":["GET"]}}],"collection":[{"href":"https:\/\/finzipasca.com\/it\/wp-json\/wp\/v2\/product"}],"about":[{"href":"https:\/\/finzipasca.com\/it\/wp-json\/wp\/v2\/types\/product"}],"wp:featuredmedia":[{"embeddable":true,"href":"https:\/\/finzipasca.com\/it\/wp-json\/wp\/v2\/media\/14224"}],"wp:attachment":[{"href":"https:\/\/finzipasca.com\/it\/wp-json\/wp\/v2\/media?parent=15686"}],"wp:term":[{"taxonomy":"product_brand","embeddable":true,"href":"https:\/\/finzipasca.com\/it\/wp-json\/wp\/v2\/product_brand?post=15686"},{"taxonomy":"product_cat","embeddable":true,"href":"https:\/\/finzipasca.com\/it\/wp-json\/wp\/v2\/product_cat?post=15686"},{"taxonomy":"product_tag","embeddable":true,"href":"https:\/\/finzipasca.com\/it\/wp-json\/wp\/v2\/product_tag?post=15686"}],"curies":[{"name":"wp","href":"https:\/\/api.w.org\/{rel}","templated":true}]}}