{"id":15680,"date":"2013-02-19T08:49:04","date_gmt":"2013-02-19T07:49:04","guid":{"rendered":"https:\/\/finzipasca.com\/product\/theatre-of-the-caress-book\/"},"modified":"2019-12-19T13:56:16","modified_gmt":"2019-12-19T12:56:16","slug":"teatro-della-carezza-libro","status":"publish","type":"product","link":"https:\/\/finzipasca.com\/it\/prodotto\/teatro-della-carezza-libro\/","title":{"rendered":"Teatro della carezza &#8211; Libro"},"content":{"rendered":"<p>Un libro di Facundo Ponce de Leon Edizione Compagnia Finzi Pasca &#8220;Questo libro \u00e8 il risultato di una serie di colloqui con Daniele Finzi Pasca realizzati a Magadino, a partire da un\u2019idea di Julie Hamelin. Ho cercato di mantenere lo spirito degli incontri: domande e risposte che tornano sempre sulle stesse questioni: la vita, la clowneria, la scena. Un viaggio circolare. Un tentativo di spiare nella cucina di un creatore. Daniele \u00e8 custode del mistero, non per nascondere ma per raccontare attraverso storie minuscole, piccoli abilit\u00e0 di guerrieri solitari, di eroi perdenti.&#8221; <em>Facundo Ponce de Le\u00f3n.<\/em><\/p>\n<p>136 pages ISBN: 978-9974-96-942-1<\/p>\n","protected":false},"excerpt":{"rendered":"<p>Un libro di Facundo Ponce de Leon Edizione Compagnia Finzi Pasca &#8220;Questo libro \u00e8 il risultato di una serie di colloqui con Daniele Finzi Pasca realizzati a Magadino, a partire da un\u2019idea di Julie Hamelin. Ho cercato di mantenere lo spirito degli incontri: domande e risposte che tornano sempre sulle stesse questioni: la vita, la clowneria, la scena. Un viaggio circolare. Un tentativo di spiare nella cucina di un creatore. Daniele \u00e8 custode del mistero, non per nascondere ma per raccontare attraverso storie minuscole, piccoli abilit\u00e0 di guerrieri solitari, di eroi perdenti.&#8221; Facundo Ponce de Le\u00f3n. 136 pages ISBN: 978-9974-96-942-1<\/p>\n","protected":false},"featured_media":14204,"template":"","meta":{"_acf_changed":false},"product_brand":[],"product_cat":[281],"product_tag":[],"class_list":{"0":"post-15680","1":"product","2":"type-product","3":"status-publish","4":"has-post-thumbnail","6":"product_cat-non-categorizzato","7":"product_shipping_class-libro-it","8":"pif-has-gallery","10":"first","11":"instock","12":"shipping-taxable","13":"purchasable","14":"product-type-variable"},"acf":[],"_links":{"self":[{"href":"https:\/\/finzipasca.com\/it\/wp-json\/wp\/v2\/product\/15680","targetHints":{"allow":["GET"]}}],"collection":[{"href":"https:\/\/finzipasca.com\/it\/wp-json\/wp\/v2\/product"}],"about":[{"href":"https:\/\/finzipasca.com\/it\/wp-json\/wp\/v2\/types\/product"}],"wp:featuredmedia":[{"embeddable":true,"href":"https:\/\/finzipasca.com\/it\/wp-json\/wp\/v2\/media\/14204"}],"wp:attachment":[{"href":"https:\/\/finzipasca.com\/it\/wp-json\/wp\/v2\/media?parent=15680"}],"wp:term":[{"taxonomy":"product_brand","embeddable":true,"href":"https:\/\/finzipasca.com\/it\/wp-json\/wp\/v2\/product_brand?post=15680"},{"taxonomy":"product_cat","embeddable":true,"href":"https:\/\/finzipasca.com\/it\/wp-json\/wp\/v2\/product_cat?post=15680"},{"taxonomy":"product_tag","embeddable":true,"href":"https:\/\/finzipasca.com\/it\/wp-json\/wp\/v2\/product_tag?post=15680"}],"curies":[{"name":"wp","href":"https:\/\/api.w.org\/{rel}","templated":true}]}}