{"id":15662,"date":"2013-09-19T17:01:23","date_gmt":"2013-09-19T15:01:23","guid":{"rendered":"https:\/\/finzipasca.com\/product\/cd-la-verita\/"},"modified":"2019-12-19T13:55:59","modified_gmt":"2019-12-19T12:55:59","slug":"cd-la-verita","status":"publish","type":"product","link":"https:\/\/finzipasca.com\/it\/prodotto\/cd-la-verita\/","title":{"rendered":"CD La Verit\u00e0"},"content":{"rendered":"<div class=\"compact_audio_player_wrapper\"><div class=\"sc_player_container1\"><input type=\"button\" id=\"btnplay_69f6f628633da4.18780288\" class=\"myButton_play\" onClick=\"play_mp3('play','69f6f628633da4.18780288','https:\/\/finzipasca.com\/wp-content\/uploads\/mp3\/Varieta-Verita.mp3','80','false');show_hide('play','69f6f628633da4.18780288');\" \/><input type=\"button\"  id=\"btnstop_69f6f628633da4.18780288\" style=\"display:none\" class=\"myButton_stop\" onClick=\"play_mp3('stop','69f6f628633da4.18780288','','80','false');show_hide('stop','69f6f628633da4.18780288');\" \/><div id=\"sm2-container\"><!-- flash movie ends up here --><\/div><\/div><\/div> Variet\u00e0 Verit\u00e0<\/p>\n<div class=\"compact_audio_player_wrapper\"><div class=\"sc_player_container1\"><input type=\"button\" id=\"btnplay_69f6f628664f70.32727194\" class=\"myButton_play\" onClick=\"play_mp3('play','69f6f628664f70.32727194','https:\/\/finzipasca.com\/wp-content\/uploads\/mp3\/I%20Menestrelli%20Stelle%20ne%20Miri%20I.mp3','80','false');show_hide('play','69f6f628664f70.32727194');\" \/><input type=\"button\"  id=\"btnstop_69f6f628664f70.32727194\" style=\"display:none\" class=\"myButton_stop\" onClick=\"play_mp3('stop','69f6f628664f70.32727194','','80','false');show_hide('stop','69f6f628664f70.32727194');\" \/><div id=\"sm2-container\"><!-- flash movie ends up here --><\/div><\/div><\/div> I Menestrelli &#8211; Stelle ne Miri &#8211; I<\/p>\n<div class=\"compact_audio_player_wrapper\"><div class=\"sc_player_container1\"><input type=\"button\" id=\"btnplay_69f6f62869f466.15192034\" class=\"myButton_play\" onClick=\"play_mp3('play','69f6f62869f466.15192034','https:\/\/finzipasca.com\/wp-content\/uploads\/mp3\/Nac%20Nac%20Varieta.mp3','80','false');show_hide('play','69f6f62869f466.15192034');\" \/><input type=\"button\"  id=\"btnstop_69f6f62869f466.15192034\" style=\"display:none\" class=\"myButton_stop\" onClick=\"play_mp3('stop','69f6f62869f466.15192034','','80','false');show_hide('stop','69f6f62869f466.15192034');\" \/><div id=\"sm2-container\"><!-- flash movie ends up here --><\/div><\/div><\/div> Nac Nac Variet\u00e0<\/p>\n<div class=\"compact_audio_player_wrapper\"><div class=\"sc_player_container1\"><input type=\"button\" id=\"btnplay_69f6f6286dd8a7.22367580\" class=\"myButton_play\" onClick=\"play_mp3('play','69f6f6286dd8a7.22367580','https:\/\/finzipasca.com\/wp-content\/uploads\/mp3\/Agnus%20Dei%20II.mp3','80','false');show_hide('play','69f6f6286dd8a7.22367580');\" \/><input type=\"button\"  id=\"btnstop_69f6f6286dd8a7.22367580\" style=\"display:none\" class=\"myButton_stop\" onClick=\"play_mp3('stop','69f6f6286dd8a7.22367580','','80','false');show_hide('stop','69f6f6286dd8a7.22367580');\" \/><div id=\"sm2-container\"><!-- flash movie ends up here --><\/div><\/div><\/div> Agnus Dei II<\/p>\n<p>&nbsp;<\/p>\n<p>musiche di Maria Bonzanigo<br \/>\ntesti di Daniele Finzi Pasca<\/p>\n<p>prodotto da Maria Bonzanigo e Davy Gallant<\/p>\n<p>partitura orchestrale:<br \/>\nProduzione musicale della RSI Radiotelevisione svizzera<br \/>\nEsecuzione dell&rsquo;Orchestra della Svizzera italiana OSI<br \/>\ndiretta da Philippe Bach<br \/>\ncon la partecipazione della mezzosoprano Yi Ping Li<br \/>\ningegnere del suono e mix Manuel Veronesi<\/p>\n<p>musica dal vivo eseguita dagli interpreti dello spettacolo<br \/>\nproduzione musicale della Compagnia Finzi Pasca<br \/>\ningegnere del suono Davy Gallant<br \/>\nregistrato presso lo Studio King, Greenfield Park, QC<br \/>\nassistito da Paul Campagne e presso lo Dogger Pond Studio, Drummondville, QC<br \/>\ningegnere del suono, effetti e mix Davy Gallant assistito da Paul Campagne<br \/>\nl&rsquo;arpa di cristallo &egrave; stata registrata presso la Place des Arts, Montr&eacute;al, QC<\/p>\n<p>l&rsquo;arpa di cristallo &egrave; stata prodotta da Robert Tiso<\/p>\n<p>mix finale e mastering di Davy Gallant nel Dogger Pond Studio, Drummondville, QC<\/p>\n<p>project manager<br \/>\nMarc Andr&eacute; Goyer, Anna Locatelli e Tanja Stojanovic<\/p>\n<p>grafica Viviana Cangialosi<\/p>\n","protected":false},"excerpt":{"rendered":"<p>Variet\u00e0 Verit\u00e0 I Menestrelli &#8211; Stelle ne Miri &#8211; I Nac Nac Variet\u00e0 Agnus Dei II &nbsp; musiche di Maria Bonzanigo testi di Daniele Finzi Pasca prodotto da Maria Bonzanigo e Davy Gallant partitura orchestrale: Produzione musicale della RSI Radiotelevisione svizzera Esecuzione dell&rsquo;Orchestra della Svizzera italiana OSI diretta da Philippe Bach con la partecipazione della mezzosoprano Yi Ping Li ingegnere del suono e mix Manuel Veronesi musica dal vivo eseguita dagli interpreti dello spettacolo produzione musicale della Compagnia Finzi Pasca ingegnere del suono Davy Gallant registrato presso lo Studio King, Greenfield Park, QC assistito da Paul Campagne e presso lo Dogger Pond Studio, Drummondville, QC ingegnere del suono, effetti e mix Davy Gallant assistito da Paul Campagne l&rsquo;arpa di cristallo &egrave; stata registrata presso la Place des Arts, Montr&eacute;al, QC l&rsquo;arpa di cristallo &egrave; stata prodotta da Robert Tiso mix finale e mastering di Davy Gallant nel Dogger Pond Studio, Drummondville, QC project manager Marc Andr&eacute; Goyer, Anna Locatelli e Tanja Stojanovic grafica Viviana Cangialosi<\/p>\n","protected":false},"featured_media":14136,"template":"","meta":{"_acf_changed":false},"product_brand":[],"product_cat":[281],"product_tag":[],"class_list":{"0":"post-15662","1":"product","2":"type-product","3":"status-publish","4":"has-post-thumbnail","6":"product_cat-non-categorizzato","7":"product_shipping_class-cd-it","9":"first","10":"instock","11":"shipping-taxable","12":"purchasable","13":"product-type-simple"},"acf":[],"_links":{"self":[{"href":"https:\/\/finzipasca.com\/it\/wp-json\/wp\/v2\/product\/15662","targetHints":{"allow":["GET"]}}],"collection":[{"href":"https:\/\/finzipasca.com\/it\/wp-json\/wp\/v2\/product"}],"about":[{"href":"https:\/\/finzipasca.com\/it\/wp-json\/wp\/v2\/types\/product"}],"wp:featuredmedia":[{"embeddable":true,"href":"https:\/\/finzipasca.com\/it\/wp-json\/wp\/v2\/media\/14136"}],"wp:attachment":[{"href":"https:\/\/finzipasca.com\/it\/wp-json\/wp\/v2\/media?parent=15662"}],"wp:term":[{"taxonomy":"product_brand","embeddable":true,"href":"https:\/\/finzipasca.com\/it\/wp-json\/wp\/v2\/product_brand?post=15662"},{"taxonomy":"product_cat","embeddable":true,"href":"https:\/\/finzipasca.com\/it\/wp-json\/wp\/v2\/product_cat?post=15662"},{"taxonomy":"product_tag","embeddable":true,"href":"https:\/\/finzipasca.com\/it\/wp-json\/wp\/v2\/product_tag?post=15662"}],"curies":[{"name":"wp","href":"https:\/\/api.w.org\/{rel}","templated":true}]}}