{"id":730,"date":"2012-03-16T16:23:01","date_gmt":"2012-03-16T14:23:01","guid":{"rendered":"https:\/\/finzipasca.com\/?page_id=730"},"modified":"2020-03-11T16:27:55","modified_gmt":"2020-03-11T15:27:55","slug":"julie-hamelin","status":"publish","type":"page","link":"https:\/\/finzipasca.com\/it\/compagnia\/team\/julie-hamelin\/","title":{"rendered":"Julie Hamelin Finzi"},"content":{"rendered":"<div class=\"wpb-content-wrapper\"><p>[vc_row][vc_column]<div class=\"video-embed  wpb_content_element\"><iframe loading=\"lazy\" title=\"Julie\" src=\"https:\/\/player.vimeo.com\/video\/166712908?dnt=1&amp;app_id=122963\" width=\"1161\" height=\"653\" frameborder=\"0\" allow=\"autoplay; fullscreen; picture-in-picture; clipboard-write; encrypted-media; web-share\" referrerpolicy=\"strict-origin-when-cross-origin\"><\/iframe><\/div>[vc_column_text]<\/p>\n<h3>Julie Hamelin Finzi, co-fondatrice della Compagnia Finzi Pasca\u00a0(Montr\u00e9al, Canada 1972 \u2013 Lugano, Svizzera 2016)<\/h3>\n<p>Ideatrice, autrice, direttrice di creazione, produttrice e responsabile dello sviluppo internazionale.<\/p>\n<hr \/>\n<p>Care amiche, Cari amici,<br \/>\nCon la tristezza nel cuore annunciamo la partenza della nostra cara Julie avvenuta la mattina di sabato 14 maggio 2016 a Lugano.<br \/>\nVi ringraziamo di cuore per tutte le preghiere e gli auguri di guarigione, l&#8217;appoggio e l&#8217;amore dimostrato in modo particolare questo ultimo anno. Tutta questa bella energia accompagna Julie nel suo viaggio e riempie il cuore di Daniele.<\/p>\n<p style=\"text-align: center;\"><img loading=\"lazy\" decoding=\"async\" class=\"alignnone size-medium wp-image-11638\" src=\"https:\/\/finzipasca.com\/wp-content\/uploads\/2016\/05\/julie1-300x300.png\" alt=\"julie1\" width=\"300\" height=\"300\" srcset=\"https:\/\/finzipasca.com\/wp-content\/uploads\/2016\/05\/julie1-300x300.png 300w, https:\/\/finzipasca.com\/wp-content\/uploads\/2016\/05\/julie1-100x100.png 100w, https:\/\/finzipasca.com\/wp-content\/uploads\/2016\/05\/julie1-600x601.png 600w, https:\/\/finzipasca.com\/wp-content\/uploads\/2016\/05\/julie1-768x769.png 768w, https:\/\/finzipasca.com\/wp-content\/uploads\/2016\/05\/julie1-80x80.png 80w, https:\/\/finzipasca.com\/wp-content\/uploads\/2016\/05\/julie1-500x500.png 500w, https:\/\/finzipasca.com\/wp-content\/uploads\/2016\/05\/julie1.png 993w\" sizes=\"auto, (max-width: 300px) 100vw, 300px\" \/><\/p>\n<hr \/>\n<p><img loading=\"lazy\" decoding=\"async\" class=\" wp-image-10771 size-full alignleft\" title=\"Julie Hamelin Finzi\" src=\"https:\/\/finzipasca.com\/wp-content\/uploads\/2012\/10\/Julie.png\" alt=\"\" width=\"142\" height=\"191\" \/><\/p>\n<p>Julie Hamelin Finzi ha maturato un\u2019esperienza di oltre 20 anni nell\u2019ambito dello spettacolo e del mondo circense contemporaneo. A 21 anni co-fonda il Cirque \u00c9loize (compagnia leader del genere circense, con base a Montr\u00e9al, Canada), permettendo successivamente alla compagnia di presentare diversi suoi spettacoli sui palcoscenici pi\u00f9 rinomati al mondo. Nel 2001 incontra Daniele Finzi Pasca con il quale avvia una ricca collaborazione artistica e personale.\u00a0 Nel 2006 \u00e8 membro del team di creazione della Cerimonia di chiusura dei Giochi Olimpici di Torino. Nel 2009 Julie e Daniele fondano Inlevitas, compagnia creata per dare vita a nuovi progetti artistici quali l\u2019opera, il teatro acrobatico e il documentario (primo progetto: <em>L\u2019Amour\u00a0<\/em><em>de Loin <\/em>per la English National Opera di Londra, 2009). Nel 2009 -\u00ad2010 Julie \u00e8 co-creatrice di\u00a0<em>Donka. Una lettera a\u00a0<\/em>\u010cechov<em>,\u00a0<\/em>una produzione della Compagnia Finzi Pasca e del Chekhov International \u00a0Theatre \u00a0Festival\u00a0in\u00a0co-produzione \u00a0con\u00a0il\u00a0Teatro \u00a0Vidy-\u00adLausanne, creata per il 150\u00b0 anniversario dello scrittore russo Anton \u010cechov.<\/p>\n<p>Nel 2011, insieme ad Antonio\u00a0Vergamini, Daniele Finzi Pasca,\u00a0Hugo Gargiulo e\u00a0Maria\u00a0Bonzanigo, co-fonda la Compagnia Finzi Pasca, una nuova struttura che unisce i destini del Teatro Sunil e di Inlevitas. Quello stesso anno \u00e8 co-creatrice per l\u2019opera <em>Aida\u00a0<\/em>di Giuseppe Verdi, una produzione del Teatro Mariinskya San Pietroburgo, e di <em>Pagliacci\u00a0<\/em>di Ruggero Leoncavallo, una produzione del Teatro San Carlo di Napoli presentata l\u2019anno successivo al Mariinsky. Per <em>La Verit\u00e0\u00a0<\/em>(2013), Julie \u00e8 co-autrice, direttrice di creazione, produttrice, occupandosi anche dello sviluppo internazionale. Nel 2013-2014 \u00e8 co-direttrice artistica della <em>Cerimonia di chiusura\u00a0<\/em>dei Giochi Olimpici e della <em>Cerimonia d\u2019apertura\u00a0<\/em>dei Giochi Paralimpici di Sochi (Russia). Nel 2014 \u00e8 direttrice di creazione e produttrice di <em>Bianco su Bianco\u00a0<\/em>e inizia a lavorare allo spettacolo della <em>F\u00eate des Vignerons\u00a0<\/em>(2019), una manifestazione che si svolge quattro volte al secolo a Vevey (Svizzera); nel 2015-2016 \u00e8 co-autrice di <em>Luzia\u00a0<\/em>per il Cirque du Soleil. Il suo ultimo prezioso contributo \u00e8 stato per <em>Montr\u00e9al Avudo<\/em>, un omaggio poetico alla citt\u00e0 natale di Julie, Montr\u00e9al, per il suo 375<sup>mo <\/sup>anniversario (2017). Uno spettacolo di grande successo che ha debuttato poco dopo la sua scomparsa. Lo spettacolo <em>Per te\u00a0<\/em>(2016), prodotto dalla Compagnia Finzi Pasca, \u00e8 stato dedicato alla sua memoria.<\/p>\n<p>Gli spettacoli <em>Nomade <\/em>e <em>Rain\u00a0<\/em>(scritti e messi in scena da Daniele per il Cirque \u00c9loize nel 2002 e 2004), di cui Julie \u00e8 creative director e produttrice di creazione, ricevono dei prestigiosi riconoscimenti: il premio come \u201cMiglior DVD di uno spettacolo\u201d e 2 <em>nomination\u00a0<\/em>ai Gemini Awards (Canada) nel 2005 per <em>Nomade; <\/em>una\u00a0<em>nomination <\/em>come\u00a0\u201cBest Touring Production of the Year Theatre Award\u201d in Gran Bretagna nel 2005 e un\u2019altra nomination come \u201cBest Show\u201d al Broadway Drama Desk Award nel 2006 \u00a0per <em>Rain<\/em>.[\/vc_column_text][\/vc_column][\/vc_row]<\/p>\n<\/div>","protected":false},"excerpt":{"rendered":"<p>[vc_row][vc_column][vc_column_text] Julie Hamelin Finzi, co-fondatrice della Compagnia Finzi Pasca\u00a0(Montr\u00e9al, Canada 1972 \u2013 Lugano, Svizzera 2016) Ideatrice, autrice, direttrice di creazione, produttrice e responsabile dello sviluppo internazionale. Care amiche, Cari amici, Con la tristezza nel cuore annunciamo la partenza della nostra cara Julie avvenuta la mattina di sabato 14 maggio 2016 a Lugano. Vi ringraziamo di cuore per tutte le preghiere e gli auguri di guarigione, l&#8217;appoggio e l&#8217;amore dimostrato in modo particolare questo ultimo anno. Tutta questa bella energia accompagna Julie nel suo viaggio e riempie il cuore di Daniele. Julie Hamelin Finzi ha maturato un\u2019esperienza di oltre 20 anni nell\u2019ambito dello spettacolo e del mondo circense contemporaneo. A 21 anni co-fonda il Cirque \u00c9loize (compagnia leader del genere circense, con base a Montr\u00e9al, Canada), permettendo successivamente alla compagnia di presentare diversi suoi spettacoli sui palcoscenici pi\u00f9 rinomati al mondo. Nel 2001 incontra Daniele Finzi Pasca con il quale avvia una ricca collaborazione artistica e personale.\u00a0 Nel 2006 \u00e8 membro del team di creazione della Cerimonia di chiusura dei Giochi Olimpici di Torino. Nel 2009 Julie e Daniele fondano Inlevitas, compagnia creata per dare vita a nuovi progetti artistici quali l\u2019opera, il teatro acrobatico e il documentario (primo progetto: L\u2019Amour\u00a0de [&hellip;]<\/p>\n","protected":false},"author":80,"featured_media":0,"parent":74,"menu_order":15,"comment_status":"open","ping_status":"open","template":"","meta":{"_acf_changed":false,"footnotes":""},"class_list":["post-730","page","type-page","status-publish","hentry"],"acf":[],"_links":{"self":[{"href":"https:\/\/finzipasca.com\/it\/wp-json\/wp\/v2\/pages\/730","targetHints":{"allow":["GET"]}}],"collection":[{"href":"https:\/\/finzipasca.com\/it\/wp-json\/wp\/v2\/pages"}],"about":[{"href":"https:\/\/finzipasca.com\/it\/wp-json\/wp\/v2\/types\/page"}],"author":[{"embeddable":true,"href":"https:\/\/finzipasca.com\/it\/wp-json\/wp\/v2\/users\/80"}],"replies":[{"embeddable":true,"href":"https:\/\/finzipasca.com\/it\/wp-json\/wp\/v2\/comments?post=730"}],"version-history":[{"count":0,"href":"https:\/\/finzipasca.com\/it\/wp-json\/wp\/v2\/pages\/730\/revisions"}],"up":[{"embeddable":true,"href":"https:\/\/finzipasca.com\/it\/wp-json\/wp\/v2\/pages\/74"}],"wp:attachment":[{"href":"https:\/\/finzipasca.com\/it\/wp-json\/wp\/v2\/media?parent=730"}],"curies":[{"name":"wp","href":"https:\/\/api.w.org\/{rel}","templated":true}]}}