{"id":715,"date":"2012-03-16T16:16:57","date_gmt":"2012-03-16T14:16:57","guid":{"rendered":"https:\/\/finzipasca.com\/?page_id=715"},"modified":"2024-11-28T14:40:07","modified_gmt":"2024-11-28T13:40:07","slug":"daniele-finzi-pasca","status":"publish","type":"page","link":"https:\/\/finzipasca.com\/it\/compagnia\/team\/daniele-finzi-pasca\/","title":{"rendered":"Daniele Finzi Pasca"},"content":{"rendered":"<h3>Daniele Finzi Pasca (Lugano, Svizzera), co-fondatore della Compagnia Finzi Pasca<\/h3>\n<p>Autore, regista, coreografo, designer luci e attore<\/p>\n<p><a href=\"https:\/\/finzipasca.com\/wp-content\/uploads\/2012\/10\/Daniele.png\"><img loading=\"lazy\" decoding=\"async\" class=\" wp-image-10753 size-full alignleft\" title=\"Daniele Finzi Pasca\" src=\"https:\/\/finzipasca.com\/wp-content\/uploads\/2012\/10\/Daniele.png\" alt=\"\" width=\"142\" height=\"213\" \/><\/a><\/p>\n<p>Daniele Finzi Pasca si muove contemporaneamente in tre mondi: quello della regia teatrale, delle arti della scena e della clowneria. Nato in una famiglia immersa nell\u2019arte, inizia la sua carriera come ginnasta e diventa un artista di circo prima di entrare nel mondo del teatro. Nel 1983 parte per l\u2019India come volontario, occupandosi di malati terminali a Calcutta. Al suo ritorno in Svizzera, con suo fratello Marco e Maria Bonzanigo fonda la compagnia Teatro Sunil e con essa la sua particolare visione della clowneria, della danza e del teatro: una tecnica teatrale che battezzano \u201cTeatro della carezza\u201d. Con il Teatro Sunil crea e dirige circa 30 spettacoli che rappresentano un profondo senso di umanit\u00e0 e giocosit\u00e0, presentati in oltre venti paesi. Nel 1991 scrive <em>Icaro<\/em>, un monologo immaginato per un solo spettatore che lui stesso porta in scena quasi 800 volte in 6 lingue e tuttora in tourn\u00e9e. Nel 2009, con Julie Hamelin (sua moglie scomparsa nel 2016) fonda Inlevitas, al fine di creare e sviluppare vari progetti artistici, di cui l\u2019opera <em>L\u2019<\/em><em>Amour<\/em><em> de <\/em><em>Loin<\/em> (Love from Afar<em>)<\/em> per la English National Opera di Londra \u00e8 la prima produzione.<\/p>\n<p>Nel 2011, insieme ad Antonio Vergamini, Hugo Gargiulo, Julie Hamelin Finzi e Maria Bonzanigo, \u00e8 cofondatore della Compagnia Finzi Pasca con sede a Lugano (Svizzera),\u00a0per la quale crea e dirige pi\u00f9 di 40 spettacoli: 3 Cerimonie olimpiche (Torino 2006 e Sochi 2014, i Giochi Olimpici e Paralimpici), 2 spettacoli per il Cirque\u00a0du Soleil (<em>Luzia<\/em><em>\u00a0<\/em>nel 2016 e <em>Corteo<\/em> nel 2005 con oltre\u00a010 milioni di spettatori), 8 opere liriche di cui <em>Aida<\/em> e il <em>Requiem<\/em> di Verdi, entrate ufficialmente nel repertorio del Teatro Mariinskij di San Pietroburgo; <em>Carmen<\/em> e <em>Pagliacci<\/em> al Teatro San Carlo di Napoli, <em>L\u2019<\/em><em>Amour<\/em><em> de <\/em><em>loin<\/em> per l\u2019English National Opera di Londra, <em>Einstein on the Beach<\/em><em>\u00a0<\/em>che ha aperto<em>\u00a0<\/em>la stagione 2019\/2020 al Grand Th\u00e9\u00e2tre de Gen\u00e8ve, <em>Les<\/em><em>\u00a0<\/em><em>contes<\/em><em> d&#8217;Hoffmann<\/em> per la Hamburg Staatsoper\u00a0nel 2021 e <em>Mar\u00eda<\/em><em> de Buenos Aires<\/em> al Grand Th\u00e9\u00e2tre di Ginevra nell\u2019ottobre del 2023.<\/p>\n<p>Nel 2024 ha diretto <em>l\u2019opera Zarqa Al Yamama <\/em>presso il <em>\u00a0<\/em><em>King <\/em><em>Fahad<\/em><em> Cultural Centre<\/em><em>\u00a0<\/em>di Riyadh in Arabia Saudita.<\/p>\n<p>Tra i grandi eventi la Compagnia ha prodotto nel 2017 <em>Montr\u00e9al <\/em><em>Avudo<\/em>, spettacolo multimediale commissionato dalla citt\u00e0 canadese che unisce <em>video mapping<\/em>, luci e fontane d\u2019acqua (249\u2019000 spettatori in 4 mesi) e nel 2019 <em>Abrazos<\/em> per la Feria Estatal de Le\u00f3n (Messico), un evento speciale dedicato alle famiglie (pi\u00f9 di 200\u2019000 spettatori). Inoltre, il suo nucleo creativo ha fatto parte della F\u00eate\u00a0des\u00a0Vignerons\u00a02019, un grande evento che si svolge una volta ogni quarto di secolo a Vevey (Svizzera) per circa 375\u2019000 spettatori. Nel 2020 la Compagnia Finzi Pasca ha curato l\u2019allestimento artistico per l\u2019inaugurazione del pi\u00f9 grande organo della Russia, al Zaryadye Concert Hall di Mosca: un\u2019istallazione immersiva durante la quale 24 tra i migliori organisti al mondo si sono esibiti per 24 ore consecutive (circa 10\u2019000 visitatori).<\/p>\n<p>Attualmente 6 spettacoli della Compagnia sono in tourn\u00e9e: <em>Titiz\u00e9 \u2013 A Venetian Dream <\/em>(2024),<em> Nuda<\/em> (2021), <em>52 <\/em>(2021), <em>Luna Park \u2013 Come un giro di giostra<\/em> (2020), <em>Bianco su Bianco<\/em> (2014), e <em>Icaro<\/em> (1991).<\/p>\n<p>Nel 2022 Daniele scrive e dirige <em>Azul &#8211; <\/em><em>Gioia, Furia, Fede y Eterno Amor<\/em><em>\u00a0<\/em>con Stefano Accorsi, prodotto dal Nuovo Teatro di Marco Balsamo in coproduzione con la Fondazione Teatro della Toscana.<\/p>\n<p>Nel 2023 ha creato e diretto lo spettacolo di flamenco contemporaneo <em>Jaleos<\/em><em>\u00a0<\/em><em>Jondos<\/em>.<\/p>\n<p>Altri progetti internazionali sono in fase di preparazione con la Compagnia e con Inlevitas, di cui Melissa Vettore, sua moglie, \u00e8 collaboratrice artistica.<\/p>\n<p>Il percorso artistico di Daniele include diverse pubblicazioni letterarie (in sette lingue) tra cui racconti brevi, due drammaturgie dei suoi spettacoli, un romanzo, un racconto lungo e un libro-intervista di Facundo Ponce de Le\u00f3n,<em> Daniele Finzi Pasca. Teatro della carezza.<\/em><\/p>\n<p>Tra i numerosi riconoscimenti (come le 3 nomination a Broadway per <em>Rain<\/em><em>,<\/em> 2006), Daniele ha ricevuto il Montr\u00e9al English Critics\u00a0Circle Award (MECCA) 2009 per <em>Icaro<\/em>, l\u2019Anello Hans Reinhart (2012), la pi\u00f9 alta onorificenza del teatro in Svizzera \u201cper il contributo di una vita alle arti scenich&#8221;e, il Best Director of Circus Performance Award 2016 (Russia) per <em>La Verit\u00e0<\/em> e il Swiss Society Fellowship\u00a0Prize 2020 (USA). Nel 2021 Daniele riceve il premio \u201cMarco Borradori &#8211; In tutto ci\u00f2 che genera bellezza\u201d (Lugano, Svizzera).<\/p>\n","protected":false},"excerpt":{"rendered":"<p>Daniele Finzi Pasca (Lugano, Svizzera), co-fondatore della Compagnia Finzi Pasca Autore, regista, coreografo, designer luci e attore Daniele Finzi Pasca si muove contemporaneamente in tre mondi: quello della regia teatrale, delle arti della scena e della clowneria. Nato in una famiglia immersa nell\u2019arte, inizia la sua carriera come ginnasta e diventa un artista di circo prima di entrare nel mondo del teatro. Nel 1983 parte per l\u2019India come volontario, occupandosi di malati terminali a Calcutta. Al suo ritorno in Svizzera, con suo fratello Marco e Maria Bonzanigo fonda la compagnia Teatro Sunil e con essa la sua particolare visione della clowneria, della danza e del teatro: una tecnica teatrale che battezzano \u201cTeatro della carezza\u201d. Con il Teatro Sunil crea e dirige circa 30 spettacoli che rappresentano un profondo senso di umanit\u00e0 e giocosit\u00e0, presentati in oltre venti paesi. Nel 1991 scrive Icaro, un monologo immaginato per un solo spettatore che lui stesso porta in scena quasi 800 volte in 6 lingue e tuttora in tourn\u00e9e. Nel 2009, con Julie Hamelin (sua moglie scomparsa nel 2016) fonda Inlevitas, al fine di creare e sviluppare vari progetti artistici, di cui l\u2019opera L\u2019Amour de Loin (Love from Afar) per la English National Opera [&hellip;]<\/p>\n","protected":false},"author":80,"featured_media":815,"parent":74,"menu_order":5,"comment_status":"open","ping_status":"open","template":"","meta":{"_acf_changed":false,"footnotes":""},"class_list":["post-715","page","type-page","status-publish","has-post-thumbnail","hentry"],"acf":[],"_links":{"self":[{"href":"https:\/\/finzipasca.com\/it\/wp-json\/wp\/v2\/pages\/715","targetHints":{"allow":["GET"]}}],"collection":[{"href":"https:\/\/finzipasca.com\/it\/wp-json\/wp\/v2\/pages"}],"about":[{"href":"https:\/\/finzipasca.com\/it\/wp-json\/wp\/v2\/types\/page"}],"author":[{"embeddable":true,"href":"https:\/\/finzipasca.com\/it\/wp-json\/wp\/v2\/users\/80"}],"replies":[{"embeddable":true,"href":"https:\/\/finzipasca.com\/it\/wp-json\/wp\/v2\/comments?post=715"}],"version-history":[{"count":6,"href":"https:\/\/finzipasca.com\/it\/wp-json\/wp\/v2\/pages\/715\/revisions"}],"predecessor-version":[{"id":26456,"href":"https:\/\/finzipasca.com\/it\/wp-json\/wp\/v2\/pages\/715\/revisions\/26456"}],"up":[{"embeddable":true,"href":"https:\/\/finzipasca.com\/it\/wp-json\/wp\/v2\/pages\/74"}],"wp:featuredmedia":[{"embeddable":true,"href":"https:\/\/finzipasca.com\/it\/wp-json\/wp\/v2\/media\/815"}],"wp:attachment":[{"href":"https:\/\/finzipasca.com\/it\/wp-json\/wp\/v2\/media?parent=715"}],"curies":[{"name":"wp","href":"https:\/\/api.w.org\/{rel}","templated":true}]}}