{"id":25944,"date":"2024-06-26T18:32:48","date_gmt":"2024-06-26T16:32:48","guid":{"rendered":"https:\/\/finzipasca.com\/sul_teatro_della_carezza-copy\/"},"modified":"2024-06-27T17:40:36","modified_gmt":"2024-06-27T15:40:36","slug":"sul_teatro_della_carezza","status":"publish","type":"page","link":"https:\/\/finzipasca.com\/it\/sul_teatro_della_carezza\/","title":{"rendered":"Sul Teatro della Carezza 2024"},"content":{"rendered":"<div class=\"wpb-content-wrapper\"><p>[vc_row type=&#8221;full_width_section&#8221;][vc_column width=&#8221;1\/1&#8243;]<div class=\"single_image wpb_content_element align-left    \" data-animation=\"none\" data-delay=\"0\"><img loading=\"lazy\" decoding=\"async\" width=\"1920\" height=\"1280\" src=\"https:\/\/finzipasca.com\/wp-content\/uploads\/2024\/06\/foto-per-workshop-\u00a9CFP.jpg\" class=\"attachment-full\" alt=\"\" title=\"workshop \u00a9CFP\" srcset=\"https:\/\/finzipasca.com\/wp-content\/uploads\/2024\/06\/foto-per-workshop-\u00a9CFP.jpg 1920w, https:\/\/finzipasca.com\/wp-content\/uploads\/2024\/06\/foto-per-workshop-\u00a9CFP-300x200.jpg 300w, https:\/\/finzipasca.com\/wp-content\/uploads\/2024\/06\/foto-per-workshop-\u00a9CFP-1024x683.jpg 1024w, https:\/\/finzipasca.com\/wp-content\/uploads\/2024\/06\/foto-per-workshop-\u00a9CFP-768x512.jpg 768w, https:\/\/finzipasca.com\/wp-content\/uploads\/2024\/06\/foto-per-workshop-\u00a9CFP-1536x1024.jpg 1536w, https:\/\/finzipasca.com\/wp-content\/uploads\/2024\/06\/foto-per-workshop-\u00a9CFP-600x400.jpg 600w\" sizes=\"auto, (max-width: 1920px) 100vw, 1920px\" \/><\/div>[vc_row_inner][vc_column_inner]<h6 class=\"headline font-inherit fontsize-xxxxxl fontweight-600 lh-inherit align-center transform-inherit \" style=\"margin: 0 0 0 0;\">Sul Teatro della Carezza<\/h6>[\/vc_column_inner][\/vc_row_inner][\/vc_column][\/vc_row][vc_row][vc_column width=&#8221;1\/1&#8243;][vc_column_text]<\/p>\n<p style=\"text-align: center;\"><em>Laboratorio pratico sul<\/em> <em>gesto invisibile &#8211; Teatro, scenografia, coreografia, acrobazia e musica\u00a0<\/em><\/p>\n<p style=\"text-align: center;\">A cura di <strong>Compagnia Finzi Pasca &#8211; Ricerca e Formazione<\/strong><\/p>\n<p style=\"text-align: center;\">In collaborazione con LAC Lugano Arte e Cultura, nell\u2019ambito del programma LAC edu<\/p>\n<p style=\"text-align: center;\">Direzione generale del corso: <strong>Maria Bonzanigo<\/strong><\/p>\n<p style=\"text-align: center;\"><strong>\u00a0<\/strong><\/p>\n<p style=\"text-align: center;\">Dopo il successo dei laboratori degli scorsi anni, la Compagnia Finzi Pasca propone nuovamente\u00a0un laboratorio pratico sul <em>gesto invisibile<\/em>, tra coreografia, teatro e musica, che offrir\u00e0 l&#8217;opportunit\u00e0 ai partecipanti di accostarsi al metodo del Teatro della Carezza sviluppato dalla Compagnia Finzi Pasca, prima Teatro Sunil, dal 1983.<\/p>\n<p style=\"text-align: center;\"><strong>Informazioni<\/strong><\/p>\n<p style=\"text-align: center;\">Il laboratorio sar\u00e0 l\u2019occasione di riflettere sull\u2019equilibrio e sui principi che reggono il delicato intreccio tra lo spazio scenico, lo spazio sonoro e gli interpreti.<\/p>\n<p style=\"text-align: center;\">Il laboratorio pratico si articoler\u00e0\u00a0in una fase unica, <u>dal 19 al 21 agosto 2024.<\/u><br \/>\nE\u2019 richiesta la participazione a tutti e tre i giorni (non sar\u00e0 possibile iscriversi solo ad uno o due giorni).<\/p>\n<p style=\"text-align: center;\">Un gruppo di apprendimento avanzato verr\u00e0 formato con chi ha gi\u00e0 frequentato le edizioni precedenti.<\/p>\n<p style=\"text-align: center;\"><strong>Info &amp; Iscrizioni <\/strong><\/p>\n<p style=\"text-align: center;\">LAC Lugano Arte e Cultura<\/p>\n<p style=\"text-align: center;\">Luned\u00ec 19 agosto | h18:30 &#8211; 21:30<\/p>\n<p style=\"text-align: center;\">Marted\u00ec 20 agosto | h18:30 &#8211; 21:30<\/p>\n<p style=\"text-align: center;\">Mercoledi 21 agosto | h18:30 &#8211; 21:30<\/p>\n<p style=\"text-align: center;\"><u>Iscrizione obbligatoria, dal 1 al 31 luglio<\/u>, tramite il sito <a href=\"https:\/\/www.luganolac.ch\/it\/lac\/programma\/evento~lac-edu~23-24~a~CFP~teatro-carezza~.html\" target=\"_blank\" rel=\"noopener\">luganolac.ch\/workshop<\/a><\/p>\n<p style=\"text-align: center;\">\u00c8 richiesto un abbigliamento comodo e nero.<\/p>\n<p style=\"text-align: center;\"><strong>Il laboratorio pratico \u00e8 aperto\u00a0a tutti<\/strong><br \/>\nProfessionisti, amanti\u00a0e curiosi del teatro, della danza, della musica e dell\u2019acrobazia<\/p>\n<p style=\"text-align: center;\"><strong>Et\u00e0 minima 16 anni<br \/>\n<\/strong>Possibilit\u00e0 di eccezione previo invio di una lettera di motivazione all\u2019indirizzo: <a href=\"mailto:lac.edu@lugano.ch\">lac.edu@lugano.ch<\/a><\/p>\n<p>[\/vc_column_text]<div class=\"spacer\" style=\"height: 40px;\"><\/div>[\/vc_column][\/vc_row][vc_row][vc_column]<div class=\"spacer\" style=\"height: 25px;\"><\/div>[vc_column_text]<\/p>\n<p style=\"text-align: center;\">La compagnia Finzipasca \u00e8 sostenuta da:<\/p>\n<p>[\/vc_column_text][\/vc_column][vc_column width=&#8221;1\/4&#8243;]<div class=\"single_image wpb_content_element align-center   image_zoom \" data-animation=\"none\" data-delay=\"0\"><a href=\"https:\/\/www.cornercard.ch\/\" target=\"_blank\"><img decoding=\"async\" class=\"\" src=\"https:\/\/finzipasca.com\/wp-content\/uploads\/2017\/12\/cornercard-210x210.png\" width=\"210\" height=\"210\" alt=\"cornercard\" title=\"cornercard\" loading=\"lazy\" \/><\/a><\/div>[\/vc_column][vc_column width=&#8221;1\/4&#8243;]<div class=\"single_image wpb_content_element align-center   image_zoom \" data-animation=\"none\" data-delay=\"0\"><a href=\"https:\/\/chiccodoro.com\/\" target=\"_blank\"><img decoding=\"async\" class=\"\" src=\"https:\/\/finzipasca.com\/wp-content\/uploads\/2017\/12\/cafee-chicco-doro-210x210.png\" width=\"210\" height=\"210\" alt=\"cafee-chicco-doro\" title=\"cafee-chicco-doro\" loading=\"lazy\" \/><\/a><\/div>[\/vc_column][vc_column width=&#8221;1\/4&#8243;]<div class=\"single_image wpb_content_element align-center   image_zoom \" data-animation=\"none\" data-delay=\"0\"><a href=\"https:\/\/www.fidinam.com\/\" target=\"_blank\"><img decoding=\"async\" class=\"\" src=\"https:\/\/finzipasca.com\/wp-content\/uploads\/2017\/12\/fidinam-210x210.png\" width=\"210\" height=\"210\" alt=\"fidinam\" title=\"fidinam\" loading=\"lazy\" \/><\/a><\/div>[\/vc_column][vc_column width=&#8221;1\/4&#8243;]<div class=\"single_image wpb_content_element align-center   image_zoom \" data-animation=\"none\" data-delay=\"0\"><a href=\"https:\/\/www.villacastagnola.com\/\" target=\"_blank\"><img decoding=\"async\" class=\"\" src=\"https:\/\/finzipasca.com\/wp-content\/uploads\/2017\/12\/villa-castagnola-210x210.png\" width=\"210\" height=\"210\" alt=\"villa-castagnola\" title=\"villa-castagnola\" loading=\"lazy\" \/><\/a><\/div>[\/vc_column][\/vc_row][vc_row][vc_column width=&#8221;1\/4&#8243;]<div class=\"single_image wpb_content_element align-center   image_zoom \" data-animation=\"none\" data-delay=\"0\"><a href=\"https:\/\/www.lugano.ch\/\" target=\"_blank\"><img decoding=\"async\" class=\"\" src=\"https:\/\/finzipasca.com\/wp-content\/uploads\/2022\/05\/05.-logo_lugano_420-210x210.png\" width=\"210\" height=\"210\" alt=\"05. logo_lugano_420\" title=\"05. logo_lugano_420\" loading=\"lazy\" \/><\/a><\/div>[\/vc_column][vc_column width=&#8221;1\/4&#8243;]<div class=\"single_image wpb_content_element align-center   image_zoom \" data-animation=\"none\" data-delay=\"0\"><a href=\"https:\/\/www.swisslos.ch\/\" target=\"_blank\"><img decoding=\"async\" class=\"\" src=\"https:\/\/finzipasca.com\/wp-content\/uploads\/2022\/05\/Swisslos_Logo_420-210x210.png\" width=\"210\" height=\"210\" alt=\"Swisslos_Logo_420\" title=\"Swisslos_Logo_420\" loading=\"lazy\" \/><\/a><\/div>[\/vc_column][vc_column width=&#8221;1\/4&#8243;]<div class=\"single_image wpb_content_element align-center   image_zoom \" data-animation=\"none\" data-delay=\"0\"><a href=\"https:\/\/prohelvetia.ch\/\" target=\"_blank\"><img decoding=\"async\" class=\"\" src=\"https:\/\/finzipasca.com\/wp-content\/uploads\/2022\/05\/prohelvetia_fr-pink-2-210x210.png\" width=\"210\" height=\"210\" alt=\"prohelvetia_fr pink 2\" title=\"prohelvetia_fr pink 2\" loading=\"lazy\" \/><\/a><\/div>[\/vc_column][vc_column width=&#8221;1\/4&#8243;]<div class=\"single_image wpb_content_element align-center   image_zoom \" data-animation=\"none\" data-delay=\"0\"><a href=\"https:\/\/www.lugano.ch\/la-mia-citta\/amministrazione\/dicasteri-divisioni\/dicastero-cultura-sport-eventi\/cultura\/\" target=\"_blank\"><img decoding=\"async\" class=\"\" src=\"https:\/\/finzipasca.com\/wp-content\/uploads\/2022\/05\/FLPC-1-210x210.png\" width=\"210\" height=\"210\" alt=\"FLPC (1)\" title=\"FLPC (1)\" loading=\"lazy\" \/><\/a><\/div>[\/vc_column][\/vc_row][vc_row][vc_column column_center=&#8221;true&#8221; width=&#8221;1\/6&#8243;]<div class=\"single_image wpb_content_element align-left    \" data-animation=\"none\" data-delay=\"0\"><img loading=\"lazy\" decoding=\"async\" width=\"153\" height=\"150\" src=\"https:\/\/finzipasca.com\/wp-content\/uploads\/2023\/04\/logo_pica.jpg\" class=\"attachment-full\" alt=\"\" title=\"logo_pica\" \/><\/div>[\/vc_column][vc_column column_center=&#8221;true&#8221; width=&#8221;1\/6&#8243;]<div class=\"single_image wpb_content_element align-center   image_zoom \" data-animation=\"none\" data-delay=\"0\"><a href=\"https:\/\/www.ail.ch\/\" target=\"_blank\"><img decoding=\"async\" class=\"\" src=\"https:\/\/finzipasca.com\/wp-content\/uploads\/2022\/05\/09.-AIL_Logo_Quadricromia-1-210x210.png\" width=\"210\" height=\"210\" alt=\"09. AIL_Logo_Quadricromia\" title=\"09. AIL_Logo_Quadricromia\" loading=\"lazy\" \/><\/a><\/div>[\/vc_column][vc_column column_center=&#8221;true&#8221; width=&#8221;1\/6&#8243;]<div class=\"single_image wpb_content_element align-center   image_zoom \" data-animation=\"none\" data-delay=\"0\"><a href=\"https:\/\/www.sintetica.com\/\" target=\"_blank\"><img decoding=\"async\" class=\"\" src=\"https:\/\/finzipasca.com\/wp-content\/uploads\/2022\/05\/10.-LOGO_SINTETICA_CMYK-210x210.png\" width=\"210\" height=\"210\" alt=\"10. LOGO_SINTETICA_CMYK\" title=\"10. LOGO_SINTETICA_CMYK\" loading=\"lazy\" \/><\/a><\/div>[\/vc_column][vc_column column_center=&#8221;true&#8221; width=&#8221;1\/6&#8243;]<div class=\"single_image wpb_content_element align-center    \" data-animation=\"none\" data-delay=\"0\"><a href=\"https:\/\/www.casale.ch\/\" target=\"_blank\"><img loading=\"lazy\" decoding=\"async\" width=\"248\" height=\"210\" src=\"https:\/\/finzipasca.com\/wp-content\/uploads\/2023\/04\/CASALE-logo-1.png\" class=\"attachment-full\" alt=\"\" title=\"CASALE logo\" \/><\/a><\/div>[\/vc_column][vc_column column_center=&#8221;true&#8221; width=&#8221;1\/6&#8243;]<div class=\"single_image wpb_content_element align-center   image_zoom \" data-animation=\"none\" data-delay=\"0\"><a href=\"https:\/\/finzipasca.com\/it\/compagnia\/amici\/\" target=\"_blank\"><img decoding=\"async\" class=\"\" src=\"https:\/\/finzipasca.com\/wp-content\/uploads\/2022\/05\/11.logoAMICI-2019_BlackandWhite2-1-210x210.png\" width=\"210\" height=\"210\" alt=\"11.logoAMICI 2019_BlackandWhite2 (1)\" title=\"11.logoAMICI 2019_BlackandWhite2 (1)\" loading=\"lazy\" \/><\/a><\/div>[\/vc_column][vc_column width=&#8221;1\/6&#8243;][\/vc_column][\/vc_row]<\/p>\n<\/div>","protected":false},"excerpt":{"rendered":"<p>[vc_row type=&#8221;full_width_section&#8221;][vc_column width=&#8221;1\/1&#8243;][vc_row_inner][vc_column_inner][\/vc_column_inner][\/vc_row_inner][\/vc_column][\/vc_row][vc_row][vc_column width=&#8221;1\/1&#8243;][vc_column_text] Laboratorio pratico sul gesto invisibile &#8211; Teatro, scenografia, coreografia, acrobazia e musica\u00a0 A cura di Compagnia Finzi Pasca &#8211; Ricerca e Formazione In collaborazione con LAC Lugano Arte e Cultura, nell\u2019ambito del programma LAC edu Direzione generale del corso: Maria Bonzanigo \u00a0 Dopo il successo dei laboratori degli scorsi anni, la Compagnia Finzi Pasca propone nuovamente\u00a0un laboratorio pratico sul gesto invisibile, tra coreografia, teatro e musica, che offrir\u00e0 l&#8217;opportunit\u00e0 ai partecipanti di accostarsi al metodo del Teatro della Carezza sviluppato dalla Compagnia Finzi Pasca, prima Teatro Sunil, dal 1983. Informazioni Il laboratorio sar\u00e0 l\u2019occasione di riflettere sull\u2019equilibrio e sui principi che reggono il delicato intreccio tra lo spazio scenico, lo spazio sonoro e gli interpreti. Il laboratorio pratico si articoler\u00e0\u00a0in una fase unica, dal 19 al 21 agosto 2024. E\u2019 richiesta la participazione a tutti e tre i giorni (non sar\u00e0 possibile iscriversi solo ad uno o due giorni). Un gruppo di apprendimento avanzato verr\u00e0 formato con chi ha gi\u00e0 frequentato le edizioni precedenti. Info &amp; Iscrizioni LAC Lugano Arte e Cultura Luned\u00ec 19 agosto | h18:30 &#8211; 21:30 Marted\u00ec 20 agosto | h18:30 &#8211; 21:30 Mercoledi 21 agosto | h18:30 &#8211; 21:30 Iscrizione obbligatoria, dal [&hellip;]<\/p>\n","protected":false},"author":84,"featured_media":0,"parent":0,"menu_order":0,"comment_status":"closed","ping_status":"closed","template":"","meta":{"_acf_changed":false,"footnotes":""},"class_list":["post-25944","page","type-page","status-publish","hentry"],"acf":[],"_links":{"self":[{"href":"https:\/\/finzipasca.com\/it\/wp-json\/wp\/v2\/pages\/25944","targetHints":{"allow":["GET"]}}],"collection":[{"href":"https:\/\/finzipasca.com\/it\/wp-json\/wp\/v2\/pages"}],"about":[{"href":"https:\/\/finzipasca.com\/it\/wp-json\/wp\/v2\/types\/page"}],"author":[{"embeddable":true,"href":"https:\/\/finzipasca.com\/it\/wp-json\/wp\/v2\/users\/84"}],"replies":[{"embeddable":true,"href":"https:\/\/finzipasca.com\/it\/wp-json\/wp\/v2\/comments?post=25944"}],"version-history":[{"count":12,"href":"https:\/\/finzipasca.com\/it\/wp-json\/wp\/v2\/pages\/25944\/revisions"}],"predecessor-version":[{"id":27513,"href":"https:\/\/finzipasca.com\/it\/wp-json\/wp\/v2\/pages\/25944\/revisions\/27513"}],"wp:attachment":[{"href":"https:\/\/finzipasca.com\/it\/wp-json\/wp\/v2\/media?parent=25944"}],"curies":[{"name":"wp","href":"https:\/\/api.w.org\/{rel}","templated":true}]}}