{"id":15429,"date":"2018-01-31T22:40:09","date_gmt":"2018-01-31T21:40:09","guid":{"rendered":"https:\/\/finzipasca.com\/compagnia-2017\/about-us\/"},"modified":"2023-03-20T17:29:05","modified_gmt":"2023-03-20T16:29:05","slug":"about-us","status":"publish","type":"page","link":"https:\/\/finzipasca.com\/it\/compagnia\/about-us\/","title":{"rendered":"About us"},"content":{"rendered":"<div class=\"wpb-content-wrapper\"><p>[vc_row][vc_column width=&#8221;1\/1&#8243;][\/vc_column][\/vc_row][vc_row type=&#8221;full_width_section&#8221; bg_image=&#8221;14720&#8243; parallax_bg=&#8221;true&#8221; stellar_class=&#8221;fixed&#8221; text_color=&#8221;light&#8221;][vc_column width=&#8221;1\/6&#8243;][\/vc_column][vc_column width=&#8221;2\/3&#8243;]<div class=\"spacer\" style=\"height: 80px;\"><\/div>[vc_column_text css_animation=&#8221;left-to-right&#8221;]<strong>Da un monologo per un solo spettatore a una\u00a0cerimonia olimpica.<\/strong><\/p>\n<p>La poetica peculiare della Compagnia Finzi Pasca ha preso forma dai concetti di <strong>Teatro della Carezza<\/strong> e di <strong>Gesto Invisibile<\/strong>.<\/p>\n<p>Sviluppati nel corso di <strong>40\u00a0anni di esperienza<\/strong>, questi concetti hanno consolidato un\u2019<strong>estetica unica<\/strong> e un <strong>personalissimo stile di creazione e di produzione<\/strong>, nonch\u00e9 una <strong>filosofia di allenamento<\/strong> per l\u2019attore, l\u2019acrobata, il musicista, il danzatore e il tecnico: un modo di abitare lo spazio.<\/p>\n<p><strong>Teatro, danza, acrobazia, circo, opera <\/strong>e<strong> documentari<\/strong>: tutto confluisce nella Compagnia Finzi Pasca.<\/p>\n<p>La Compagnia Finzi Pasca \u00e8 stata fondata da Antonio Vergamini, Daniele Finzi Pasca, Hugo Gargiulo, Julie Hamelin Finzi (\u2020) e Maria Bonzanigo nel 2011, riprendendo il lavoro sviluppato dal <strong>Teatro Sunil<\/strong> e da <strong>Inlevitas<\/strong>.<\/p>\n<p>Con sede a Lugano (Svizzera), la Compagnia Finzi Pasca \u00e8 tra le maggiori compagnie artistiche indipendenti al mondo. Nel corso della sua storia ha creato e prodotto pi\u00f9 di <strong>35 spettacoli<\/strong>.<\/p>\n<p>I suoi creativi hanno firmato anche <strong>3 Cerimonie olimpiche<\/strong> (Torino 2006 e Sochi 2014, per i Giochi Olimpici e Paralimpici), 2 spettacoli per il <strong>Cirque du Soleil<\/strong>: <em>Luzia <\/em>nel 2016 e <em>Corteo<\/em> nel 2005 (per quest\u2019ultimo, 8 milioni e 400 mila spettatori in 10 anni di tourn\u00e9e), 6 opere di cui <em>Aida<\/em> e il <em>Requiem<\/em> di Verdi, entrate ufficialmente nel repertorio del Teatro Mariinskij di San Pietroburgo; <em>Carmen<\/em> e <em>Pagliacci<\/em> al Teatro San Carlo di Napoli, <em>L\u2019Amour de loin<\/em> per l\u2019English National Opera di Londra e <strong><em>Einstein on the Beach <\/em><\/strong>che ha aperto la stagione 2019\/2020 al <strong>Grand Th\u00e9\u00e2tre de Gen\u00e8ve<\/strong>.<\/p>\n<p>Tra i <strong>grandi eventi<\/strong> ha prodotto nel 2017 <strong><em>Montr\u00e9al Avudo<\/em><\/strong>, spettacolo multimediale commissionato dalla citt\u00e0 canadese che unisce <em>video mapping<\/em>, luci e fontane d\u2019acqua (249\u2019000 spettatori in 4 mesi) e nel 2019 <strong><em>Abrazos<\/em><\/strong>per la Feria Estatal de Le\u00f3n (Messico), un evento speciale dedicato alle famiglie (pi\u00f9 di 200\u2019000 spettatori). Inoltre, il suo nucleo creativo ha fatto parte della <strong><em>F\u00eate des Vignerons<\/em> <\/strong>2019, un grande evento che si svolge una volta ogni quarto di secolo a Vevey (Svizzera) e visto da circa 375\u2019000 spettatori. Nel 2020 la Compagnia Finzi Pasca ha curato la parte artistica per l\u2019inaugurazione del pi\u00f9 grande organo della Russia, al Zaryadye Concert Hall di Mosca: un\u2019istallazione immersiva durante la quale 24 tra i migliori organisti al mondo si sono esibiti per 24 ore consecutive (circa 10\u2019000 visitatori).<\/p>\n<p>Attualmente 7 spettacoli della Compagnia sono in tourn\u00e9e: <em>NUDA <\/em>(2021), <em>Luna Park<\/em> (2020), <em>Per te<\/em><em>.<\/em> (2016), <em>Bianco su Bianco<\/em> (2014), <em>La Verit\u00e0\u00a0<\/em>(2013), <em>Donka \u2013 Una lettera a <\/em><em>\u010cechov<\/em> (2010, con riedizione 2018) e <em>Icaro<\/em> (1991). Altri progetti internazionali e un nuovo spettacolo sono in fase di preparazione.[\/vc_column_text]<div class=\"spacer\" style=\"height: 160px;\"><\/div>[\/vc_column][vc_column width=&#8221;1\/6&#8243;][\/vc_column][\/vc_row]<\/p>\n<\/div>","protected":false},"excerpt":{"rendered":"<p>[vc_row][vc_column width=&#8221;1\/1&#8243;][\/vc_column][\/vc_row][vc_row type=&#8221;full_width_section&#8221; bg_image=&#8221;14720&#8243; parallax_bg=&#8221;true&#8221; stellar_class=&#8221;fixed&#8221; text_color=&#8221;light&#8221;][vc_column width=&#8221;1\/6&#8243;][\/vc_column][vc_column width=&#8221;2\/3&#8243;][vc_column_text css_animation=&#8221;left-to-right&#8221;]Da un monologo per un solo spettatore a una\u00a0cerimonia olimpica. La poetica peculiare della Compagnia Finzi Pasca ha preso forma dai concetti di Teatro della Carezza e di Gesto Invisibile. Sviluppati nel corso di 40\u00a0anni di esperienza, questi concetti hanno consolidato un\u2019estetica unica e un personalissimo stile di creazione e di produzione, nonch\u00e9 una filosofia di allenamento per l\u2019attore, l\u2019acrobata, il musicista, il danzatore e il tecnico: un modo di abitare lo spazio. Teatro, danza, acrobazia, circo, opera e documentari: tutto confluisce nella Compagnia Finzi Pasca. La Compagnia Finzi Pasca \u00e8 stata fondata da Antonio Vergamini, Daniele Finzi Pasca, Hugo Gargiulo, Julie Hamelin Finzi (\u2020) e Maria Bonzanigo nel 2011, riprendendo il lavoro sviluppato dal Teatro Sunil e da Inlevitas. Con sede a Lugano (Svizzera), la Compagnia Finzi Pasca \u00e8 tra le maggiori compagnie artistiche indipendenti al mondo. Nel corso della sua storia ha creato e prodotto pi\u00f9 di 35 spettacoli. I suoi creativi hanno firmato anche 3 Cerimonie olimpiche (Torino 2006 e Sochi 2014, per i Giochi Olimpici e Paralimpici), 2 spettacoli per il Cirque du Soleil: Luzia nel 2016 e Corteo nel 2005 (per quest\u2019ultimo, 8 milioni e 400 [&hellip;]<\/p>\n","protected":false},"author":27,"featured_media":0,"parent":13017,"menu_order":10,"comment_status":"closed","ping_status":"closed","template":"","meta":{"_acf_changed":false,"footnotes":""},"class_list":["post-15429","page","type-page","status-publish","hentry"],"acf":[],"_links":{"self":[{"href":"https:\/\/finzipasca.com\/it\/wp-json\/wp\/v2\/pages\/15429","targetHints":{"allow":["GET"]}}],"collection":[{"href":"https:\/\/finzipasca.com\/it\/wp-json\/wp\/v2\/pages"}],"about":[{"href":"https:\/\/finzipasca.com\/it\/wp-json\/wp\/v2\/types\/page"}],"author":[{"embeddable":true,"href":"https:\/\/finzipasca.com\/it\/wp-json\/wp\/v2\/users\/27"}],"replies":[{"embeddable":true,"href":"https:\/\/finzipasca.com\/it\/wp-json\/wp\/v2\/comments?post=15429"}],"version-history":[{"count":2,"href":"https:\/\/finzipasca.com\/it\/wp-json\/wp\/v2\/pages\/15429\/revisions"}],"predecessor-version":[{"id":27309,"href":"https:\/\/finzipasca.com\/it\/wp-json\/wp\/v2\/pages\/15429\/revisions\/27309"}],"up":[{"embeddable":true,"href":"https:\/\/finzipasca.com\/it\/wp-json\/wp\/v2\/pages\/13017"}],"wp:attachment":[{"href":"https:\/\/finzipasca.com\/it\/wp-json\/wp\/v2\/media?parent=15429"}],"curies":[{"name":"wp","href":"https:\/\/api.w.org\/{rel}","templated":true}]}}