{"id":15426,"date":"2017-12-20T18:00:53","date_gmt":"2017-12-20T17:00:53","guid":{"rendered":"https:\/\/finzipasca.com\/compagnia-2017\/amici\/"},"modified":"2020-02-12T13:10:18","modified_gmt":"2020-02-12T12:10:18","slug":"amici","status":"publish","type":"page","link":"https:\/\/finzipasca.com\/it\/compagnia\/amici\/","title":{"rendered":"Amici"},"content":{"rendered":"<div class=\"wpb-content-wrapper\"><p>[vc_row bottom_padding=&#8221;40&#8243;][vc_column width=&#8221;1\/2&#8243;][vc_column_text]Cari amici,<\/p>\n<p>La Compagnia Finzi Pasca \u00e8 ormai una realt\u00e0 nota nella nostra regione dove ha saputo non solo creare entusiasmo fra i tanti che hanno avuto occasione di assistere ai suoi spettacoli, ma anche coinvolgimento nei progetti della Compagnia in giro per il mondo. Il carisma di Daniele ha contagiato tanti di noi e ha saputo portarci in territori e spazi a noi spesso avulsi.<\/p>\n<p>Ma dietro il sipario c\u2019\u00e8 un grande sforzo sia di produzione che amministrativo, ci sono di colt\u00e0 a divulgare i contenuti del lavoro svolto e a sensibilizzare enti e persone che sono preposte alla gestione e al nanziamento della cultura, ci sono attivit\u00e0 senza connotazione creativa ma necessarie a nch\u00e9 la creativit\u00e0 trovi il suo spazio.<\/p>\n<p>Cos\u00ec insieme a Daniele nel 2012 \u00e8 nata l\u2019idea di costituire l\u2019Associazione Amici della Compagnia Finzi Pasca con lo scopo di promuovere l\u2019immagine della Compagnia, aggregare persone che riconoscono l\u2019importanza della sua attivit\u00e0 teatrale e culturale, e sostenere attivamente i suoi progetti. Il nostro obiettivo \u00e8 quello di coinvolgere nell\u2019entusiasmo il maggior numero possibile di amici con i quali condividere i passi futuri della Compagnia.<\/p>\n<p>Speriamo di potervi dare presto il benvenuto fra gli Amici!<\/p>\n<p>Per l\u2019Associazione degli Amici della Compagnia Finzi Pasca<\/p>\n<p><strong>Roberto Grassi<\/strong><br \/>\nPresidente[\/vc_column_text]<div class=\"single_image wpb_content_element align-left    \" data-animation=\"none\" data-delay=\"0\"><img loading=\"lazy\" decoding=\"async\" width=\"1747\" height=\"1240\" src=\"https:\/\/finzipasca.com\/wp-content\/uploads\/2020\/02\/Progetto-senza-titolo.jpg\" class=\"attachment-full\" alt=\"\" title=\"Progetto senza titolo\" srcset=\"https:\/\/finzipasca.com\/wp-content\/uploads\/2020\/02\/Progetto-senza-titolo.jpg 1747w, https:\/\/finzipasca.com\/wp-content\/uploads\/2020\/02\/Progetto-senza-titolo-300x213.jpg 300w, https:\/\/finzipasca.com\/wp-content\/uploads\/2020\/02\/Progetto-senza-titolo-768x545.jpg 768w, https:\/\/finzipasca.com\/wp-content\/uploads\/2020\/02\/Progetto-senza-titolo-1024x727.jpg 1024w, https:\/\/finzipasca.com\/wp-content\/uploads\/2020\/02\/Progetto-senza-titolo-600x426.jpg 600w\" sizes=\"auto, (max-width: 1747px) 100vw, 1747px\" \/><\/div>[\/vc_column][vc_column width=&#8221;1\/2&#8243;]<script type=\"text\/javascript\">var gform;gform||(document.addEventListener(\"gform_main_scripts_loaded\",function(){gform.scriptsLoaded=!0}),window.addEventListener(\"DOMContentLoaded\",function(){gform.domLoaded=!0}),gform={domLoaded:!1,scriptsLoaded:!1,initializeOnLoaded:function(o){gform.domLoaded&&gform.scriptsLoaded?o():!gform.domLoaded&&gform.scriptsLoaded?window.addEventListener(\"DOMContentLoaded\",o):document.addEventListener(\"gform_main_scripts_loaded\",o)},hooks:{action:{},filter:{}},addAction:function(o,n,r,t){gform.addHook(\"action\",o,n,r,t)},addFilter:function(o,n,r,t){gform.addHook(\"filter\",o,n,r,t)},doAction:function(o){gform.doHook(\"action\",o,arguments)},applyFilters:function(o){return gform.doHook(\"filter\",o,arguments)},removeAction:function(o,n){gform.removeHook(\"action\",o,n)},removeFilter:function(o,n,r){gform.removeHook(\"filter\",o,n,r)},addHook:function(o,n,r,t,i){null==gform.hooks[o][n]&&(gform.hooks[o][n]=[]);var e=gform.hooks[o][n];null==i&&(i=n+\"_\"+e.length),gform.hooks[o][n].push({tag:i,callable:r,priority:t=null==t?10:t})},doHook:function(n,o,r){var t;if(r=Array.prototype.slice.call(r,1),null!=gform.hooks[n][o]&&((o=gform.hooks[n][o]).sort(function(o,n){return o.priority-n.priority}),o.forEach(function(o){\"function\"!=typeof(t=o.callable)&&(t=window[t]),\"action\"==n?t.apply(null,r):r[0]=t.apply(null,r)})),\"filter\"==n)return r[0]},removeHook:function(o,n,t,i){var r;null!=gform.hooks[o][n]&&(r=(r=gform.hooks[o][n]).filter(function(o,n,r){return!!(null!=i&&i!=o.tag||null!=t&&t!=o.priority)}),gform.hooks[o][n]=r)}});<\/script>\n                <div class='gf_browser_gecko gform_wrapper gform_legacy_markup_wrapper gform-theme--no-framework' data-form-theme='legacy' data-form-index='0' id='gform_wrapper_1' ><form method='post' enctype='multipart\/form-data'  id='gform_1'  action='\/it\/wp-json\/wp\/v2\/pages\/15426' data-formid='1' novalidate>\n                        <div class='gform-body gform_body'><ul id='gform_fields_1' class='gform_fields top_label form_sublabel_below description_below'><li id=\"field_1_1\" class=\"gfield gfield--type-radio gfield--type-choice gfield--input-type-radio gfield_contains_required field_sublabel_below gfield--no-description field_description_below gfield_visibility_visible\"  data-js-reload=\"field_1_1\" ><label class='gfield_label gform-field-label' >Desidero aderire all\u2019Associazione degli Amici della Compagnia Finzi Pasca in qualita\u0300 di:<span class=\"gfield_required\"><span class=\"gfield_required gfield_required_asterisk\">*<\/span><\/span><\/label><div class='ginput_container ginput_container_radio'><ul class='gfield_radio' id='input_1_1'>\n\t\t\t<li class='gchoice gchoice_1_1_0'>\n\t\t\t\t<input name='input_1' type='radio' value='Amico sostenitore \u2013 da CHF 20.- annui'  id='choice_1_1_0'    \/>\n\t\t\t\t<label for='choice_1_1_0' id='label_1_1_0' class='gform-field-label gform-field-label--type-inline'>Amico sostenitore \u2013 da CHF 20.- annui<\/label>\n\t\t\t<\/li>\n\t\t\t<li class='gchoice gchoice_1_1_1'>\n\t\t\t\t<input name='input_1' type='radio' value='Socio attivo \u2013 da CHF 50.- annui'  id='choice_1_1_1'    \/>\n\t\t\t\t<label for='choice_1_1_1' id='label_1_1_1' class='gform-field-label gform-field-label--type-inline'>Socio attivo \u2013 da CHF 50.- annui<\/label>\n\t\t\t<\/li>\n\t\t\t<li class='gchoice gchoice_1_1_2'>\n\t\t\t\t<input name='input_1' type='radio' value='Socio donatore \u2013 da CHF 500.- annui'  id='choice_1_1_2'    \/>\n\t\t\t\t<label for='choice_1_1_2' id='label_1_1_2' class='gform-field-label gform-field-label--type-inline'>Socio donatore \u2013 da CHF 500.- annui<\/label>\n\t\t\t<\/li>\n\t\t\t<li class='gchoice gchoice_1_1_3'>\n\t\t\t\t<input name='input_1' type='radio' value='Socio benefattore \u2013 da CHF 3\u2019000.- annui'  id='choice_1_1_3'    \/>\n\t\t\t\t<label for='choice_1_1_3' id='label_1_1_3' class='gform-field-label gform-field-label--type-inline'>Socio benefattore \u2013 da CHF 3\u2019000.- annui<\/label>\n\t\t\t<\/li>\n\t\t\t<li class='gchoice gchoice_1_1_4'>\n\t\t\t\t<input name='input_1' type='radio' value='Socio mecenate \u2013 da CHF 5\u2019000.- annui'  id='choice_1_1_4'    \/>\n\t\t\t\t<label for='choice_1_1_4' id='label_1_1_4' class='gform-field-label gform-field-label--type-inline'>Socio mecenate \u2013 da CHF 5\u2019000.- annui<\/label>\n\t\t\t<\/li>\n\t\t\t<li class='gchoice gchoice_1_1_5'>\n\t\t\t\t<input name='input_1' type='radio' value='Socio \u201cIcaro d\u2019oro\u201d \u2013 da CHF 10\u2019000.- annui'  id='choice_1_1_5'    \/>\n\t\t\t\t<label for='choice_1_1_5' id='label_1_1_5' class='gform-field-label gform-field-label--type-inline'>Socio \u201cIcaro d\u2019oro\u201d \u2013 da CHF 10\u2019000.- annui<\/label>\n\t\t\t<\/li><\/ul><\/div><\/li><li id=\"field_1_2\" class=\"gfield gfield--type-text gfield--input-type-text gfield_contains_required field_sublabel_below gfield--no-description field_description_below gfield_visibility_visible\"  data-js-reload=\"field_1_2\" ><label class='gfield_label gform-field-label' for='input_1_2'>Nome<span class=\"gfield_required\"><span class=\"gfield_required gfield_required_asterisk\">*<\/span><\/span><\/label><div class='ginput_container ginput_container_text'><input name='input_2' id='input_1_2' type='text' value='' class='medium'     aria-required=\"true\" aria-invalid=\"false\"   \/> <\/div><\/li><li id=\"field_1_3\" class=\"gfield gfield--type-text gfield--input-type-text gfield_contains_required field_sublabel_below gfield--no-description field_description_below gfield_visibility_visible\"  data-js-reload=\"field_1_3\" ><label class='gfield_label gform-field-label' for='input_1_3'>Cognome<span class=\"gfield_required\"><span class=\"gfield_required gfield_required_asterisk\">*<\/span><\/span><\/label><div class='ginput_container ginput_container_text'><input name='input_3' id='input_1_3' type='text' value='' class='medium'     aria-required=\"true\" aria-invalid=\"false\"   \/> <\/div><\/li><li id=\"field_1_4\" class=\"gfield gfield--type-text gfield--input-type-text gfield_contains_required field_sublabel_below gfield--no-description field_description_below gfield_visibility_visible\"  data-js-reload=\"field_1_4\" ><label class='gfield_label gform-field-label' for='input_1_4'>Via<span class=\"gfield_required\"><span class=\"gfield_required gfield_required_asterisk\">*<\/span><\/span><\/label><div class='ginput_container ginput_container_text'><input name='input_4' id='input_1_4' type='text' value='' class='medium'     aria-required=\"true\" aria-invalid=\"false\"   \/> <\/div><\/li><li id=\"field_1_5\" class=\"gfield gfield--type-text gfield--input-type-text gfield_contains_required field_sublabel_below gfield--no-description field_description_below gfield_visibility_visible\"  data-js-reload=\"field_1_5\" ><label class='gfield_label gform-field-label' for='input_1_5'>CAP, Localita\u0300<span class=\"gfield_required\"><span class=\"gfield_required gfield_required_asterisk\">*<\/span><\/span><\/label><div class='ginput_container ginput_container_text'><input name='input_5' id='input_1_5' type='text' value='' class='medium'     aria-required=\"true\" aria-invalid=\"false\"   \/> <\/div><\/li><li id=\"field_1_6\" class=\"gfield gfield--type-email gfield--input-type-email gfield_contains_required field_sublabel_below gfield--no-description field_description_below gfield_visibility_visible\"  data-js-reload=\"field_1_6\" ><label class='gfield_label gform-field-label' for='input_1_6'>E-mail<span class=\"gfield_required\"><span class=\"gfield_required gfield_required_asterisk\">*<\/span><\/span><\/label><div class='ginput_container ginput_container_email'>\n                            <input name='input_6' id='input_1_6' type='email' value='' class='medium'    aria-required=\"true\" aria-invalid=\"false\"  \/>\n                        <\/div><\/li><li id=\"field_1_7\" class=\"gfield gfield--type-phone gfield--input-type-phone gfield_contains_required field_sublabel_below gfield--no-description field_description_below gfield_visibility_visible\"  data-js-reload=\"field_1_7\" ><label class='gfield_label gform-field-label' for='input_1_7'>Telefono mobile<span class=\"gfield_required\"><span class=\"gfield_required gfield_required_asterisk\">*<\/span><\/span><\/label><div class='ginput_container ginput_container_phone'><input name='input_7' id='input_1_7' type='tel' value='' class='medium'   aria-required=\"true\" aria-invalid=\"false\"   \/><\/div><\/li><li id=\"field_1_8\" class=\"gfield gfield--type-checkbox gfield--type-choice gfield--input-type-checkbox field_sublabel_below gfield--no-description field_description_below gfield_visibility_visible\"  data-js-reload=\"field_1_8\" ><label class='gfield_label gform-field-label screen-reader-text gfield_label_before_complex' ><\/label><div class='ginput_container ginput_container_checkbox'><ul class='gfield_checkbox' id='input_1_8'><li class='gchoice gchoice_1_8_1'>\n\t\t\t\t\t\t\t\t<input class='gfield-choice-input' name='input_8.1' type='checkbox'  value='Voglio ricevere la polizza di versamento direttamente a casa'  id='choice_1_8_1'   \/>\n\t\t\t\t\t\t\t\t<label for='choice_1_8_1' id='label_1_8_1' class='gform-field-label gform-field-label--type-inline'>Voglio ricevere la polizza di versamento direttamente a casa<\/label>\n\t\t\t\t\t\t\t<\/li><\/ul><\/div><\/li><li id=\"field_1_10\" class=\"gfield gfield--type-consent gfield--type-choice gfield--input-type-consent gfield--width-full gfield_contains_required field_sublabel_below gfield--no-description field_description_below gfield_visibility_visible\"  data-js-reload=\"field_1_10\" ><label class='gfield_label gform-field-label gfield_label_before_complex' >Consenso<span class=\"gfield_required\"><span class=\"gfield_required gfield_required_asterisk\">*<\/span><\/span><\/label><div class='ginput_container ginput_container_consent'><input name='input_10.1' id='input_1_10_1' type='checkbox' value='1'   aria-required=\"true\" aria-invalid=\"false\"   \/> <label class=\"gform-field-label gform-field-label--type-inline gfield_consent_label\" for='input_1_10_1' >Accetto l'informativa sulla privacy<\/label><input type='hidden' name='input_10.2' value='Accetto l&#039;informativa sulla privacy' class='gform_hidden' \/><input type='hidden' name='input_10.3' value='8' class='gform_hidden' \/><\/div><\/li><li id=\"field_1_9\" class=\"gfield gfield--type-captcha gfield--input-type-captcha gfield--width-full field_sublabel_below gfield--no-description field_description_below gfield_visibility_visible\"  data-js-reload=\"field_1_9\" ><label class='gfield_label gform-field-label' for='input_1_9'>CAPTCHA<\/label><div id='input_1_9' class='ginput_container ginput_recaptcha' data-sitekey='6LeBXzMkAAAAAMRongxsfDjmNOdrTOWeYm3CTGfc'  data-theme='light' data-tabindex='-1' data-size='invisible' data-badge='bottomright'><\/div><\/li><\/ul><\/div>\n        <div class='gform_footer top_label'> <input type='submit' id='gform_submit_button_1' class='gform_button button' value='Invia'  onclick='if(window[\"gf_submitting_1\"]){return false;}  if( !jQuery(\"#gform_1\")[0].checkValidity || jQuery(\"#gform_1\")[0].checkValidity()){window[\"gf_submitting_1\"]=true;}  ' onkeypress='if( event.keyCode == 13 ){ if(window[\"gf_submitting_1\"]){return false;} if( !jQuery(\"#gform_1\")[0].checkValidity || jQuery(\"#gform_1\")[0].checkValidity()){window[\"gf_submitting_1\"]=true;}  jQuery(\"#gform_1\").trigger(\"submit\",[true]); }' \/> \n            <input type='hidden' class='gform_hidden' name='is_submit_1' value='1' \/>\n            <input type='hidden' class='gform_hidden' name='gform_submit' value='1' \/>\n            \n            <input type='hidden' class='gform_hidden' name='gform_unique_id' value='' \/>\n            <input type='hidden' class='gform_hidden' name='state_1' value='WyJ7XCIxMC4xXCI6XCJjZjliMGMwMzU0ZTBhYTc3ODEyYWM3ZTFjMzZlZjEwY1wiLFwiMTAuMlwiOlwiMThhYzA0NzAxYWQ5ZWY0YTg5OGJmNmU1YjBhMTJkYTdcIixcIjEwLjNcIjpcIjc2NDVlMWQ1MzlkYTQ0MDg4ZjcyMjcyZjBmYjJjYzJiXCJ9IiwiNTAwOGFmM2IwMzc4OTAwZTBhYjhkZjQ2MzFhNWI5N2EiXQ==' \/>\n            <input type='hidden' class='gform_hidden' name='gform_target_page_number_1' id='gform_target_page_number_1' value='0' \/>\n            <input type='hidden' class='gform_hidden' name='gform_source_page_number_1' id='gform_source_page_number_1' value='1' \/>\n            <input type='hidden' name='gform_field_values' value='' \/>\n            \n        <\/div>\n                        <\/form>\n                        <\/div><script type=\"text\/javascript\">\n\/* <![CDATA[ *\/\n gform.initializeOnLoaded( function() {gformInitSpinner( 1, 'https:\/\/finzipasca.com\/wp-content\/plugins\/gravityforms\/images\/spinner.svg', true );jQuery('#gform_ajax_frame_1').on('load',function(){var contents = jQuery(this).contents().find('*').html();var is_postback = contents.indexOf('GF_AJAX_POSTBACK') >= 0;if(!is_postback){return;}var form_content = jQuery(this).contents().find('#gform_wrapper_1');var is_confirmation = jQuery(this).contents().find('#gform_confirmation_wrapper_1').length > 0;var is_redirect = contents.indexOf('gformRedirect(){') >= 0;var is_form = form_content.length > 0 && ! is_redirect && ! is_confirmation;var mt = parseInt(jQuery('html').css('margin-top'), 10) + parseInt(jQuery('body').css('margin-top'), 10) + 100;if(is_form){jQuery('#gform_wrapper_1').html(form_content.html());if(form_content.hasClass('gform_validation_error')){jQuery('#gform_wrapper_1').addClass('gform_validation_error');} else {jQuery('#gform_wrapper_1').removeClass('gform_validation_error');}setTimeout( function() { \/* delay the scroll by 50 milliseconds to fix a bug in chrome *\/  }, 50 );if(window['gformInitDatepicker']) {gformInitDatepicker();}if(window['gformInitPriceFields']) {gformInitPriceFields();}var current_page = jQuery('#gform_source_page_number_1').val();gformInitSpinner( 1, 'https:\/\/finzipasca.com\/wp-content\/plugins\/gravityforms\/images\/spinner.svg', true );jQuery(document).trigger('gform_page_loaded', [1, current_page]);window['gf_submitting_1'] = false;}else if(!is_redirect){var confirmation_content = jQuery(this).contents().find('.GF_AJAX_POSTBACK').html();if(!confirmation_content){confirmation_content = contents;}setTimeout(function(){jQuery('#gform_wrapper_1').replaceWith(confirmation_content);jQuery(document).trigger('gform_confirmation_loaded', [1]);window['gf_submitting_1'] = false;wp.a11y.speak(jQuery('#gform_confirmation_message_1').text());}, 50);}else{jQuery('#gform_1').append(contents);if(window['gformRedirect']) {gformRedirect();}}        const gformWrapperDiv = document.getElementById( \"gform_wrapper_1\" );        if ( gformWrapperDiv ) {            const visibilitySpan = document.createElement( \"span\" );            visibilitySpan.id = \"gform_visibility_test_1\";            gformWrapperDiv.insertAdjacentElement( \"afterend\", visibilitySpan );        }        const visibilityTestDiv = document.getElementById( \"gform_visibility_test_1\" );        let postRenderFired = false;                function triggerPostRender() {            if ( postRenderFired ) {                return;            }            postRenderFired = true;            jQuery( document ).trigger( 'gform_post_render', [1, current_page] );            gform.utils.trigger( { event: 'gform\/postRender', native: false, data: { formId: 1, currentPage: current_page } } );            if ( visibilityTestDiv ) {                visibilityTestDiv.parentNode.removeChild( visibilityTestDiv );            }        }        function debounce( func, wait, immediate ) {            var timeout;            return function() {                var context = this, args = arguments;                var later = function() {                    timeout = null;                    if ( !immediate ) func.apply( context, args );                };                var callNow = immediate && !timeout;                clearTimeout( timeout );                timeout = setTimeout( later, wait );                if ( callNow ) func.apply( context, args );            };        }        const debouncedTriggerPostRender = debounce( function() {            triggerPostRender();        }, 200 );        if ( visibilityTestDiv && visibilityTestDiv.offsetParent === null ) {            const observer = new MutationObserver( ( mutations ) => {                mutations.forEach( ( mutation ) => {                    if ( mutation.type === 'attributes' && visibilityTestDiv.offsetParent !== null ) {                        debouncedTriggerPostRender();                        observer.disconnect();                    }                });            });            observer.observe( document.body, {                attributes: true,                childList: false,                subtree: true,                attributeFilter: [ 'style', 'class' ],            });        } else {            triggerPostRender();        }    } );} ); \n\/* ]]> *\/\n<\/script>\n[vc_column_text]<em>L\u2019Associazione degli Amici della Compagnia Finzi Pasca<\/em> garantisce la totale privacy dei dati personali.[\/vc_column_text][\/vc_column][\/vc_row][vc_row][vc_column width=&#8221;1\/1&#8243;][vc_column_text]\n<table id=\"tablepress-1\" class=\"tablepress tablepress-id-1\">\n<thead>\n<tr class=\"row-1\">\n\t<td class=\"column-1\"><\/td><th class=\"column-2\">Amico sostenitore<\/th><th class=\"column-3\">Socio attivo<\/th><th class=\"column-4\">Socio donatore<\/th><th class=\"column-5\">Socio benefattore<\/th><th class=\"column-6\">Socio mecenate<\/th><th class=\"column-7\">Socio \u201cIcaro d\u2019oro\u201d<\/th>\n<\/tr>\n<\/thead>\n<tbody class=\"row-striping row-hover\">\n<tr class=\"row-2\">\n\t<td class=\"column-1\">Possibilita\u0300 di presenziare all\u2019assemblea generale ma senza diritto di voto<\/td><td class=\"column-2\">\u2022<\/td><td class=\"column-3\"><\/td><td class=\"column-4\"><\/td><td class=\"column-5\"><\/td><td class=\"column-6\"><\/td><td class=\"column-7\"><\/td>\n<\/tr>\n<tr class=\"row-3\">\n\t<td class=\"column-1\">Diritto di voto all\u2019assemblea generale<\/td><td class=\"column-2\"><\/td><td class=\"column-3\">\u2022<\/td><td class=\"column-4\">\u2022<\/td><td class=\"column-5\">\u2022<\/td><td class=\"column-6\">\u2022<\/td><td class=\"column-7\">\u2022<\/td>\n<\/tr>\n<tr class=\"row-4\">\n\t<td class=\"column-1\">Invito alle prove aperte presso il LAC<\/td><td class=\"column-2\"><\/td><td class=\"column-3\">\u2022<\/td><td class=\"column-4\">\u2022<\/td><td class=\"column-5\">\u2022<\/td><td class=\"column-6\">\u2022<\/td><td class=\"column-7\">\u2022<\/td>\n<\/tr>\n<tr class=\"row-5\">\n\t<td class=\"column-1\">T-Shirt della Compagnia Finzi Pasca<\/td><td class=\"column-2\"><\/td><td class=\"column-3\"><\/td><td class=\"column-4\">\u2022<\/td><td class=\"column-5\">\u2022<\/td><td class=\"column-6\">\u2022<\/td><td class=\"column-7\">\u2022<\/td>\n<\/tr>\n<tr class=\"row-6\">\n\t<td class=\"column-1\">2 biglietti per assistere, al LAC, a uno spettacolo della Compagnia Finzi Pasca<\/td><td class=\"column-2\"><\/td><td class=\"column-3\"><\/td><td class=\"column-4\">\u2022<\/td><td class=\"column-5\"><\/td><td class=\"column-6\"><\/td><td class=\"column-7\"><\/td>\n<\/tr>\n<tr class=\"row-7\">\n\t<td class=\"column-1\">1 libro pubblicato a scelta<\/td><td class=\"column-2\"><\/td><td class=\"column-3\"><\/td><td class=\"column-4\"><\/td><td class=\"column-5\">\u2022<\/td><td class=\"column-6\">\u2022<\/td><td class=\"column-7\">\u2022<\/td>\n<\/tr>\n<tr class=\"row-8\">\n\t<td class=\"column-1\">1 CD di musiche di Maria Bonzanigo<\/td><td class=\"column-2\"><\/td><td class=\"column-3\"><\/td><td class=\"column-4\"><\/td><td class=\"column-5\">\u2022<\/td><td class=\"column-6\">\u2022<\/td><td class=\"column-7\">\u2022<\/td>\n<\/tr>\n<tr class=\"row-9\">\n\t<td class=\"column-1\">4 biglietti per assistere, al LAC, a uno spettacolo della Compagnia Finzi Pasca<\/td><td class=\"column-2\"><\/td><td class=\"column-3\"><\/td><td class=\"column-4\"><\/td><td class=\"column-5\">\u2022<\/td><td class=\"column-6\"><\/td><td class=\"column-7\"><\/td>\n<\/tr>\n<tr class=\"row-10\">\n\t<td class=\"column-1\">1 ringraziamento personale sul programma di sala<\/td><td class=\"column-2\"><\/td><td class=\"column-3\"><\/td><td class=\"column-4\"><\/td><td class=\"column-5\"><\/td><td class=\"column-6\">\u2022<\/td><td class=\"column-7\">\u2022<\/td>\n<\/tr>\n<tr class=\"row-11\">\n\t<td class=\"column-1\">1 programma di sala a scelta autografato<\/td><td class=\"column-2\"><\/td><td class=\"column-3\"><\/td><td class=\"column-4\"><\/td><td class=\"column-5\"><\/td><td class=\"column-6\">\u2022<\/td><td class=\"column-7\">\u2022<\/td>\n<\/tr>\n<tr class=\"row-12\">\n\t<td class=\"column-1\">6 biglietti per assistere, al LAC, a uno spettacolo della Compagnia Finzi Pasca<\/td><td class=\"column-2\"><\/td><td class=\"column-3\"><\/td><td class=\"column-4\"><\/td><td class=\"column-5\"><\/td><td class=\"column-6\">\u2022<\/td><td class=\"column-7\"><\/td>\n<\/tr>\n<tr class=\"row-13\">\n\t<td class=\"column-1\">10 biglietti per assistere, al LAC, a uno spettacolo della Compagnia Finzi Pasca<\/td><td class=\"column-2\"><\/td><td class=\"column-3\"><\/td><td class=\"column-4\"><\/td><td class=\"column-5\"><\/td><td class=\"column-6\"><\/td><td class=\"column-7\">\u2022<\/td>\n<\/tr>\n<tr class=\"row-14\">\n\t<td class=\"column-1\">1 cena con uno o piu\u0300 fondatori della Compagnia Finzi Pasca<\/td><td class=\"column-2\"><\/td><td class=\"column-3\"><\/td><td class=\"column-4\"><\/td><td class=\"column-5\"><\/td><td class=\"column-6\"><\/td><td class=\"column-7\">\u2022<\/td>\n<\/tr>\n<\/tbody>\n<\/table>\n<!-- #tablepress-1 from cache -->[\/vc_column_text][\/vc_column][\/vc_row]<\/p>\n<\/div>","protected":false},"excerpt":{"rendered":"<p>[vc_row bottom_padding=&#8221;40&#8243;][vc_column width=&#8221;1\/2&#8243;][vc_column_text]Cari amici, La Compagnia Finzi Pasca \u00e8 ormai una realt\u00e0 nota nella nostra regione dove ha saputo non solo creare entusiasmo fra i tanti che hanno avuto occasione di assistere ai suoi spettacoli, ma anche coinvolgimento nei progetti della Compagnia in giro per il mondo. Il carisma di Daniele ha contagiato tanti di noi e ha saputo portarci in territori e spazi a noi spesso avulsi. Ma dietro il sipario c\u2019\u00e8 un grande sforzo sia di produzione che amministrativo, ci sono di colt\u00e0 a divulgare i contenuti del lavoro svolto e a sensibilizzare enti e persone che sono preposte alla gestione e al nanziamento della cultura, ci sono attivit\u00e0 senza connotazione creativa ma necessarie a nch\u00e9 la creativit\u00e0 trovi il suo spazio. Cos\u00ec insieme a Daniele nel 2012 \u00e8 nata l\u2019idea di costituire l\u2019Associazione Amici della Compagnia Finzi Pasca con lo scopo di promuovere l\u2019immagine della Compagnia, aggregare persone che riconoscono l\u2019importanza della sua attivit\u00e0 teatrale e culturale, e sostenere attivamente i suoi progetti. Il nostro obiettivo \u00e8 quello di coinvolgere nell\u2019entusiasmo il maggior numero possibile di amici con i quali condividere i passi futuri della Compagnia. Speriamo di potervi dare presto il benvenuto fra gli Amici! Per [&hellip;]<\/p>\n","protected":false},"author":80,"featured_media":0,"parent":13017,"menu_order":40,"comment_status":"closed","ping_status":"closed","template":"","meta":{"_acf_changed":false,"footnotes":""},"class_list":["post-15426","page","type-page","status-publish","hentry"],"acf":[],"_links":{"self":[{"href":"https:\/\/finzipasca.com\/it\/wp-json\/wp\/v2\/pages\/15426","targetHints":{"allow":["GET"]}}],"collection":[{"href":"https:\/\/finzipasca.com\/it\/wp-json\/wp\/v2\/pages"}],"about":[{"href":"https:\/\/finzipasca.com\/it\/wp-json\/wp\/v2\/types\/page"}],"author":[{"embeddable":true,"href":"https:\/\/finzipasca.com\/it\/wp-json\/wp\/v2\/users\/80"}],"replies":[{"embeddable":true,"href":"https:\/\/finzipasca.com\/it\/wp-json\/wp\/v2\/comments?post=15426"}],"version-history":[{"count":0,"href":"https:\/\/finzipasca.com\/it\/wp-json\/wp\/v2\/pages\/15426\/revisions"}],"up":[{"embeddable":true,"href":"https:\/\/finzipasca.com\/it\/wp-json\/wp\/v2\/pages\/13017"}],"wp:attachment":[{"href":"https:\/\/finzipasca.com\/it\/wp-json\/wp\/v2\/media?parent=15426"}],"curies":[{"name":"wp","href":"https:\/\/api.w.org\/{rel}","templated":true}]}}