{"id":15684,"date":"2013-02-19T08:05:41","date_gmt":"2013-02-19T07:05:41","guid":{"rendered":"https:\/\/finzipasca.com\/product\/unbelgiocare-dvd\/"},"modified":"2019-12-19T13:56:19","modified_gmt":"2019-12-19T12:56:19","slug":"unbelgiocare-dvd","status":"publish","type":"product","link":"https:\/\/finzipasca.com\/fr\/produit\/unbelgiocare-dvd\/","title":{"rendered":"Unbelgiocare DVD"},"content":{"rendered":"<p>Un film documentaire de Mohammed Soudani<br \/>\nMusiques: Maria Bonzanigo<br \/>\nMontage: Giorgio Garini<br \/>\nSonorisation et mixage: Roberto Leuzinger<br \/>\nProduction: Amka Films en coproduction avec RSI Radiotelevisione Svizzera <\/p>\n<p>Le DVD est en italien et dans d\u2019autres langues. Il y a deux versions disponibles: une avec des sous-titres en italien et une autre avec des sous-titres en anglais.<\/p>\n<p>Du Canada vers l&rsquo;Europe et l&rsquo;Am\u00e9rique, le documentaire \u00ab\u00a0Unbelgiocare\u00a0\u00bb vous emm\u00e8ne derri\u00e8re la sc\u00e8ne d&rsquo;Icaro, Rain, Nebbia, Donka \u00e0 d\u00e9couvrir la profonde humanit\u00e9 et de magie incroyable de Daniele Finzi Pasca. Le mien est un voyage \u00e0 360 degr\u00e9s dans la compagnie d&rsquo;une personne extraordinaire, que je pourrait d\u00e9finire \u00able plus grand fabricant des r\u00eaves au monde.\u00a0\u00bb<br \/>\n<em>Mohammed Soudani.<\/em><\/p>\n","protected":false},"excerpt":{"rendered":"<p>Un film documentaire de Mohammed Soudani Musiques: Maria Bonzanigo Montage: Giorgio Garini Sonorisation et mixage: Roberto Leuzinger Production: Amka Films en coproduction avec RSI Radiotelevisione Svizzera Le DVD est en italien et dans d\u2019autres langues. Il y a deux versions disponibles: une avec des sous-titres en italien et une autre avec des sous-titres en anglais. Du Canada vers l&rsquo;Europe et l&rsquo;Am\u00e9rique, le documentaire \u00ab\u00a0Unbelgiocare\u00a0\u00bb vous emm\u00e8ne derri\u00e8re la sc\u00e8ne d&rsquo;Icaro, Rain, Nebbia, Donka \u00e0 d\u00e9couvrir la profonde humanit\u00e9 et de magie incroyable de Daniele Finzi Pasca. Le mien est un voyage \u00e0 360 degr\u00e9s dans la compagnie d&rsquo;une personne extraordinaire, que je pourrait d\u00e9finire \u00able plus grand fabricant des r\u00eaves au monde.\u00a0\u00bb Mohammed Soudani.<\/p>\n","protected":false},"featured_media":14223,"template":"","meta":{"_acf_changed":false},"product_brand":[],"product_cat":[280],"product_tag":[],"class_list":{"0":"post-15684","1":"product","2":"type-product","3":"status-publish","4":"has-post-thumbnail","6":"product_cat-non-classifiee","7":"product_shipping_class-dvd-fr","9":"first","10":"instock","11":"shipping-taxable","12":"purchasable","13":"product-type-simple"},"acf":[],"_links":{"self":[{"href":"https:\/\/finzipasca.com\/fr\/wp-json\/wp\/v2\/product\/15684","targetHints":{"allow":["GET"]}}],"collection":[{"href":"https:\/\/finzipasca.com\/fr\/wp-json\/wp\/v2\/product"}],"about":[{"href":"https:\/\/finzipasca.com\/fr\/wp-json\/wp\/v2\/types\/product"}],"wp:featuredmedia":[{"embeddable":true,"href":"https:\/\/finzipasca.com\/fr\/wp-json\/wp\/v2\/media\/14223"}],"wp:attachment":[{"href":"https:\/\/finzipasca.com\/fr\/wp-json\/wp\/v2\/media?parent=15684"}],"wp:term":[{"taxonomy":"product_brand","embeddable":true,"href":"https:\/\/finzipasca.com\/fr\/wp-json\/wp\/v2\/product_brand?post=15684"},{"taxonomy":"product_cat","embeddable":true,"href":"https:\/\/finzipasca.com\/fr\/wp-json\/wp\/v2\/product_cat?post=15684"},{"taxonomy":"product_tag","embeddable":true,"href":"https:\/\/finzipasca.com\/fr\/wp-json\/wp\/v2\/product_tag?post=15684"}],"curies":[{"name":"wp","href":"https:\/\/api.w.org\/{rel}","templated":true}]}}