{"id":15678,"date":"2013-02-19T08:49:04","date_gmt":"2013-02-19T07:49:04","guid":{"rendered":"https:\/\/finzipasca.com\/product\/theatre-of-the-caress-book\/"},"modified":"2019-12-19T13:56:15","modified_gmt":"2019-12-19T12:56:15","slug":"theatre-de-la-caresse-livre","status":"publish","type":"product","link":"https:\/\/finzipasca.com\/fr\/produit\/theatre-de-la-caresse-livre\/","title":{"rendered":"Th\u00e9\u00e2tre de la caresse &#8211; Livre"},"content":{"rendered":"<p>Un livre de Facundo Ponce de Leon<br \/>\nEdition Compagnia Finzi Pasca<\/p>\n<p>\u00ab Ce livre est le r\u00e9sultat d\u2019une s\u00e9rie de conversations avec Daniele Finzi Pasca qui ont eu lieu \u00e0 Magadino. Elles naissent d\u2019une id\u00e9e de Julie Hamelin. J\u2019ai essay\u00e9 de conserver l\u2019esprit de ces rencontres, issues de questions et de r\u00e9ponses qui reviennent maintes et maintes fois sur les m\u00eames sujets : la vie, le clown, la sc\u00e8ne. Un voyage circulaire. Une tentative d\u2019espionner dans la cuisine d\u2019un cr\u00e9ateur. Gardien du myst\u00e8re, pas pour le dissimuler, mais plut\u00f4t pour le raconter \u00e0 travers de petites histoires, de minuscules prouesses de guerriers solitaires, de h\u00e9ros perdants. \u00bb<br \/>\n<em>Facundo Ponce de Leon<\/em><\/p>\n<p>136 pages<br \/>\nISBN: 978-9974-96-942-1<\/p>\n","protected":false},"excerpt":{"rendered":"<p>Un livre de Facundo Ponce de Leon Edition Compagnia Finzi Pasca \u00ab Ce livre est le r\u00e9sultat d\u2019une s\u00e9rie de conversations avec Daniele Finzi Pasca qui ont eu lieu \u00e0 Magadino. Elles naissent d\u2019une id\u00e9e de Julie Hamelin. J\u2019ai essay\u00e9 de conserver l\u2019esprit de ces rencontres, issues de questions et de r\u00e9ponses qui reviennent maintes et maintes fois sur les m\u00eames sujets : la vie, le clown, la sc\u00e8ne. Un voyage circulaire. Une tentative d\u2019espionner dans la cuisine d\u2019un cr\u00e9ateur. Gardien du myst\u00e8re, pas pour le dissimuler, mais plut\u00f4t pour le raconter \u00e0 travers de petites histoires, de minuscules prouesses de guerriers solitaires, de h\u00e9ros perdants. \u00bb Facundo Ponce de Leon 136 pages ISBN: 978-9974-96-942-1<\/p>\n","protected":false},"featured_media":14203,"template":"","meta":{"_acf_changed":false},"product_brand":[],"product_cat":[280],"product_tag":[],"class_list":{"0":"post-15678","1":"product","2":"type-product","3":"status-publish","4":"has-post-thumbnail","6":"product_cat-non-classifiee","7":"product_shipping_class-livre","8":"pif-has-gallery","10":"first","11":"instock","12":"shipping-taxable","13":"purchasable","14":"product-type-variable"},"acf":[],"_links":{"self":[{"href":"https:\/\/finzipasca.com\/fr\/wp-json\/wp\/v2\/product\/15678","targetHints":{"allow":["GET"]}}],"collection":[{"href":"https:\/\/finzipasca.com\/fr\/wp-json\/wp\/v2\/product"}],"about":[{"href":"https:\/\/finzipasca.com\/fr\/wp-json\/wp\/v2\/types\/product"}],"wp:featuredmedia":[{"embeddable":true,"href":"https:\/\/finzipasca.com\/fr\/wp-json\/wp\/v2\/media\/14203"}],"wp:attachment":[{"href":"https:\/\/finzipasca.com\/fr\/wp-json\/wp\/v2\/media?parent=15678"}],"wp:term":[{"taxonomy":"product_brand","embeddable":true,"href":"https:\/\/finzipasca.com\/fr\/wp-json\/wp\/v2\/product_brand?post=15678"},{"taxonomy":"product_cat","embeddable":true,"href":"https:\/\/finzipasca.com\/fr\/wp-json\/wp\/v2\/product_cat?post=15678"},{"taxonomy":"product_tag","embeddable":true,"href":"https:\/\/finzipasca.com\/fr\/wp-json\/wp\/v2\/product_tag?post=15678"}],"curies":[{"name":"wp","href":"https:\/\/api.w.org\/{rel}","templated":true}]}}