{"id":15660,"date":"2013-09-19T17:01:23","date_gmt":"2013-09-19T15:01:23","guid":{"rendered":"https:\/\/finzipasca.com\/product\/cd-la-verita\/"},"modified":"2019-12-19T13:55:58","modified_gmt":"2019-12-19T12:55:58","slug":"cd-la-verita","status":"publish","type":"product","link":"https:\/\/finzipasca.com\/fr\/produit\/cd-la-verita\/","title":{"rendered":"CD La Verit\u00e0"},"content":{"rendered":"<div class=\"compact_audio_player_wrapper\"><div class=\"sc_player_container1\"><input type=\"button\" id=\"btnplay_69d62d3c742648.21173060\" class=\"myButton_play\" onClick=\"play_mp3('play','69d62d3c742648.21173060','https:\/\/finzipasca.com\/wp-content\/uploads\/mp3\/Varieta-Verita.mp3','80','false');show_hide('play','69d62d3c742648.21173060');\" \/><input type=\"button\"  id=\"btnstop_69d62d3c742648.21173060\" style=\"display:none\" class=\"myButton_stop\" onClick=\"play_mp3('stop','69d62d3c742648.21173060','','80','false');show_hide('stop','69d62d3c742648.21173060');\" \/><div id=\"sm2-container\"><!-- flash movie ends up here --><\/div><\/div><\/div> Variet\u00e0 Verit\u00e0<\/p>\n<div class=\"compact_audio_player_wrapper\"><div class=\"sc_player_container1\"><input type=\"button\" id=\"btnplay_69d62d3c783ac9.36276473\" class=\"myButton_play\" onClick=\"play_mp3('play','69d62d3c783ac9.36276473','https:\/\/finzipasca.com\/wp-content\/uploads\/mp3\/I%20Menestrelli%20Stelle%20ne%20Miri%20I.mp3','80','false');show_hide('play','69d62d3c783ac9.36276473');\" \/><input type=\"button\"  id=\"btnstop_69d62d3c783ac9.36276473\" style=\"display:none\" class=\"myButton_stop\" onClick=\"play_mp3('stop','69d62d3c783ac9.36276473','','80','false');show_hide('stop','69d62d3c783ac9.36276473');\" \/><div id=\"sm2-container\"><!-- flash movie ends up here --><\/div><\/div><\/div> I Menestrelli &#8211; Stelle ne Miri &#8211; I<\/p>\n<div class=\"compact_audio_player_wrapper\"><div class=\"sc_player_container1\"><input type=\"button\" id=\"btnplay_69d62d3c7bf857.95249841\" class=\"myButton_play\" onClick=\"play_mp3('play','69d62d3c7bf857.95249841','https:\/\/finzipasca.com\/wp-content\/uploads\/mp3\/Nac%20Nac%20Varieta.mp3','80','false');show_hide('play','69d62d3c7bf857.95249841');\" \/><input type=\"button\"  id=\"btnstop_69d62d3c7bf857.95249841\" style=\"display:none\" class=\"myButton_stop\" onClick=\"play_mp3('stop','69d62d3c7bf857.95249841','','80','false');show_hide('stop','69d62d3c7bf857.95249841');\" \/><div id=\"sm2-container\"><!-- flash movie ends up here --><\/div><\/div><\/div> Nac Nac Variet\u00e0<\/p>\n<div class=\"compact_audio_player_wrapper\"><div class=\"sc_player_container1\"><input type=\"button\" id=\"btnplay_69d62d3c817d93.97720041\" class=\"myButton_play\" onClick=\"play_mp3('play','69d62d3c817d93.97720041','https:\/\/finzipasca.com\/wp-content\/uploads\/mp3\/Agnus%20Dei%20II.mp3','80','false');show_hide('play','69d62d3c817d93.97720041');\" \/><input type=\"button\"  id=\"btnstop_69d62d3c817d93.97720041\" style=\"display:none\" class=\"myButton_stop\" onClick=\"play_mp3('stop','69d62d3c817d93.97720041','','80','false');show_hide('stop','69d62d3c817d93.97720041');\" \/><div id=\"sm2-container\"><!-- flash movie ends up here --><\/div><\/div><\/div> Agnus Dei II<\/p>\n<p>&nbsp; <\/p>\n<p>musique par Maria Bonzanigo<br \/>\nparoles par Daniele Finzi Pasca<\/p>\n<p>produit par Maria Bonzanigo et Davy Gallant<\/p>\n<p>Orchestration :<br \/>\nProduction musicale par RSI Radiotelevisione svizzera<\/p>\n<p>Interpr&eacute;t&eacute;e par l&rsquo;Orchestra della Svizzera Italiana OSI<br \/>\ndirig&eacute; par Philippe Bach<br \/>\navec la participation de la mezzo-soprano Yi Ping Li<br \/>\ning&eacute;nieur du son et mixage Manuel Veronesi<\/p>\n<p>Musique en direct r&eacute;alis&eacute;e par les artistes du spectacle<br \/>\nproduction musicale par Compagnia Finzi Pasca<br \/>\ning&eacute;nieur du son Davy Gallant Enregistr&eacute; au studio King, Greenfield Park, QC<br \/>\nassist&eacute; de Paul Campagne et au Dogger Pond studio, Drummondville, QC<br \/>\nIng&eacute;nieur du son, effets et mixage : Davy Gallant assist&eacute;s par Paul Campagne<br \/>\nLa harpe de verre a &eacute;t&eacute; enregistr&eacute; &agrave; la Place des Arts, Montr&eacute;al, QC<\/p>\n<p>La harpe de verre a &eacute;t&eacute; fabriqu&eacute; par Robert Tiso<\/p>\n<p>Mixage et mastering par Davy Gallant au Dogger Pond Studio, Drummondville, QC<\/p>\n<p>Charg&eacute;s de projet : Marc Andr&eacute; Goyer, Anna Locatelli et Tanja Stojanovic<\/p>\n<p>Conception graphique : Viviana Cangialosi<\/p>\n","protected":false},"excerpt":{"rendered":"<p>Variet\u00e0 Verit\u00e0 I Menestrelli &#8211; Stelle ne Miri &#8211; I Nac Nac Variet\u00e0 Agnus Dei II &nbsp; musique par Maria Bonzanigo paroles par Daniele Finzi Pasca produit par Maria Bonzanigo et Davy Gallant Orchestration : Production musicale par RSI Radiotelevisione svizzera Interpr&eacute;t&eacute;e par l&rsquo;Orchestra della Svizzera Italiana OSI dirig&eacute; par Philippe Bach avec la participation de la mezzo-soprano Yi Ping Li ing&eacute;nieur du son et mixage Manuel Veronesi Musique en direct r&eacute;alis&eacute;e par les artistes du spectacle production musicale par Compagnia Finzi Pasca ing&eacute;nieur du son Davy Gallant Enregistr&eacute; au studio King, Greenfield Park, QC assist&eacute; de Paul Campagne et au Dogger Pond studio, Drummondville, QC Ing&eacute;nieur du son, effets et mixage : Davy Gallant assist&eacute;s par Paul Campagne La harpe de verre a &eacute;t&eacute; enregistr&eacute; &agrave; la Place des Arts, Montr&eacute;al, QC La harpe de verre a &eacute;t&eacute; fabriqu&eacute; par Robert Tiso Mixage et mastering par Davy Gallant au Dogger Pond Studio, Drummondville, QC Charg&eacute;s de projet : Marc Andr&eacute; Goyer, Anna Locatelli et Tanja Stojanovic Conception graphique : Viviana Cangialosi<\/p>\n","protected":false},"featured_media":14135,"template":"","meta":{"_acf_changed":false},"product_brand":[],"product_cat":[280],"product_tag":[],"class_list":{"0":"post-15660","1":"product","2":"type-product","3":"status-publish","4":"has-post-thumbnail","6":"product_cat-non-classifiee","7":"product_shipping_class-cd-fr","9":"first","10":"instock","11":"shipping-taxable","12":"purchasable","13":"product-type-simple"},"acf":[],"_links":{"self":[{"href":"https:\/\/finzipasca.com\/fr\/wp-json\/wp\/v2\/product\/15660","targetHints":{"allow":["GET"]}}],"collection":[{"href":"https:\/\/finzipasca.com\/fr\/wp-json\/wp\/v2\/product"}],"about":[{"href":"https:\/\/finzipasca.com\/fr\/wp-json\/wp\/v2\/types\/product"}],"wp:featuredmedia":[{"embeddable":true,"href":"https:\/\/finzipasca.com\/fr\/wp-json\/wp\/v2\/media\/14135"}],"wp:attachment":[{"href":"https:\/\/finzipasca.com\/fr\/wp-json\/wp\/v2\/media?parent=15660"}],"wp:term":[{"taxonomy":"product_brand","embeddable":true,"href":"https:\/\/finzipasca.com\/fr\/wp-json\/wp\/v2\/product_brand?post=15660"},{"taxonomy":"product_cat","embeddable":true,"href":"https:\/\/finzipasca.com\/fr\/wp-json\/wp\/v2\/product_cat?post=15660"},{"taxonomy":"product_tag","embeddable":true,"href":"https:\/\/finzipasca.com\/fr\/wp-json\/wp\/v2\/product_tag?post=15660"}],"curies":[{"name":"wp","href":"https:\/\/api.w.org\/{rel}","templated":true}]}}