{"id":15627,"date":"2016-11-22T23:00:53","date_gmt":"2016-11-22T22:00:53","guid":{"rendered":"https:\/\/finzipasca.com\/product\/bianco-su-bianco-short-story-by-daniele-finzi-pasca\/"},"modified":"2021-08-03T15:11:03","modified_gmt":"2021-08-03T13:11:03","slug":"bianco-su-bianco-nouvelle-de-daniele-finzi-pasca","status":"publish","type":"product","link":"https:\/\/finzipasca.com\/fr\/produit\/bianco-su-bianco-nouvelle-de-daniele-finzi-pasca\/","title":{"rendered":"Bianco su Bianco : nouvelle de Daniele Finzi Pasca"},"content":{"rendered":"<p>Cette-ci est l\u2019histoire de Ruggero, un enfant mal parti dans la vie, avec un p\u00e8re violent et alcoolique. Seulement des bouches pinc\u00e9es quand Ruggero \u00e9tait en circulation: \u00e0 lui il n\u2019\u00e9tait pas permis de sourire. Mais le petit gar\u00e7on r\u00e9agit, sauv\u00e9 par l\u2019affection des amis, des voisins, d\u2019un nouveau p\u00e8re entra\u00eeneur et par l\u2019amour de Elena. Puis, un coup de vent, un doute et une certitude qui contraignent Elena et Ruggero dans un vortex angoissant et passionant\u2026comme l\u2019est la vie. Presque un douloureux et en m\u00eame temps magique roman de formation, auquel son auteur s\u2019est inspir\u00e9 pour mettre en sc\u00e8ne le spectacle de Bianco su Bianco, qui depuis ses d\u00e9buts \u00e0 Bellinzona (Suisse) en 2014, a \u00e9t\u00e9 vu par plus de 22\u2019000 spectateurs en 5 langues.<\/p>\n","protected":false},"excerpt":{"rendered":"<p>A short story by Daniele Finzi Pasca<\/p>\n<p>Compagnia Finzi Pasca Editions<\/p>\n<p>130 pages<\/p>\n<p>ISBN 978-88-941005-1-8<\/p>\n","protected":false},"featured_media":14119,"template":"","meta":{"_acf_changed":false},"product_brand":[],"product_cat":[280],"product_tag":[],"class_list":{"0":"post-15627","1":"product","2":"type-product","3":"status-publish","4":"has-post-thumbnail","6":"product_cat-non-classifiee","7":"product_shipping_class-livresbsbpertehugo-fr","9":"first","10":"instock","11":"shipping-taxable","12":"purchasable","13":"product-type-variable"},"acf":[],"_links":{"self":[{"href":"https:\/\/finzipasca.com\/fr\/wp-json\/wp\/v2\/product\/15627","targetHints":{"allow":["GET"]}}],"collection":[{"href":"https:\/\/finzipasca.com\/fr\/wp-json\/wp\/v2\/product"}],"about":[{"href":"https:\/\/finzipasca.com\/fr\/wp-json\/wp\/v2\/types\/product"}],"wp:featuredmedia":[{"embeddable":true,"href":"https:\/\/finzipasca.com\/fr\/wp-json\/wp\/v2\/media\/14119"}],"wp:attachment":[{"href":"https:\/\/finzipasca.com\/fr\/wp-json\/wp\/v2\/media?parent=15627"}],"wp:term":[{"taxonomy":"product_brand","embeddable":true,"href":"https:\/\/finzipasca.com\/fr\/wp-json\/wp\/v2\/product_brand?post=15627"},{"taxonomy":"product_cat","embeddable":true,"href":"https:\/\/finzipasca.com\/fr\/wp-json\/wp\/v2\/product_cat?post=15627"},{"taxonomy":"product_tag","embeddable":true,"href":"https:\/\/finzipasca.com\/fr\/wp-json\/wp\/v2\/product_tag?post=15627"}],"curies":[{"name":"wp","href":"https:\/\/api.w.org\/{rel}","templated":true}]}}