{"id":734,"date":"2012-03-16T16:23:38","date_gmt":"2012-03-16T14:23:38","guid":{"rendered":"https:\/\/finzipasca.com\/?page_id=734"},"modified":"2020-03-11T16:32:21","modified_gmt":"2020-03-11T15:32:21","slug":"maria-bonzanigo","status":"publish","type":"page","link":"https:\/\/finzipasca.com\/fr\/compagnie\/equipe\/maria-bonzanigo\/","title":{"rendered":"Maria Bonzanigo"},"content":{"rendered":"<h3>Maria Bonzanigo (n\u00e9e \u00e0 Lausanne, originaire de Bellinzona, Suisse), Co-fondatrice de la Compagnie Finzi Pasca<\/h3>\n<p>Compositrice et chor\u00e9graphe<\/p>\n<p><a href=\"https:\/\/finzipasca.com\/wp-content\/uploads\/2012\/03\/Maria.png\"><img loading=\"lazy\" decoding=\"async\" class=\" wp-image-10782 size-full alignleft\" title=\"Maria Bonzanigo\" src=\"https:\/\/finzipasca.com\/wp-content\/uploads\/2012\/03\/Maria.png\" alt=\"\" width=\"142\" height=\"213\" \/><\/a><\/p>\n<p>Depuis l\u2019\u00e2ge de 11 ans, Maria Bonzanigo \u00e9tudie composition avec Paul Glass. Entre 1981 et 1995, elle continue sa formation en danse, en p\u00e9dagogie de la danse et en chor\u00e9graphie avec Rosalia Chladek, enseignant successivement \u00e0 l\u2019International Gesellschaft Rosalia Chladek Dance System. En 1984 elle rencontre Daniele Finzi Pasca et commence ainsi une collaboration artistique intense qui continue jusqu\u2019\u00e0 ce jour-ci. Avec Daniele et son fr\u00e8re Marco Finzi, elle est co-fondatrice de la compagnie Teatro Sunil, caract\u00e9ris\u00e9e par une particuli\u00e8re vision de l\u2019art clownesque, de la danse et du jeu\u00a0d\u2019acteur : une approche th\u00e9\u00e2trale qu\u2019ils nomment \u00ab\u00a0Th\u00e9\u00e2tre de la caresse\u00a0\u00bb. Avec le Teatro Sunil elle prend part en tant qu\u2019actrice, danseuse, chor\u00e9graphe et metteuse en sc\u00e8ne dans une trentaine de cr\u00e9ations pr\u00e9sent\u00e9es dans une vingtaine de pays. En 2011, avec Antonio Vergamini, Daniele Finzi Pasca, Hugo Gargiulo et Julie Hamelin Finzi, elle est co-fondatrice de la Compagnia Finzi Pasca, une nouvelle structure qui unit les destins du Teatro Sunil et d\u2019Inlevitas.<\/p>\n<p>Pour la Compagnia Finzi Pasca elle est \u00e0 la fois compositrice pour toutes les cr\u00e9ations de la compagnie et chor\u00e9graphe. Elle \u00e9crit aussi la musique des grands projets comme <em>Corteo<\/em>, le spectacle produit en 2005 par Cirque du Soleil, un spectacle qui a fait le tour du monde pendant 10 ans vu par plus de\u00a0 8 millions de spectateurs et qui est repris en 2018, et la <em>C\u00e9r\u00e9monie de cl\u00f4ture<\/em> des Jeux Olympiques de Turin 2006. Elle collabore aussi \u00e0 la musique de la <em>C\u00e9r\u00e9monie d\u2019ouverture<\/em> des Jeux Paralympiques de Sochi 2014. Pour<em> Montr\u00e9al Avudo,<\/em> une production de la Compagnia Finzi Pasca pour le 375<sup>\u00e8me<\/sup> anniversaire de la ville qu\u00e9b\u00e9coise en 2017, sa musique est enregistr\u00e9e avec l\u2019Orchestre M\u00e9tropolitain de Montr\u00e9al. Maria assume l\u2019\u00e9criture et l\u2019enregistrement de la musique des spectacles <em>Donka &#8211; Une lettre \u00e0 Tchekov, <\/em>cr\u00e9e pour le 150<sup>\u00e8me<\/sup> anniversaire de la naissance de Anton Tchekov pour lequel ses compositions sont enregistr\u00e9es par la Sergei Rakhmaninov Symphony Orchestra \u00e0 Moscou\u00a0; ainsi que de <em>La Verit\u00e0<\/em>(2013) et de <em>Per te<\/em> (2016), enregistr\u00e9es par l\u2019OSI Orchestra della Svizzera italiana \u00e0 Lugano, Suisse.<\/p>\n<p>Ce sont \u00e0 Maria les notes de <em>Bianco su Bianco<\/em> (2014) et de la bande sonore du film <em>Oro verde<\/em> (2014) de Mohammed Soudani et du documentaire sur le CERN <em>Il senso della bellezza<\/em> (2017) de Valerio Jalongo. Pour la musique du spectacle <em>Nebbia<\/em> (2007), elle re\u00e7oit le Gascon-Roux Award du Th\u00e9\u00e2tre du Nouveau Monde (TNM) \u00e0 Montr\u00e9al. Pour le spectacle interactif pour familles <em>Abrazos (2019) <\/em>\u00e0 la Feria de Le\u00f3n au Mexique), (production Compagnia Finzi Pasca, 200 000 spectateurs) Maria est compositrice, auteure de la conception sonore et co-chor\u00e9graphe. En 2019 elle est directrice musicale et compositrice principale de la musique de la <em>F\u00eate des Vignerons,<\/em> une c\u00e9l\u00e9bration qui se tient \u00e0 Vevey (Suisse, 375 000 spectateurs) environs quatre fois par si\u00e8cle.<\/p>\n<p>En tant que chor\u00e9graphe, elle participe \u00e0 la mise en sc\u00e8ne des \u0153uvres lyriques <em>Pagliacci<\/em> de Leoncavallo au Teatro San Carlo \u00e0 Naples en 2011 (ensuite repris au Th\u00e9\u00e2tre Mariinsky \u00e0 Saint P\u00e9tersbourg) et <em>Carmen<\/em> de Bizet, aussi au Teatro San Carlo en 2016 et en 2017, ensuite au Thailand Cultural Center \u00e0 Bangkok en 2018.<\/p>\n<p>Maria signe aussi la chor\u00e9graphie de <em>Einstein on the Beach <\/em>de Philip Glass e Robert Wilson, spectacle d\u2019ouverture de la saison 2019-2020 au Grand Th\u00e9\u00e2tre de Gen\u00e8ve (mise en sc\u00e8ne de Daniele Finzi Pasca, co-production Compagnia Finzi Pasca).<\/p>\n<p>Ses travaux sont publi\u00e9s chez les \u00e9ditions Jecklin, Teatro Sunil, Cirque du Soleil, Edizioni de Agostini et Compagnia Finzi Pasca. Sa musique a \u00e9t\u00e9 jou\u00e9e et \u00e9cout\u00e9e par des millions de personnes, dans le monde entier.<\/p>\n","protected":false},"excerpt":{"rendered":"<p>Maria Bonzanigo (n\u00e9e \u00e0 Lausanne, originaire de Bellinzona, Suisse), Co-fondatrice de la Compagnie Finzi Pasca Compositrice et chor\u00e9graphe Depuis l\u2019\u00e2ge de 11 ans, Maria Bonzanigo \u00e9tudie composition avec Paul Glass. Entre 1981 et 1995, elle continue sa formation en danse, en p\u00e9dagogie de la danse et en chor\u00e9graphie avec Rosalia Chladek, enseignant successivement \u00e0 l\u2019International Gesellschaft Rosalia Chladek Dance System. En 1984 elle rencontre Daniele Finzi Pasca et commence ainsi une collaboration artistique intense qui continue jusqu\u2019\u00e0 ce jour-ci. Avec Daniele et son fr\u00e8re Marco Finzi, elle est co-fondatrice de la compagnie Teatro Sunil, caract\u00e9ris\u00e9e par une particuli\u00e8re vision de l\u2019art clownesque, de la danse et du jeu\u00a0d\u2019acteur : une approche th\u00e9\u00e2trale qu\u2019ils nomment \u00ab\u00a0Th\u00e9\u00e2tre de la caresse\u00a0\u00bb. Avec le Teatro Sunil elle prend part en tant qu\u2019actrice, danseuse, chor\u00e9graphe et metteuse en sc\u00e8ne dans une trentaine de cr\u00e9ations pr\u00e9sent\u00e9es dans une vingtaine de pays. En 2011, avec Antonio Vergamini, Daniele Finzi Pasca, Hugo Gargiulo et Julie Hamelin Finzi, elle est co-fondatrice de la Compagnia Finzi Pasca, une nouvelle structure qui unit les destins du Teatro Sunil et d\u2019Inlevitas. Pour la Compagnia Finzi Pasca elle est \u00e0 la fois compositrice pour toutes les cr\u00e9ations de la compagnie et chor\u00e9graphe. Elle [&hellip;]<\/p>\n","protected":false},"author":80,"featured_media":0,"parent":52,"menu_order":20,"comment_status":"open","ping_status":"open","template":"","meta":{"_acf_changed":false,"footnotes":""},"class_list":["post-734","page","type-page","status-publish","hentry"],"acf":[],"_links":{"self":[{"href":"https:\/\/finzipasca.com\/fr\/wp-json\/wp\/v2\/pages\/734","targetHints":{"allow":["GET"]}}],"collection":[{"href":"https:\/\/finzipasca.com\/fr\/wp-json\/wp\/v2\/pages"}],"about":[{"href":"https:\/\/finzipasca.com\/fr\/wp-json\/wp\/v2\/types\/page"}],"author":[{"embeddable":true,"href":"https:\/\/finzipasca.com\/fr\/wp-json\/wp\/v2\/users\/80"}],"replies":[{"embeddable":true,"href":"https:\/\/finzipasca.com\/fr\/wp-json\/wp\/v2\/comments?post=734"}],"version-history":[{"count":0,"href":"https:\/\/finzipasca.com\/fr\/wp-json\/wp\/v2\/pages\/734\/revisions"}],"up":[{"embeddable":true,"href":"https:\/\/finzipasca.com\/fr\/wp-json\/wp\/v2\/pages\/52"}],"wp:attachment":[{"href":"https:\/\/finzipasca.com\/fr\/wp-json\/wp\/v2\/media?parent=734"}],"curies":[{"name":"wp","href":"https:\/\/api.w.org\/{rel}","templated":true}]}}