{"id":713,"date":"2012-03-16T16:16:38","date_gmt":"2012-03-16T14:16:38","guid":{"rendered":"https:\/\/finzipasca.com\/?page_id=713"},"modified":"2024-11-28T14:42:18","modified_gmt":"2024-11-28T13:42:18","slug":"daniele-finzi-pasca","status":"publish","type":"page","link":"https:\/\/finzipasca.com\/fr\/compagnie\/equipe\/daniele-finzi-pasca\/","title":{"rendered":"Daniele Finzi Pasca"},"content":{"rendered":"<h3><strong>Daniele Finzi Pasca <\/strong>(Lugano, Suisse), co-fondateur de la Compagnia Finzi Pasca<\/h3>\n<p>Auteur, metteur en sc\u00e8ne, chor\u00e9graphe, concepteur d\u2019\u00e9clairage et acteur.<\/p>\n<p><a href=\"https:\/\/finzipasca.com\/wp-content\/uploads\/2012\/10\/Daniele.png\"><img loading=\"lazy\" decoding=\"async\" class=\" wp-image-10751 size-full alignleft\" title=\"Daniele Finzi Pasca\" src=\"https:\/\/finzipasca.com\/wp-content\/uploads\/2012\/10\/Daniele.png\" alt=\"\" width=\"142\" height=\"213\" \/><\/a><\/p>\n<p>Daniele Finzi Pasca \u00e9volue simultan\u00e9ment dans trois univers\u00a0: celui de la mise en sc\u00e8ne th\u00e9\u00e2trale, celui des arts de la sc\u00e8ne et celui de la clownerie. N\u00e9 dans une famille profond\u00e9ment immerg\u00e9e dans le monde de l\u2019art, il commence sa carri\u00e8re en tant que gymnaste et devient artiste de cirque avant d\u2019entrer dans l\u2019univers du th\u00e9\u00e2tre. En 1983, il part pour l\u2019Inde\u00a0en tant que b\u00e9n\u00e9vole et il s\u2019occupe\u00a0de malades en phase terminale \u00e0 Calcutta. De retour en Suisse, il fonde\u00a0avec son fr\u00e8re Marco et Maria Bonzanigo la compagnie Teatro Sunil au sein de laquelle il \u00e9labore sa vision particuli\u00e8re de la clownerie, de la danse et du th\u00e9\u00e2tre\u00a0: une technique th\u00e9\u00e2trale que les trois baptisent \u00ab\u2009th\u00e9\u00e2tre de la caresse\u2009\u00bb. Avec le Teatro Sunil, Daniele cr\u00e9e et dirige une trentaine de spectacles, pr\u00e9sent\u00e9s dans plus de vingt pays, qui t\u00e9moignent d\u2019une profonde humanit\u00e9 et d\u2019un grand esprit ludique. En 1991 il \u00e9crit <em>Icaro<\/em>, un monologue imagin\u00e9 pour un seul spectateur, qu\u2019il a lui-m\u00eame interpr\u00e9t\u00e9 pr\u00e8s de 800\u00a0fois en 6\u00a0langues diff\u00e9rentes et qui est\u00a0actuellement en tourn\u00e9e. En 2009, avec Julie Hamelin (sa femme, d\u00e9c\u00e9d\u00e9e en 2016) il fonde <em>Inlevitas<\/em> pour cr\u00e9er et d\u00e9velopper diff\u00e9rents projets artistiques, dont la premi\u00e8re production est l\u2019op\u00e9ra <em>L\u2019amour de loin<\/em> (Love from afar) con\u00e7ue pour la English National Opera.<\/p>\n<p>En 2011, avec Antonio Vergamini, Hugo Gargiulo, Julie Hamelin Finzi et Maria Bonzanigo,\u00a0il est co-fondateur de la Compagnia Finzi Pasca dont le si\u00e8ge est \u00e0 Lugano (Suisse), et pour laquelle il cr\u00e9e et dirige plus de <strong>40<\/strong><strong>\u00a0<\/strong><strong>spectacles<\/strong><strong>\u00a0<\/strong>: <strong>3 <\/strong><strong>c<\/strong><strong>\u00e9r\u00e9monies olympiques<\/strong> (Turin\u00a02006 et Sotchi\u00a02014, Jeux olympiques et Jeux paralympiques), 2\u00a0spectacles pour le <strong>Cirque du Soleil<\/strong> (<em>Luzia <\/em>en 2016 et <em>Corteo<\/em> en 2005 avec plus de 10\u00a0millions de spectateurs), 8\u00a0\u0153uvres lyriques, dont <em>A<\/em><em>\u00ef<\/em><em>da<\/em> et le <em>Requiem<\/em> de Verdi, qui entrent officiellement au r\u00e9pertoire du Th\u00e9\u00e2tre Mariinsky de Saint-P\u00e9tersbourg, <em>Carmen<\/em> et <em>Pagliacci<\/em> au Th\u00e9\u00e2tre San Carlo \u00e0 Naples, <em>L<\/em><em>\u2019<\/em><em>Amour de loin<\/em> pour l\u2019English National Opera de Londres, <em>Einstein on the Beach <\/em>qui a ouvert la saison 2019\/2020 du <strong>Grand Th\u00e9\u00e2tre de Gen\u00e8ve<\/strong>, <em>Les contes d<\/em><em>\u2019<\/em><em>Hoffmann<\/em> pour le <strong>Staatsoper d<\/strong><strong>\u2019<\/strong><strong>Hambourg<\/strong> en 2021 et <em>Mar\u00eda de<\/em><em>\u00a0<\/em><em>Buenos Aires<\/em> au Grand Th\u00e9\u00e2tre de Gen\u00e8ve en octobre 2023. En 2024, il met en sc\u00e8ne <em>l<\/em><em>\u2019<\/em><em>op\u00e9ra Zarqa Al Yamama <\/em>au <em>Centre culturel du <\/em><em>R<\/em><em>oi Fahad <\/em>\u00e0 Riyad, en Arabie saoudite.<\/p>\n<p>Parmi les <strong>grands \u00e9v\u00e9nements<\/strong>, la Compagnie a produit en 2017 <em><strong>Montr\u00e9al Avudo<\/strong><\/em>, un spectacle multim\u00e9dia command\u00e9 par la ville canadienne qui combine <em>mapping vid\u00e9o<\/em>, lumi\u00e8res et fontaines d\u2019eau (249 000 spectateurs en 4\u00a0mois) et en 2019 <em><strong>Abrazos<\/strong><\/em> pour la Feria Estatal de Le\u00f3n (Mexique), un \u00e9v\u00e9nement sp\u00e9cial d\u00e9di\u00e9 aux familles (plus de 200 000\u00a0spectateurs). Par ailleurs, son noyau cr\u00e9atif a fait partie de la <strong>F\u00eate des Vignerons<\/strong><strong>\u00a0<\/strong>2019, un \u00e9v\u00e9nement majeur qui se tient une fois chaque quart de si\u00e8cle \u00e0 Vevey (Suisse) pour environ 375 000\u00a0spectateurs. En 2020, la Compagnia Finzi Pasca a pris en charge l\u2019am\u00e9nagement\u00a0artistique pour l\u2019inauguration du plus grand orgue de Russie, au <strong>Zaryadye Concert Hall <\/strong>de Moscou\u00a0: une installation immersive au cours de laquelle 24 des meilleurs organistes du monde se sont produits pendant 24\u00a0heures cons\u00e9cutives (environ 10 000\u00a0visiteurs).<\/p>\n<p>Actuellement, 6\u00a0spectacles de la Compagnia Finzi Pasca sont en tourn\u00e9e\u00a0: <em>Titiz\u00e9 &#8211; A Venetian Dream <\/em>(2024),<em> Nuda<\/em> (2021), <em>52 <\/em>(2021), <em>Luna Park &#8211; Come un giro di giostra<\/em> (2020), <em>Bianco su Bianco<\/em> (2014), et <em>Icaro<\/em> (1991).\u00a0En 2022, Daniele \u00e9crit et met en sc\u00e8ne <em>Azul &#8211; Gioia, Furia, Fede y Eterno Amor<\/em> avec Stefano Accorsi, produit par le Nuovo Teatro de Marco Balsamo en coproduction avec la Fondazione Teatro della Toscana.<br \/>\nEn 2023, il cr\u00e9e et met en sc\u00e8ne le spectacle de flamenco contemporain <em>Jaleos Jondos<\/em>.<\/p>\n<p>D\u2019autres projets internationaux sont en pr\u00e9paration tant avec la Compagnia Finzi Pasca qu\u2019avec Inlevitas, dont Melissa Vettore, son \u00e9pouse, est collaboratrice artistique.\u00a0Le parcours artistique de Daniele comprend plusieurs publications litt\u00e9raires (parues en sept langues), dont des contes, deux dramaturgies de ses spectacles, un roman, une nouvelle et un livre-interview de Facundo Ponce de Le\u00f3n, intitul\u00e9<em> Daniele Finzi Pasca.<\/em>\u00a0<em>Th\u00e9\u00e2tre de la caresse.<\/em><\/p>\n<p>Parmi les nombreuses distinctions qui lui ont \u00e9t\u00e9 attribu\u00e9es (comme les 3\u00a0nominations \u00e0 Broadway pour <em>Rain,<\/em> 2006), Daniele a re\u00e7u le <strong>Montreal English Critics Circle Award<\/strong> (MECCA) 2009 pour <em>Icaro<\/em>, <strong>l<\/strong><strong>\u2019Anneau <\/strong><strong>Hans Reinhart <\/strong>(2012), la plus haute distinction th\u00e9\u00e2trale en Suisse \u00ab\u2009pour la contribution de toute une vie aux arts de la sc\u00e8ne\u2009\u00bb, le <strong>Best Director of Circus Performance Award<\/strong>\u00a02016 (Russie) pour <em>La Verit\u00e0<\/em> et le <strong>Swiss Society Fellowship Prize<\/strong>\u00a02020 (USA). En 2021, Daniele a re\u00e7u le prix \u00ab\u2009Marco Borradori \u2013 en tout ce qui g\u00e9n\u00e8re de la beaut\u00e9\u2009\u00bb (Lugano, Suisse).<\/p>\n","protected":false},"excerpt":{"rendered":"<p>Daniele Finzi Pasca (Lugano, Suisse), co-fondateur de la Compagnia Finzi Pasca Auteur, metteur en sc\u00e8ne, chor\u00e9graphe, concepteur d\u2019\u00e9clairage et acteur. Daniele Finzi Pasca \u00e9volue simultan\u00e9ment dans trois univers\u00a0: celui de la mise en sc\u00e8ne th\u00e9\u00e2trale, celui des arts de la sc\u00e8ne et celui de la clownerie. N\u00e9 dans une famille profond\u00e9ment immerg\u00e9e dans le monde de l\u2019art, il commence sa carri\u00e8re en tant que gymnaste et devient artiste de cirque avant d\u2019entrer dans l\u2019univers du th\u00e9\u00e2tre. En 1983, il part pour l\u2019Inde\u00a0en tant que b\u00e9n\u00e9vole et il s\u2019occupe\u00a0de malades en phase terminale \u00e0 Calcutta. De retour en Suisse, il fonde\u00a0avec son fr\u00e8re Marco et Maria Bonzanigo la compagnie Teatro Sunil au sein de laquelle il \u00e9labore sa vision particuli\u00e8re de la clownerie, de la danse et du th\u00e9\u00e2tre\u00a0: une technique th\u00e9\u00e2trale que les trois baptisent \u00ab\u2009th\u00e9\u00e2tre de la caresse\u2009\u00bb. Avec le Teatro Sunil, Daniele cr\u00e9e et dirige une trentaine de spectacles, pr\u00e9sent\u00e9s dans plus de vingt pays, qui t\u00e9moignent d\u2019une profonde humanit\u00e9 et d\u2019un grand esprit ludique. En 1991 il \u00e9crit Icaro, un monologue imagin\u00e9 pour un seul spectateur, qu\u2019il a lui-m\u00eame interpr\u00e9t\u00e9 pr\u00e8s de 800\u00a0fois en 6\u00a0langues diff\u00e9rentes et qui est\u00a0actuellement en tourn\u00e9e. En 2009, avec Julie Hamelin (sa [&hellip;]<\/p>\n","protected":false},"author":80,"featured_media":0,"parent":52,"menu_order":5,"comment_status":"open","ping_status":"open","template":"","meta":{"_acf_changed":false,"footnotes":""},"class_list":["post-713","page","type-page","status-publish","hentry"],"acf":[],"_links":{"self":[{"href":"https:\/\/finzipasca.com\/fr\/wp-json\/wp\/v2\/pages\/713","targetHints":{"allow":["GET"]}}],"collection":[{"href":"https:\/\/finzipasca.com\/fr\/wp-json\/wp\/v2\/pages"}],"about":[{"href":"https:\/\/finzipasca.com\/fr\/wp-json\/wp\/v2\/types\/page"}],"author":[{"embeddable":true,"href":"https:\/\/finzipasca.com\/fr\/wp-json\/wp\/v2\/users\/80"}],"replies":[{"embeddable":true,"href":"https:\/\/finzipasca.com\/fr\/wp-json\/wp\/v2\/comments?post=713"}],"version-history":[{"count":2,"href":"https:\/\/finzipasca.com\/fr\/wp-json\/wp\/v2\/pages\/713\/revisions"}],"predecessor-version":[{"id":26458,"href":"https:\/\/finzipasca.com\/fr\/wp-json\/wp\/v2\/pages\/713\/revisions\/26458"}],"up":[{"embeddable":true,"href":"https:\/\/finzipasca.com\/fr\/wp-json\/wp\/v2\/pages\/52"}],"wp:attachment":[{"href":"https:\/\/finzipasca.com\/fr\/wp-json\/wp\/v2\/media?parent=713"}],"curies":[{"name":"wp","href":"https:\/\/api.w.org\/{rel}","templated":true}]}}