{"id":4515,"date":"2013-01-16T05:35:22","date_gmt":"2013-01-16T03:35:22","guid":{"rendered":"https:\/\/finzipasca.com\/terms-and-conditions-2\/"},"modified":"2013-09-06T04:03:52","modified_gmt":"2013-09-06T02:03:52","slug":"echanges-et-remboursements","status":"publish","type":"page","link":"https:\/\/finzipasca.com\/fr\/echanges-et-remboursements\/","title":{"rendered":"Terms and Conditions"},"content":{"rendered":"<p>\u00c9CHANGES ET REMBOURSEMENTS<\/p>\n<p>Les \u00e9changes et les remboursements sont autoris\u00e9s jusqu&rsquo;\u00e0 30&nbsp;jours apr\u00e8s l&rsquo;achat.<\/p>\n<p>Pour obtenir un remboursement ou \u00e9changer un article, <a href=\"mailto:shop@finzipasca.com\">contactez-nous<\/a>. Veuillez inclure la raison du retour ainsi que votre num\u00e9ro de confirmation de la commande.<\/p>\n<p>Les \u00e9changes sont effectu\u00e9s quelques jours suivant apr\u00e8s la r\u00e9ception de la marchandise.<\/p>\n<p>Le montant sera cr\u00e9dit\u00e9 sur le compte utilis\u00e9 pour l&rsquo;achat initial du produit, excluant les frais d&rsquo;exp\u00e9dition et de manutention. Le remboursement peut prendre jusqu&rsquo;\u00e0 3 semaines avant d&rsquo;appara\u00eetre sur votre \u00e9tat de compte. <\/p>\n<p>Il est possible d&rsquo;\u00e9changer et de rembourser les CDs et DVDs seulement s&rsquo;ils sont encore dans leur emballage original.<\/p>\n","protected":false},"excerpt":{"rendered":"<p>\u00c9CHANGES ET REMBOURSEMENTS Les \u00e9changes et les remboursements sont autoris\u00e9s jusqu&rsquo;\u00e0 30&nbsp;jours apr\u00e8s l&rsquo;achat. Pour obtenir un remboursement ou \u00e9changer un article, contactez-nous. Veuillez inclure la raison du retour ainsi que votre num\u00e9ro de confirmation de la commande. Les \u00e9changes sont effectu\u00e9s quelques jours suivant apr\u00e8s la r\u00e9ception de la marchandise. Le montant sera cr\u00e9dit\u00e9 sur le compte utilis\u00e9 pour l&rsquo;achat initial du produit, excluant les frais d&rsquo;exp\u00e9dition et de manutention. Le remboursement peut prendre jusqu&rsquo;\u00e0 3 semaines avant d&rsquo;appara\u00eetre sur votre \u00e9tat de compte. Il est possible d&rsquo;\u00e9changer et de rembourser les CDs et DVDs seulement s&rsquo;ils sont encore dans leur emballage original.<\/p>\n","protected":false},"author":80,"featured_media":0,"parent":0,"menu_order":65,"comment_status":"open","ping_status":"open","template":"","meta":{"_acf_changed":false,"footnotes":""},"class_list":["post-4515","page","type-page","status-publish","hentry"],"acf":[],"_links":{"self":[{"href":"https:\/\/finzipasca.com\/fr\/wp-json\/wp\/v2\/pages\/4515","targetHints":{"allow":["GET"]}}],"collection":[{"href":"https:\/\/finzipasca.com\/fr\/wp-json\/wp\/v2\/pages"}],"about":[{"href":"https:\/\/finzipasca.com\/fr\/wp-json\/wp\/v2\/types\/page"}],"author":[{"embeddable":true,"href":"https:\/\/finzipasca.com\/fr\/wp-json\/wp\/v2\/users\/80"}],"replies":[{"embeddable":true,"href":"https:\/\/finzipasca.com\/fr\/wp-json\/wp\/v2\/comments?post=4515"}],"version-history":[{"count":0,"href":"https:\/\/finzipasca.com\/fr\/wp-json\/wp\/v2\/pages\/4515\/revisions"}],"wp:attachment":[{"href":"https:\/\/finzipasca.com\/fr\/wp-json\/wp\/v2\/media?parent=4515"}],"curies":[{"name":"wp","href":"https:\/\/api.w.org\/{rel}","templated":true}]}}