{"id":15428,"date":"2018-01-31T22:40:09","date_gmt":"2018-01-31T21:40:09","guid":{"rendered":"https:\/\/finzipasca.com\/compagnie-2017\/about-us\/"},"modified":"2023-03-20T17:27:52","modified_gmt":"2023-03-20T16:27:52","slug":"about-us","status":"publish","type":"page","link":"https:\/\/finzipasca.com\/fr\/compagnie\/about-us\/","title":{"rendered":"About us"},"content":{"rendered":"<div class=\"wpb-content-wrapper\"><p>[vc_row][vc_column width=\u00a0\u00bb1\/1&Prime;][\/vc_column][\/vc_row][vc_row type=\u00a0\u00bbfull_width_section\u00a0\u00bb bg_image=\u00a0\u00bb14720&Prime; parallax_bg=\u00a0\u00bbtrue\u00a0\u00bb stellar_class=\u00a0\u00bbfixed\u00a0\u00bb text_color=\u00a0\u00bblight\u00a0\u00bb][vc_column width=\u00a0\u00bb1\/6&Prime;][\/vc_column][vc_column width=\u00a0\u00bb2\/3&Prime;]<div class=\"spacer\" style=\"height: 80px;\"><\/div>[vc_column_text css_animation=\u00a0\u00bbleft-to-right\u00a0\u00bb]<strong>D\u2019un monologue pour un seul spectateur \u00e0 une c\u00e9r\u00e9monie olympique.<\/strong><\/p>\n<p>La po\u00e9tique particuli\u00e8re de la Compagnia Finzi Pasca a pris forme \u00e0 partir des concepts de<strong> Th\u00e9\u00e2tre de la Caresse<\/strong> et <strong>Geste Invisible<\/strong>.<\/p>\n<p>D\u00e9velopp\u00e9s au long de <strong>40\u00a0ans d\u2019exp\u00e9rience<\/strong>, ces concepts ont engendr\u00e9 une <strong>esth\u00e9tique unique<\/strong> et un <strong>style tr\u00e8s particulier<\/strong> de cr\u00e9ation et de production artistique, ainsi qu\u2019une <strong>philosophie d\u2019entra\u00eenement<\/strong>pour l\u2019acteur, l\u2019acrobate, le musicien, le danseur et technicien : une fa\u00e7on d\u2019habiter l\u2019espace. <strong>Le th\u00e9\u00e2tre, la danse, l\u2019acrobatie, le cirque, l\u2019op\u00e9ra <\/strong>et <strong>le documentaire<\/strong> : tout converge au sein de la Compagnia Finzi Pasca.<\/p>\n<p>La Compagnia Finzi Pasca a \u00e9t\u00e9 fond\u00e9e par Antonio Vergamini, Daniele Finzi Pasca, Hugo Gargiulo, Julie Hamelin Finzi (\u2020) et Maria Bonzanigo en 2011, en reprenant le travail d\u00e9velopp\u00e9 par le <strong>Teatro Sunil <\/strong>et par <strong>Inlevitas<\/strong>.<\/p>\n<p>Avec son si\u00e8ge \u00e0 Lugano (Suisse), la <strong>Compagnia Finzi Pasca<\/strong> est l\u2019une des plus importantes compagnies artistiques ind\u00e9pendantes au monde. Au cours de son histoire, elle a cr\u00e9\u00e9 et produit plus de <strong>35<\/strong><strong>\u00a0spectacles<\/strong>. Ses cr\u00e9ateurs ont sign\u00e9 \u00e9galement <strong>3 C\u00e9r\u00e9monies Olympiques<\/strong> (Turin 2006 et Sochi 2014, soit pour le Jeux Olympiques que Paralympiques), 2 spectacles pour le <strong>Cirque du Soleil<\/strong>: <em>Luzia<\/em> en 2016 et <em>Corteo<\/em> en 2005 (pour ceci, 8 millions et 400 mille spectateurs en 10 ans de tourn\u00e9e), <strong>6<\/strong><strong> op\u00e9ras<\/strong> dont <em>Aida<\/em> et le <em>Requiem<\/em> de Verdi font officiellement partie du r\u00e9pertoire du Th\u00e9\u00e2tre Mariinsky (Saint-P\u00e9tersburg), <em>Carmen<\/em> et <em>Pagliacci<\/em> au Teatro San Carlo de N\u00e2ples, <em>L\u2019Amour de Loin<\/em> pour le English National Opera (Londres) et<em> <strong>Einstein on the Beach<\/strong> <\/em>qui a ouvert la saison 2019\/2020 au <strong>Grand Th\u00e9\u00e2tre de Gen\u00e8ve<\/strong>.<\/p>\n<p>Parmi les <strong>grands \u00e9v\u00e9nements<\/strong>, la Compagnie a produit en 2017 <strong><em>Montr\u00e9al Avudo<\/em><\/strong>, spectacle multim\u00e9dia avecmapping vid\u00e9o, lumi\u00e8res et fontaines d\u2019eau (249 000 spectateurs en 4 mois) et en 2019 <strong><em>Abrazos<\/em><\/strong> pour la Feria Estatal de Le\u00f3n (Mexique), un \u00e9v\u00e9nement sp\u00e9cial d\u00e9di\u00e9 aux familles (plus de 200 000 spectateurs). Par ailleurs, son noyau cr\u00e9atif a fait partie de la <strong><em>F\u00eate des Vignerons<\/em><\/strong> 2019, un grand \u00e9v\u00e9nement qui se d\u00e9roule quatre fois par si\u00e8cles \u00e0 Vevey (Suisse), vu par 375 000 spectateurs. En 2020 la Compagnia Finzi Pasca a sign\u00e9 la mise en sc\u00e8ne artistique de l\u2019inauguration de l\u2019organe le plus grand de Russie, au Zaryadye Concert Hall de Moscou: une installation immersive pendant laquelle 24 parmi les meilleurs organistes au monde ont jou\u00e9 \u00e0 tour de r\u00f4le pour 24 heures cons\u00e9cutives (environs 10\u2019000 visiteurs).<\/p>\n<p>Actuellement, <strong>7\u00a0spectacles <\/strong>de la Compagnie sont<strong> en tourn\u00e9e<\/strong> : <em>NUDA <\/em>(2021), <em>Luna Park<\/em> (2020), <em>Per te<\/em><em>.<\/em> (2016), <em>Bianco su Bianco<\/em> (2014), <em>La Verit\u00e0<\/em> (2013), <em>Donka \u2013 Une lettre \u00e0 <\/em><em>Tchekhov<\/em> (2010, re\u00e9dition 2018) et <em>Icaro<\/em> (1991).<\/p>\n<p>D\u2019autres projets internationaux et un nouveau spectacle de tourn\u00e9e sont en cours.[\/vc_column_text]<div class=\"spacer\" style=\"height: 160px;\"><\/div>[\/vc_column][vc_column width=\u00a0\u00bb1\/6&Prime;][\/vc_column][\/vc_row]<\/p>\n<\/div>","protected":false},"excerpt":{"rendered":"<p>[vc_row][vc_column width=\u00a0\u00bb1\/1&Prime;][\/vc_column][\/vc_row][vc_row type=\u00a0\u00bbfull_width_section\u00a0\u00bb bg_image=\u00a0\u00bb14720&Prime; parallax_bg=\u00a0\u00bbtrue\u00a0\u00bb stellar_class=\u00a0\u00bbfixed\u00a0\u00bb text_color=\u00a0\u00bblight\u00a0\u00bb][vc_column width=\u00a0\u00bb1\/6&Prime;][\/vc_column][vc_column width=\u00a0\u00bb2\/3&Prime;][vc_column_text css_animation=\u00a0\u00bbleft-to-right\u00a0\u00bb]D\u2019un monologue pour un seul spectateur \u00e0 une c\u00e9r\u00e9monie olympique. La po\u00e9tique particuli\u00e8re de la Compagnia Finzi Pasca a pris forme \u00e0 partir des concepts de Th\u00e9\u00e2tre de la Caresse et Geste Invisible. D\u00e9velopp\u00e9s au long de 40\u00a0ans d\u2019exp\u00e9rience, ces concepts ont engendr\u00e9 une esth\u00e9tique unique et un style tr\u00e8s particulier de cr\u00e9ation et de production artistique, ainsi qu\u2019une philosophie d\u2019entra\u00eenementpour l\u2019acteur, l\u2019acrobate, le musicien, le danseur et technicien : une fa\u00e7on d\u2019habiter l\u2019espace. Le th\u00e9\u00e2tre, la danse, l\u2019acrobatie, le cirque, l\u2019op\u00e9ra et le documentaire : tout converge au sein de la Compagnia Finzi Pasca. La Compagnia Finzi Pasca a \u00e9t\u00e9 fond\u00e9e par Antonio Vergamini, Daniele Finzi Pasca, Hugo Gargiulo, Julie Hamelin Finzi (\u2020) et Maria Bonzanigo en 2011, en reprenant le travail d\u00e9velopp\u00e9 par le Teatro Sunil et par Inlevitas. Avec son si\u00e8ge \u00e0 Lugano (Suisse), la Compagnia Finzi Pasca est l\u2019une des plus importantes compagnies artistiques ind\u00e9pendantes au monde. Au cours de son histoire, elle a cr\u00e9\u00e9 et produit plus de 35\u00a0spectacles. Ses cr\u00e9ateurs ont sign\u00e9 \u00e9galement 3 C\u00e9r\u00e9monies Olympiques (Turin 2006 et Sochi 2014, soit pour le Jeux Olympiques que Paralympiques), 2 spectacles pour le Cirque du Soleil: [&hellip;]<\/p>\n","protected":false},"author":27,"featured_media":0,"parent":13011,"menu_order":10,"comment_status":"closed","ping_status":"closed","template":"","meta":{"_acf_changed":false,"footnotes":""},"class_list":["post-15428","page","type-page","status-publish","hentry"],"acf":[],"_links":{"self":[{"href":"https:\/\/finzipasca.com\/fr\/wp-json\/wp\/v2\/pages\/15428","targetHints":{"allow":["GET"]}}],"collection":[{"href":"https:\/\/finzipasca.com\/fr\/wp-json\/wp\/v2\/pages"}],"about":[{"href":"https:\/\/finzipasca.com\/fr\/wp-json\/wp\/v2\/types\/page"}],"author":[{"embeddable":true,"href":"https:\/\/finzipasca.com\/fr\/wp-json\/wp\/v2\/users\/27"}],"replies":[{"embeddable":true,"href":"https:\/\/finzipasca.com\/fr\/wp-json\/wp\/v2\/comments?post=15428"}],"version-history":[{"count":2,"href":"https:\/\/finzipasca.com\/fr\/wp-json\/wp\/v2\/pages\/15428\/revisions"}],"predecessor-version":[{"id":24312,"href":"https:\/\/finzipasca.com\/fr\/wp-json\/wp\/v2\/pages\/15428\/revisions\/24312"}],"up":[{"embeddable":true,"href":"https:\/\/finzipasca.com\/fr\/wp-json\/wp\/v2\/pages\/13011"}],"wp:attachment":[{"href":"https:\/\/finzipasca.com\/fr\/wp-json\/wp\/v2\/media?parent=15428"}],"curies":[{"name":"wp","href":"https:\/\/api.w.org\/{rel}","templated":true}]}}