{"id":15425,"date":"2017-12-20T18:00:53","date_gmt":"2017-12-20T17:00:53","guid":{"rendered":"https:\/\/finzipasca.com\/compagnie-2017\/amici\/"},"modified":"2020-02-12T13:09:50","modified_gmt":"2020-02-12T12:09:50","slug":"amici","status":"publish","type":"page","link":"https:\/\/finzipasca.com\/fr\/compagnie\/amici\/","title":{"rendered":"Amici"},"content":{"rendered":"<div class=\"wpb-content-wrapper\"><p>[vc_row bottom_padding=\u00a0\u00bb40&Prime;][vc_column width=\u00a0\u00bb1\/2&Prime;][vc_column_text]Chers amis,<\/p>\n<p>La Compagnia Finzi Pasca est maintenant une r\u00e9alit\u00e9 bien connue dans notre r\u00e9gion o\u00f9 elle a su non seulement susciter l\u2019enthousiasme parmi les nombreuses personnes qui ont eu l\u2019occasion d\u2019assister \u00e0 leurs spectacles, mais aussi inspirer la participation aux projets de la Compagnia dans le monde entier. Le charisme de Daniele a contamin\u00e9 beaucoup d\u2019entre nous et a \u00e9t\u00e9 capable de nous emmener dans des territoires et des espaces qui nous sont souvent inconnus.<\/p>\n<p>Mais derri\u00e8re le rideau il y a un grand effort tant dans la production que dans l\u2019administration, il y a des difficult\u00e9s \u00e0 transmettre le contenu du travail effectu\u00e9 et \u00e0 sensibiliser les \u00e9tablissements et les personnes responsables de la gestion du financement de la culture, il y a des activit\u00e9s non-cr\u00e9atives qui sont pourtant n\u00e9cessaires pour que la cr\u00e9ativit\u00e9 trouve son espace.<\/p>\n<p>Ainsi, avec Daniele en 2012, l\u2019id\u00e9e est n\u00e9e de constituer l\u2019Associazione degli Amici de la Compagnia Finzi Pasca dans le but de promouvoir l\u2019image de la Compagnia, en r\u00e9unissant les personnes qui reconnaissent l\u2019importance de son activit\u00e9 th\u00e9\u00e2trale et culturelle, et de soutenir activement la ses projets. Notre objectif est de susciter de l\u2019enthousiasme parmi le plus grand nombre d\u2019amis possible, avec lesquels partager les prochaines \u00e9tapes de la Compagnia.<\/p>\n<p>Nous esp\u00e9rons vous accueillir bient\u00f4t parmi les Amis!<\/p>\n<p>Pour l\u2019Associazione degli Amici de la Compagnia Finzi Pasca<\/p>\n<p><strong>Roberto Grassi<\/strong><br \/>\nPr\u00e9sident<br \/>\n[\/vc_column_text]<div class=\"single_image wpb_content_element align-left    \" data-animation=\"none\" data-delay=\"0\"><img loading=\"lazy\" decoding=\"async\" width=\"1747\" height=\"1240\" src=\"https:\/\/finzipasca.com\/wp-content\/uploads\/2020\/02\/Progetto-senza-titolo.jpg\" class=\"attachment-full\" alt=\"\" title=\"amici\" srcset=\"https:\/\/finzipasca.com\/wp-content\/uploads\/2020\/02\/Progetto-senza-titolo.jpg 1747w, https:\/\/finzipasca.com\/wp-content\/uploads\/2020\/02\/Progetto-senza-titolo-300x213.jpg 300w, https:\/\/finzipasca.com\/wp-content\/uploads\/2020\/02\/Progetto-senza-titolo-768x545.jpg 768w, https:\/\/finzipasca.com\/wp-content\/uploads\/2020\/02\/Progetto-senza-titolo-1024x727.jpg 1024w, https:\/\/finzipasca.com\/wp-content\/uploads\/2020\/02\/Progetto-senza-titolo-600x426.jpg 600w\" sizes=\"auto, (max-width: 1747px) 100vw, 1747px\" \/><\/div>[\/vc_column][vc_column width=\u00a0\u00bb1\/2&Prime;]<script type=\"text\/javascript\">var gform;gform||(document.addEventListener(\"gform_main_scripts_loaded\",function(){gform.scriptsLoaded=!0}),window.addEventListener(\"DOMContentLoaded\",function(){gform.domLoaded=!0}),gform={domLoaded:!1,scriptsLoaded:!1,initializeOnLoaded:function(o){gform.domLoaded&&gform.scriptsLoaded?o():!gform.domLoaded&&gform.scriptsLoaded?window.addEventListener(\"DOMContentLoaded\",o):document.addEventListener(\"gform_main_scripts_loaded\",o)},hooks:{action:{},filter:{}},addAction:function(o,n,r,t){gform.addHook(\"action\",o,n,r,t)},addFilter:function(o,n,r,t){gform.addHook(\"filter\",o,n,r,t)},doAction:function(o){gform.doHook(\"action\",o,arguments)},applyFilters:function(o){return gform.doHook(\"filter\",o,arguments)},removeAction:function(o,n){gform.removeHook(\"action\",o,n)},removeFilter:function(o,n,r){gform.removeHook(\"filter\",o,n,r)},addHook:function(o,n,r,t,i){null==gform.hooks[o][n]&&(gform.hooks[o][n]=[]);var e=gform.hooks[o][n];null==i&&(i=n+\"_\"+e.length),gform.hooks[o][n].push({tag:i,callable:r,priority:t=null==t?10:t})},doHook:function(n,o,r){var t;if(r=Array.prototype.slice.call(r,1),null!=gform.hooks[n][o]&&((o=gform.hooks[n][o]).sort(function(o,n){return o.priority-n.priority}),o.forEach(function(o){\"function\"!=typeof(t=o.callable)&&(t=window[t]),\"action\"==n?t.apply(null,r):r[0]=t.apply(null,r)})),\"filter\"==n)return r[0]},removeHook:function(o,n,t,i){var r;null!=gform.hooks[o][n]&&(r=(r=gform.hooks[o][n]).filter(function(o,n,r){return!!(null!=i&&i!=o.tag||null!=t&&t!=o.priority)}),gform.hooks[o][n]=r)}});<\/script>\n                <div class='gf_browser_gecko gform_wrapper gform_legacy_markup_wrapper gform-theme--no-framework' data-form-theme='legacy' data-form-index='0' id='gform_wrapper_6' ><form method='post' enctype='multipart\/form-data'  id='gform_6'  action='\/fr\/wp-json\/wp\/v2\/pages\/15425' data-formid='6' novalidate>\n                        <div class='gform-body gform_body'><ul id='gform_fields_6' class='gform_fields top_label form_sublabel_below description_below'><li id=\"field_6_1\" class=\"gfield gfield--type-radio gfield--type-choice gfield--input-type-radio gfield_contains_required field_sublabel_below gfield--no-description field_description_below gfield_visibility_visible\"  data-js-reload=\"field_6_1\" ><label class='gfield_label gform-field-label' >Je voudrais joindre l\u2019Associazione degli Amici de la Compagnia Finzi Pasca en tant que :<span class=\"gfield_required\"><span class=\"gfield_required gfield_required_asterisk\">*<\/span><\/span><\/label><div class='ginput_container ginput_container_radio'><ul class='gfield_radio' id='input_6_1'>\n\t\t\t<li class='gchoice gchoice_6_1_0'>\n\t\t\t\t<input name='input_1' type='radio' value='Amico sostenitore \u2013 D\u00e8s CHF 20.- annuellement'  id='choice_6_1_0'    \/>\n\t\t\t\t<label for='choice_6_1_0' id='label_6_1_0' class='gform-field-label gform-field-label--type-inline'>Amico sostenitore \u2013 D\u00e8s CHF 20.- annuellement<\/label>\n\t\t\t<\/li>\n\t\t\t<li class='gchoice gchoice_6_1_1'>\n\t\t\t\t<input name='input_1' type='radio' value='Socio attivo \u2013 D\u00e8s CHF 50.- annuellement'  id='choice_6_1_1'    \/>\n\t\t\t\t<label for='choice_6_1_1' id='label_6_1_1' class='gform-field-label gform-field-label--type-inline'>Socio attivo \u2013 D\u00e8s CHF 50.- annuellement<\/label>\n\t\t\t<\/li>\n\t\t\t<li class='gchoice gchoice_6_1_2'>\n\t\t\t\t<input name='input_1' type='radio' value='Socio donatore \u2013 D\u00e8s CHF 500.- annuellement'  id='choice_6_1_2'    \/>\n\t\t\t\t<label for='choice_6_1_2' id='label_6_1_2' class='gform-field-label gform-field-label--type-inline'>Socio donatore \u2013 D\u00e8s CHF 500.- annuellement<\/label>\n\t\t\t<\/li>\n\t\t\t<li class='gchoice gchoice_6_1_3'>\n\t\t\t\t<input name='input_1' type='radio' value='Socio benefattore \u2013 D\u00e8s CHF 3 000.- annuellement'  id='choice_6_1_3'    \/>\n\t\t\t\t<label for='choice_6_1_3' id='label_6_1_3' class='gform-field-label gform-field-label--type-inline'>Socio benefattore \u2013 D\u00e8s CHF 3 000.- annuellement<\/label>\n\t\t\t<\/li>\n\t\t\t<li class='gchoice gchoice_6_1_4'>\n\t\t\t\t<input name='input_1' type='radio' value='Socio mecenate \u2013 D\u00e8s CHF 5 000.- annuellement'  id='choice_6_1_4'    \/>\n\t\t\t\t<label for='choice_6_1_4' id='label_6_1_4' class='gform-field-label gform-field-label--type-inline'>Socio mecenate \u2013 D\u00e8s CHF 5 000.- annuellement<\/label>\n\t\t\t<\/li>\n\t\t\t<li class='gchoice gchoice_6_1_5'>\n\t\t\t\t<input name='input_1' type='radio' value='Socio \u201cIcaro d\u2019oro\u201d \u2013 D\u00e8s CHF 10 000.- annuellement'  id='choice_6_1_5'    \/>\n\t\t\t\t<label for='choice_6_1_5' id='label_6_1_5' class='gform-field-label gform-field-label--type-inline'>Socio \u201cIcaro d\u2019oro\u201d \u2013 D\u00e8s CHF 10 000.- annuellement<\/label>\n\t\t\t<\/li><\/ul><\/div><\/li><li id=\"field_6_2\" class=\"gfield gfield--type-text gfield--input-type-text gfield_contains_required field_sublabel_below gfield--no-description field_description_below gfield_visibility_visible\"  data-js-reload=\"field_6_2\" ><label class='gfield_label gform-field-label' for='input_6_2'>Pr\u00e9nom<span class=\"gfield_required\"><span class=\"gfield_required gfield_required_asterisk\">*<\/span><\/span><\/label><div class='ginput_container ginput_container_text'><input name='input_2' id='input_6_2' type='text' value='' class='medium'     aria-required=\"true\" aria-invalid=\"false\"   \/> <\/div><\/li><li id=\"field_6_3\" class=\"gfield gfield--type-text gfield--input-type-text gfield_contains_required field_sublabel_below gfield--no-description field_description_below gfield_visibility_visible\"  data-js-reload=\"field_6_3\" ><label class='gfield_label gform-field-label' for='input_6_3'>Nom<span class=\"gfield_required\"><span class=\"gfield_required gfield_required_asterisk\">*<\/span><\/span><\/label><div class='ginput_container ginput_container_text'><input name='input_3' id='input_6_3' type='text' value='' class='medium'     aria-required=\"true\" aria-invalid=\"false\"   \/> <\/div><\/li><li id=\"field_6_4\" class=\"gfield gfield--type-text gfield--input-type-text gfield_contains_required field_sublabel_below gfield--no-description field_description_below gfield_visibility_visible\"  data-js-reload=\"field_6_4\" ><label class='gfield_label gform-field-label' for='input_6_4'>Rue<span class=\"gfield_required\"><span class=\"gfield_required gfield_required_asterisk\">*<\/span><\/span><\/label><div class='ginput_container ginput_container_text'><input name='input_4' id='input_6_4' type='text' value='' class='medium'     aria-required=\"true\" aria-invalid=\"false\"   \/> <\/div><\/li><li id=\"field_6_5\" class=\"gfield gfield--type-text gfield--input-type-text gfield_contains_required field_sublabel_below gfield--no-description field_description_below gfield_visibility_visible\"  data-js-reload=\"field_6_5\" ><label class='gfield_label gform-field-label' for='input_6_5'>Ville, code postal<span class=\"gfield_required\"><span class=\"gfield_required gfield_required_asterisk\">*<\/span><\/span><\/label><div class='ginput_container ginput_container_text'><input name='input_5' id='input_6_5' type='text' value='' class='medium'     aria-required=\"true\" aria-invalid=\"false\"   \/> <\/div><\/li><li id=\"field_6_6\" class=\"gfield gfield--type-email gfield--input-type-email gfield_contains_required field_sublabel_below gfield--no-description field_description_below gfield_visibility_visible\"  data-js-reload=\"field_6_6\" ><label class='gfield_label gform-field-label' for='input_6_6'>Courriel<span class=\"gfield_required\"><span class=\"gfield_required gfield_required_asterisk\">*<\/span><\/span><\/label><div class='ginput_container ginput_container_email'>\n                            <input name='input_6' id='input_6_6' type='email' value='' class='medium'    aria-required=\"true\" aria-invalid=\"false\"  \/>\n                        <\/div><\/li><li id=\"field_6_7\" class=\"gfield gfield--type-phone gfield--input-type-phone gfield_contains_required field_sublabel_below gfield--no-description field_description_below gfield_visibility_visible\"  data-js-reload=\"field_6_7\" ><label class='gfield_label gform-field-label' for='input_6_7'>T\u00e9l\u00e9phone<span class=\"gfield_required\"><span class=\"gfield_required gfield_required_asterisk\">*<\/span><\/span><\/label><div class='ginput_container ginput_container_phone'><input name='input_7' id='input_6_7' type='tel' value='' class='medium'   aria-required=\"true\" aria-invalid=\"false\"   \/><\/div><\/li><li id=\"field_6_8\" class=\"gfield gfield--type-checkbox gfield--type-choice gfield--input-type-checkbox field_sublabel_below gfield--no-description field_description_below gfield_visibility_visible\"  data-js-reload=\"field_6_8\" ><label class='gfield_label gform-field-label screen-reader-text gfield_label_before_complex' ><\/label><div class='ginput_container ginput_container_checkbox'><ul class='gfield_checkbox' id='input_6_8'><li class='gchoice gchoice_6_8_1'>\n\t\t\t\t\t\t\t\t<input class='gfield-choice-input' name='input_8.1' type='checkbox'  value='Je d\u00e9sire recevoir le bulletin de versement directement chez moi'  id='choice_6_8_1'   \/>\n\t\t\t\t\t\t\t\t<label for='choice_6_8_1' id='label_6_8_1' class='gform-field-label gform-field-label--type-inline'>Je d\u00e9sire recevoir le bulletin de versement directement chez moi<\/label>\n\t\t\t\t\t\t\t<\/li><\/ul><\/div><\/li><li id=\"field_6_10\" class=\"gfield gfield--type-consent gfield--type-choice gfield--input-type-consent gfield--width-full gfield_contains_required field_sublabel_below gfield--no-description field_description_below gfield_visibility_visible\"  data-js-reload=\"field_6_10\" ><label class='gfield_label gform-field-label gfield_label_before_complex' >Consent<span class=\"gfield_required\"><span class=\"gfield_required gfield_required_asterisk\">*<\/span><\/span><\/label><div class='ginput_container ginput_container_consent'><input name='input_10.1' id='input_6_10_1' type='checkbox' value='1'   aria-required=\"true\" aria-invalid=\"false\"   \/> <label class=\"gform-field-label gform-field-label--type-inline gfield_consent_label\" for='input_6_10_1' >J'accepte la politique de confidentialit\u00e9.<\/label><input type='hidden' name='input_10.2' value='J&#039;accepte la politique de confidentialit\u00e9.' class='gform_hidden' \/><input type='hidden' name='input_10.3' value='7' class='gform_hidden' \/><\/div><\/li><li id=\"field_6_9\" class=\"gfield gfield--type-captcha gfield--input-type-captcha gfield--width-full field_sublabel_below gfield--no-description field_description_below gfield_visibility_visible\"  data-js-reload=\"field_6_9\" ><label class='gfield_label gform-field-label' for='input_6_9'>CAPTCHA<\/label><div id='input_6_9' class='ginput_container ginput_recaptcha' data-sitekey='6LeBXzMkAAAAAMRongxsfDjmNOdrTOWeYm3CTGfc'  data-theme='light' data-tabindex='-1' data-size='invisible' data-badge='bottomright'><\/div><\/li><\/ul><\/div>\n        <div class='gform_footer top_label'> <input type='submit' id='gform_submit_button_6' class='gform_button button' value='Envoyer'  onclick='if(window[\"gf_submitting_6\"]){return false;}  if( !jQuery(\"#gform_6\")[0].checkValidity || jQuery(\"#gform_6\")[0].checkValidity()){window[\"gf_submitting_6\"]=true;}  ' onkeypress='if( event.keyCode == 13 ){ if(window[\"gf_submitting_6\"]){return false;} if( !jQuery(\"#gform_6\")[0].checkValidity || jQuery(\"#gform_6\")[0].checkValidity()){window[\"gf_submitting_6\"]=true;}  jQuery(\"#gform_6\").trigger(\"submit\",[true]); }' \/> \n            <input type='hidden' class='gform_hidden' name='is_submit_6' value='1' \/>\n            <input type='hidden' class='gform_hidden' name='gform_submit' value='6' \/>\n            \n            <input type='hidden' class='gform_hidden' name='gform_unique_id' value='' \/>\n            <input type='hidden' class='gform_hidden' name='state_6' value='WyJ7XCIxMC4xXCI6XCJjZjliMGMwMzU0ZTBhYTc3ODEyYWM3ZTFjMzZlZjEwY1wiLFwiMTAuMlwiOlwiMzQzMjU5MDBmYWI5Y2RlYWY5MjZkMmM4NzljZDk4MzZcIixcIjEwLjNcIjpcIjdhNGEyNzQ1NzJmNzNiODk2ODRmZGVlMzJjMjIwYzNkXCJ9IiwiYzBkOTVhNzNlMDkwNjU2Y2UyNjA1MzNjY2E1MTRlNGYiXQ==' \/>\n            <input type='hidden' class='gform_hidden' name='gform_target_page_number_6' id='gform_target_page_number_6' value='0' \/>\n            <input type='hidden' class='gform_hidden' name='gform_source_page_number_6' id='gform_source_page_number_6' value='1' \/>\n            <input type='hidden' name='gform_field_values' value='' \/>\n            \n        <\/div>\n                        <\/form>\n                        <\/div><script type=\"text\/javascript\">\n\/* <![CDATA[ *\/\n gform.initializeOnLoaded( function() {gformInitSpinner( 6, 'https:\/\/finzipasca.com\/wp-content\/plugins\/gravityforms\/images\/spinner.svg', true );jQuery('#gform_ajax_frame_6').on('load',function(){var contents = jQuery(this).contents().find('*').html();var is_postback = contents.indexOf('GF_AJAX_POSTBACK') >= 0;if(!is_postback){return;}var form_content = jQuery(this).contents().find('#gform_wrapper_6');var is_confirmation = jQuery(this).contents().find('#gform_confirmation_wrapper_6').length > 0;var is_redirect = contents.indexOf('gformRedirect(){') >= 0;var is_form = form_content.length > 0 && ! is_redirect && ! is_confirmation;var mt = parseInt(jQuery('html').css('margin-top'), 10) + parseInt(jQuery('body').css('margin-top'), 10) + 100;if(is_form){jQuery('#gform_wrapper_6').html(form_content.html());if(form_content.hasClass('gform_validation_error')){jQuery('#gform_wrapper_6').addClass('gform_validation_error');} else {jQuery('#gform_wrapper_6').removeClass('gform_validation_error');}setTimeout( function() { \/* delay the scroll by 50 milliseconds to fix a bug in chrome *\/  }, 50 );if(window['gformInitDatepicker']) {gformInitDatepicker();}if(window['gformInitPriceFields']) {gformInitPriceFields();}var current_page = jQuery('#gform_source_page_number_6').val();gformInitSpinner( 6, 'https:\/\/finzipasca.com\/wp-content\/plugins\/gravityforms\/images\/spinner.svg', true );jQuery(document).trigger('gform_page_loaded', [6, current_page]);window['gf_submitting_6'] = false;}else if(!is_redirect){var confirmation_content = jQuery(this).contents().find('.GF_AJAX_POSTBACK').html();if(!confirmation_content){confirmation_content = contents;}setTimeout(function(){jQuery('#gform_wrapper_6').replaceWith(confirmation_content);jQuery(document).trigger('gform_confirmation_loaded', [6]);window['gf_submitting_6'] = false;wp.a11y.speak(jQuery('#gform_confirmation_message_6').text());}, 50);}else{jQuery('#gform_6').append(contents);if(window['gformRedirect']) {gformRedirect();}}        const gformWrapperDiv = document.getElementById( \"gform_wrapper_6\" );        if ( gformWrapperDiv ) {            const visibilitySpan = document.createElement( \"span\" );            visibilitySpan.id = \"gform_visibility_test_6\";            gformWrapperDiv.insertAdjacentElement( \"afterend\", visibilitySpan );        }        const visibilityTestDiv = document.getElementById( \"gform_visibility_test_6\" );        let postRenderFired = false;                function triggerPostRender() {            if ( postRenderFired ) {                return;            }            postRenderFired = true;            jQuery( document ).trigger( 'gform_post_render', [6, current_page] );            gform.utils.trigger( { event: 'gform\/postRender', native: false, data: { formId: 6, currentPage: current_page } } );            if ( visibilityTestDiv ) {                visibilityTestDiv.parentNode.removeChild( visibilityTestDiv );            }        }        function debounce( func, wait, immediate ) {            var timeout;            return function() {                var context = this, args = arguments;                var later = function() {                    timeout = null;                    if ( !immediate ) func.apply( context, args );                };                var callNow = immediate && !timeout;                clearTimeout( timeout );                timeout = setTimeout( later, wait );                if ( callNow ) func.apply( context, args );            };        }        const debouncedTriggerPostRender = debounce( function() {            triggerPostRender();        }, 200 );        if ( visibilityTestDiv && visibilityTestDiv.offsetParent === null ) {            const observer = new MutationObserver( ( mutations ) => {                mutations.forEach( ( mutation ) => {                    if ( mutation.type === 'attributes' && visibilityTestDiv.offsetParent !== null ) {                        debouncedTriggerPostRender();                        observer.disconnect();                    }                });            });            observer.observe( document.body, {                attributes: true,                childList: false,                subtree: true,                attributeFilter: [ 'style', 'class' ],            });        } else {            triggerPostRender();        }    } );} ); \n\/* ]]> *\/\n<\/script>\n[vc_column_text]The\u00a0<em>Associazione degli Amici della Compagnia Finzi Pasca<\/em>\u00a0guarantees the total privacy of the personal data.[\/vc_column_text][\/vc_column][\/vc_row][vc_row][vc_column width=\u00a0\u00bb1\/1&Prime;][vc_column_text]\n<table id=\"tablepress-3\" class=\"tablepress tablepress-id-3\">\n<thead>\n<tr class=\"row-1\">\n\t<td class=\"column-1\"><\/td><th class=\"column-2\">Amico sostenitore<\/th><th class=\"column-3\">Socio attivo<\/th><th class=\"column-4\">Socio donatore<\/th><th class=\"column-5\">Socio benefattore<\/th><th class=\"column-6\">Socio mecenate<\/th><th class=\"column-7\">Socio \u201cIcaro d\u2019oro\u201d<\/th>\n<\/tr>\n<\/thead>\n<tbody class=\"row-striping row-hover\">\n<tr class=\"row-2\">\n\t<td class=\"column-1\">Possibilit\u00e9 d\u2019assister \u00e0 l\u2019assembl\u00e9e g\u00e9n\u00e9rale mais sans droit de vote<\/td><td class=\"column-2\">\u2022<\/td><td class=\"column-3\"><\/td><td class=\"column-4\"><\/td><td class=\"column-5\"><\/td><td class=\"column-6\"><\/td><td class=\"column-7\"><\/td>\n<\/tr>\n<tr class=\"row-3\">\n\t<td class=\"column-1\">Droit de vote \u00e0 l\u2019assembl\u00e9e g\u00e9n\u00e9rale<\/td><td class=\"column-2\"><\/td><td class=\"column-3\">\u2022<\/td><td class=\"column-4\">\u2022<\/td><td class=\"column-5\">\u2022<\/td><td class=\"column-6\">\u2022<\/td><td class=\"column-7\">\u2022<\/td>\n<\/tr>\n<tr class=\"row-4\">\n\t<td class=\"column-1\">Invitation aux \u00e9preuves ouvertes au LAC<\/td><td class=\"column-2\"><\/td><td class=\"column-3\">\u2022<\/td><td class=\"column-4\">\u2022<\/td><td class=\"column-5\">\u2022<\/td><td class=\"column-6\">\u2022<\/td><td class=\"column-7\">\u2022<\/td>\n<\/tr>\n<tr class=\"row-5\">\n\t<td class=\"column-1\">T-Shirt de la Compagnia Finzi Pasca<\/td><td class=\"column-2\"><\/td><td class=\"column-3\"><\/td><td class=\"column-4\">\u2022<\/td><td class=\"column-5\">\u2022<\/td><td class=\"column-6\">\u2022<\/td><td class=\"column-7\">\u2022<\/td>\n<\/tr>\n<tr class=\"row-6\">\n\t<td class=\"column-1\">2 billets pour assister, au LAC, \u00e0 un spectacle de la Compagnia Finzi Pasca<\/td><td class=\"column-2\"><\/td><td class=\"column-3\"><\/td><td class=\"column-4\">\u2022<\/td><td class=\"column-5\"><\/td><td class=\"column-6\"><\/td><td class=\"column-7\"><\/td>\n<\/tr>\n<tr class=\"row-7\">\n\t<td class=\"column-1\">1 livre publi\u00e9 au choix<\/td><td class=\"column-2\"><\/td><td class=\"column-3\"><\/td><td class=\"column-4\"><\/td><td class=\"column-5\">\u2022<\/td><td class=\"column-6\">\u2022<\/td><td class=\"column-7\">\u2022<\/td>\n<\/tr>\n<tr class=\"row-8\">\n\t<td class=\"column-1\">1 CD de la musique de Maria Bonzanigo<\/td><td class=\"column-2\"><\/td><td class=\"column-3\"><\/td><td class=\"column-4\"><\/td><td class=\"column-5\">\u2022<\/td><td class=\"column-6\">\u2022<\/td><td class=\"column-7\">\u2022<\/td>\n<\/tr>\n<tr class=\"row-9\">\n\t<td class=\"column-1\">4 billets pour assister, au LAC, \u00e0 un spectacle de la Compagnia Finzi Pasca<\/td><td class=\"column-2\"><\/td><td class=\"column-3\"><\/td><td class=\"column-4\"><\/td><td class=\"column-5\">\u2022<\/td><td class=\"column-6\"><\/td><td class=\"column-7\"><\/td>\n<\/tr>\n<tr class=\"row-10\">\n\t<td class=\"column-1\">1 remerciement personnel sur le programme de salle<\/td><td class=\"column-2\"><\/td><td class=\"column-3\"><\/td><td class=\"column-4\"><\/td><td class=\"column-5\"><\/td><td class=\"column-6\">\u2022<\/td><td class=\"column-7\">\u2022<\/td>\n<\/tr>\n<tr class=\"row-11\">\n\t<td class=\"column-1\">1 programme de salle au choix d\u00e9dicac\u00e9<\/td><td class=\"column-2\"><\/td><td class=\"column-3\"><\/td><td class=\"column-4\"><\/td><td class=\"column-5\"><\/td><td class=\"column-6\">\u2022<\/td><td class=\"column-7\">\u2022<\/td>\n<\/tr>\n<tr class=\"row-12\">\n\t<td class=\"column-1\">6 billets pour assister, au LAC, \u00e0 un spectacle de la Compagnia Finzi Pasca<\/td><td class=\"column-2\"><\/td><td class=\"column-3\"><\/td><td class=\"column-4\"><\/td><td class=\"column-5\"><\/td><td class=\"column-6\">\u2022<\/td><td class=\"column-7\"><\/td>\n<\/tr>\n<tr class=\"row-13\">\n\t<td class=\"column-1\">10 billets pour assister, au LAC, \u00e0 un spectacle de la Compagnia Finzi Pasca<\/td><td class=\"column-2\"><\/td><td class=\"column-3\"><\/td><td class=\"column-4\"><\/td><td class=\"column-5\"><\/td><td class=\"column-6\"><\/td><td class=\"column-7\">\u2022<\/td>\n<\/tr>\n<tr class=\"row-14\">\n\t<td class=\"column-1\">1 d\u00eener avec un ou plusieurs fondateurs de la Compagnia Finzi Pasca<\/td><td class=\"column-2\"><\/td><td class=\"column-3\"><\/td><td class=\"column-4\"><\/td><td class=\"column-5\"><\/td><td class=\"column-6\"><\/td><td class=\"column-7\">\u2022<\/td>\n<\/tr>\n<\/tbody>\n<\/table>\n<!-- #tablepress-3 from cache -->[\/vc_column_text][\/vc_column][\/vc_row]<\/p>\n<\/div>","protected":false},"excerpt":{"rendered":"<p>[vc_row bottom_padding=\u00a0\u00bb40&Prime;][vc_column width=\u00a0\u00bb1\/2&Prime;][vc_column_text]Chers amis, La Compagnia Finzi Pasca est maintenant une r\u00e9alit\u00e9 bien connue dans notre r\u00e9gion o\u00f9 elle a su non seulement susciter l\u2019enthousiasme parmi les nombreuses personnes qui ont eu l\u2019occasion d\u2019assister \u00e0 leurs spectacles, mais aussi inspirer la participation aux projets de la Compagnia dans le monde entier. Le charisme de Daniele a contamin\u00e9 beaucoup d\u2019entre nous et a \u00e9t\u00e9 capable de nous emmener dans des territoires et des espaces qui nous sont souvent inconnus. Mais derri\u00e8re le rideau il y a un grand effort tant dans la production que dans l\u2019administration, il y a des difficult\u00e9s \u00e0 transmettre le contenu du travail effectu\u00e9 et \u00e0 sensibiliser les \u00e9tablissements et les personnes responsables de la gestion du financement de la culture, il y a des activit\u00e9s non-cr\u00e9atives qui sont pourtant n\u00e9cessaires pour que la cr\u00e9ativit\u00e9 trouve son espace. Ainsi, avec Daniele en 2012, l\u2019id\u00e9e est n\u00e9e de constituer l\u2019Associazione degli Amici de la Compagnia Finzi Pasca dans le but de promouvoir l\u2019image de la Compagnia, en r\u00e9unissant les personnes qui reconnaissent l\u2019importance de son activit\u00e9 th\u00e9\u00e2trale et culturelle, et de soutenir activement la ses projets. Notre objectif est de susciter de l\u2019enthousiasme parmi le plus grand nombre [&hellip;]<\/p>\n","protected":false},"author":80,"featured_media":0,"parent":13011,"menu_order":40,"comment_status":"closed","ping_status":"closed","template":"","meta":{"_acf_changed":false,"footnotes":""},"class_list":["post-15425","page","type-page","status-publish","hentry"],"acf":[],"_links":{"self":[{"href":"https:\/\/finzipasca.com\/fr\/wp-json\/wp\/v2\/pages\/15425","targetHints":{"allow":["GET"]}}],"collection":[{"href":"https:\/\/finzipasca.com\/fr\/wp-json\/wp\/v2\/pages"}],"about":[{"href":"https:\/\/finzipasca.com\/fr\/wp-json\/wp\/v2\/types\/page"}],"author":[{"embeddable":true,"href":"https:\/\/finzipasca.com\/fr\/wp-json\/wp\/v2\/users\/80"}],"replies":[{"embeddable":true,"href":"https:\/\/finzipasca.com\/fr\/wp-json\/wp\/v2\/comments?post=15425"}],"version-history":[{"count":0,"href":"https:\/\/finzipasca.com\/fr\/wp-json\/wp\/v2\/pages\/15425\/revisions"}],"up":[{"embeddable":true,"href":"https:\/\/finzipasca.com\/fr\/wp-json\/wp\/v2\/pages\/13011"}],"wp:attachment":[{"href":"https:\/\/finzipasca.com\/fr\/wp-json\/wp\/v2\/media?parent=15425"}],"curies":[{"name":"wp","href":"https:\/\/api.w.org\/{rel}","templated":true}]}}