{"id":9478,"date":"2014-10-29T22:55:54","date_gmt":"2014-10-29T21:55:54","guid":{"rendered":"https:\/\/finzipasca.com\/product\/billing-program-of-bianco-su-bianco\/"},"modified":"2019-12-19T13:55:55","modified_gmt":"2019-12-19T12:55:55","slug":"billing-program-of-bianco-su-bianco","status":"publish","type":"product","link":"https:\/\/finzipasca.com\/en\/product\/billing-program-of-bianco-su-bianco\/","title":{"rendered":"Billing Program of Bianco su Bianco"},"content":{"rendered":"<p>Photo: \u00a9 Viviana Cangialosi<br \/>\nGraphic design and layout by Viviana Cangialosi.<\/p>\n<p>Texts: Italian, English, French, Spanish<\/p>\n","protected":false},"excerpt":{"rendered":"<p>Bianco su Bianco<br \/>\nBilling Program of Bianco su Bianco, written and directed by Daniele Finzi Pasca, produced by Compagnia Finzi Pasca and Teatro Sociale Bellinzona &#8211; Bellinzona Teatro, la Maison de la culture de Nevers et de la Ni\u00e8vre y L&#039;Odyss\u00e9e, sc\u00e8ne conventionn\u00e9e de P\u00e9rigueux.<\/p>\n","protected":false},"featured_media":14186,"template":"","meta":{"_acf_changed":false},"product_brand":[],"product_cat":[260],"product_tag":[],"class_list":{"0":"post-9478","1":"product","2":"type-product","3":"status-publish","4":"has-post-thumbnail","6":"product_cat-uncategorized","7":"product_shipping_class-programsgeneric","9":"first","10":"instock","11":"shipping-taxable","12":"purchasable","13":"product-type-simple"},"acf":[],"_links":{"self":[{"href":"https:\/\/finzipasca.com\/en\/wp-json\/wp\/v2\/product\/9478","targetHints":{"allow":["GET"]}}],"collection":[{"href":"https:\/\/finzipasca.com\/en\/wp-json\/wp\/v2\/product"}],"about":[{"href":"https:\/\/finzipasca.com\/en\/wp-json\/wp\/v2\/types\/product"}],"wp:featuredmedia":[{"embeddable":true,"href":"https:\/\/finzipasca.com\/en\/wp-json\/wp\/v2\/media\/14186"}],"wp:attachment":[{"href":"https:\/\/finzipasca.com\/en\/wp-json\/wp\/v2\/media?parent=9478"}],"wp:term":[{"taxonomy":"product_brand","embeddable":true,"href":"https:\/\/finzipasca.com\/en\/wp-json\/wp\/v2\/product_brand?post=9478"},{"taxonomy":"product_cat","embeddable":true,"href":"https:\/\/finzipasca.com\/en\/wp-json\/wp\/v2\/product_cat?post=9478"},{"taxonomy":"product_tag","embeddable":true,"href":"https:\/\/finzipasca.com\/en\/wp-json\/wp\/v2\/product_tag?post=9478"}],"curies":[{"name":"wp","href":"https:\/\/api.w.org\/{rel}","templated":true}]}}