{"id":7886,"date":"2013-09-19T17:01:23","date_gmt":"2013-09-19T15:01:23","guid":{"rendered":"https:\/\/finzipasca.com\/product\/cd-la-verita\/"},"modified":"2019-12-19T13:55:56","modified_gmt":"2019-12-19T12:55:56","slug":"cd-la-verita","status":"publish","type":"product","link":"https:\/\/finzipasca.com\/en\/product\/cd-la-verita\/","title":{"rendered":"CD La Verit\u00e0"},"content":{"rendered":"<div class=\"compact_audio_player_wrapper\"><div class=\"sc_player_container1\"><input type=\"button\" id=\"btnplay_69e17457e8be82.89817502\" class=\"myButton_play\" onClick=\"play_mp3('play','69e17457e8be82.89817502','https:\/\/finzipasca.com\/wp-content\/uploads\/mp3\/Varieta-Verita.mp3','80','false');show_hide('play','69e17457e8be82.89817502');\" \/><input type=\"button\"  id=\"btnstop_69e17457e8be82.89817502\" style=\"display:none\" class=\"myButton_stop\" onClick=\"play_mp3('stop','69e17457e8be82.89817502','','80','false');show_hide('stop','69e17457e8be82.89817502');\" \/><div id=\"sm2-container\"><!-- flash movie ends up here --><\/div><\/div><\/div> Variet\u00e0 Verit\u00e0<\/p>\n<div class=\"compact_audio_player_wrapper\"><div class=\"sc_player_container1\"><input type=\"button\" id=\"btnplay_69e17457ecc182.83781871\" class=\"myButton_play\" onClick=\"play_mp3('play','69e17457ecc182.83781871','https:\/\/finzipasca.com\/wp-content\/uploads\/mp3\/I%20Menestrelli%20Stelle%20ne%20Miri%20I.mp3','80','false');show_hide('play','69e17457ecc182.83781871');\" \/><input type=\"button\"  id=\"btnstop_69e17457ecc182.83781871\" style=\"display:none\" class=\"myButton_stop\" onClick=\"play_mp3('stop','69e17457ecc182.83781871','','80','false');show_hide('stop','69e17457ecc182.83781871');\" \/><div id=\"sm2-container\"><!-- flash movie ends up here --><\/div><\/div><\/div> I Menestrelli &#8211; Stelle ne Miri &#8211; I<\/p>\n<div class=\"compact_audio_player_wrapper\"><div class=\"sc_player_container1\"><input type=\"button\" id=\"btnplay_69e17457f0ef89.38762059\" class=\"myButton_play\" onClick=\"play_mp3('play','69e17457f0ef89.38762059','https:\/\/finzipasca.com\/wp-content\/uploads\/mp3\/Nac%20Nac%20Varieta.mp3','80','false');show_hide('play','69e17457f0ef89.38762059');\" \/><input type=\"button\"  id=\"btnstop_69e17457f0ef89.38762059\" style=\"display:none\" class=\"myButton_stop\" onClick=\"play_mp3('stop','69e17457f0ef89.38762059','','80','false');show_hide('stop','69e17457f0ef89.38762059');\" \/><div id=\"sm2-container\"><!-- flash movie ends up here --><\/div><\/div><\/div> Nac Nac Variet\u00e0<\/p>\n<div class=\"compact_audio_player_wrapper\"><div class=\"sc_player_container1\"><input type=\"button\" id=\"btnplay_69e17458002d70.70676610\" class=\"myButton_play\" onClick=\"play_mp3('play','69e17458002d70.70676610','https:\/\/finzipasca.com\/wp-content\/uploads\/mp3\/Agnus%20Dei%20II.mp3','80','false');show_hide('play','69e17458002d70.70676610');\" \/><input type=\"button\"  id=\"btnstop_69e17458002d70.70676610\" style=\"display:none\" class=\"myButton_stop\" onClick=\"play_mp3('stop','69e17458002d70.70676610','','80','false');show_hide('stop','69e17458002d70.70676610');\" \/><div id=\"sm2-container\"><!-- flash movie ends up here --><\/div><\/div><\/div> Agnus Dei II<\/p>\n<p>&nbsp;<\/p>\n<p>music by Maria Bonzanigo<br \/>\nlyrics by Daniele Finzi Pasca<\/p>\n<p>produced by Maria Bonzanigo and Davy Gallant<\/p>\n<p>orchestral score:<br \/>\nmusical Production by RSI Radiotelevisione svizzera<br \/>\nPerformed by the Orchestra della Svizzera italiana OSI<br \/>\nconducted by Philippe Bach<br \/>\nwith the participation of the mezzo-soprano Yi Ping Li<br \/>\nsound engineer and mix Manuel Veronesi<\/p>\n<p>live score performed by the artists of the show<br \/>\nmusical production by Compagnia Finzi Pasca<br \/>\nsound engineer Davy Gallant<br \/>\nrecorded at Studio King, Greenfield Park, QC assisted by Paul Campagne<br \/>\nand at Dogger Pond Studio, Drummondville, QC<br \/>\nsound engineer effects and mix Davy Gallant assisted by Paul Campagne<br \/>\nthe glass harp was recorded at Place des Arts, Montr\u00e9al, QC<\/p>\n<p>the glass harp was manufactured by Robert Tiso<\/p>\n<p>final mix and mastering by Davy Gallant at Dogger Pond Studio, Drummondville, QC<\/p>\n<p>project managers<br \/>\nMarc Andr\u00e9 Goyer, Anna Locatelli and Tanja Stojanovic<\/p>\n<p>graphic design Viviana Cangialosi<\/p>\n","protected":false},"excerpt":{"rendered":"<p>Variet\u00e0 Verit\u00e0 I Menestrelli &#8211; Stelle ne Miri &#8211; I Nac Nac Variet\u00e0 Agnus Dei II &nbsp; music by Maria Bonzanigo lyrics by Daniele Finzi Pasca produced by Maria Bonzanigo and Davy Gallant orchestral score: musical Production by RSI Radiotelevisione svizzera Performed by the Orchestra della Svizzera italiana OSI conducted by Philippe Bach with the participation of the mezzo-soprano Yi Ping Li sound engineer and mix Manuel Veronesi live score performed by the artists of the show musical production by Compagnia Finzi Pasca sound engineer Davy Gallant recorded at Studio King, Greenfield Park, QC assisted by Paul Campagne and at Dogger Pond Studio, Drummondville, QC sound engineer effects and mix Davy Gallant assisted by Paul Campagne the glass harp was recorded at Place des Arts, Montr\u00e9al, QC the glass harp was manufactured by Robert Tiso final mix and mastering by Davy Gallant at Dogger Pond Studio, Drummondville, QC project managers Marc Andr\u00e9 Goyer, Anna Locatelli and Tanja Stojanovic graphic design Viviana Cangialosi<\/p>\n","protected":false},"featured_media":14134,"template":"","meta":{"_acf_changed":false},"product_brand":[],"product_cat":[260],"product_tag":[],"class_list":{"0":"post-7886","1":"product","2":"type-product","3":"status-publish","4":"has-post-thumbnail","6":"product_cat-uncategorized","7":"product_shipping_class-cd","9":"first","10":"instock","11":"shipping-taxable","12":"purchasable","13":"product-type-simple"},"acf":[],"_links":{"self":[{"href":"https:\/\/finzipasca.com\/en\/wp-json\/wp\/v2\/product\/7886","targetHints":{"allow":["GET"]}}],"collection":[{"href":"https:\/\/finzipasca.com\/en\/wp-json\/wp\/v2\/product"}],"about":[{"href":"https:\/\/finzipasca.com\/en\/wp-json\/wp\/v2\/types\/product"}],"wp:featuredmedia":[{"embeddable":true,"href":"https:\/\/finzipasca.com\/en\/wp-json\/wp\/v2\/media\/14134"}],"wp:attachment":[{"href":"https:\/\/finzipasca.com\/en\/wp-json\/wp\/v2\/media?parent=7886"}],"wp:term":[{"taxonomy":"product_brand","embeddable":true,"href":"https:\/\/finzipasca.com\/en\/wp-json\/wp\/v2\/product_brand?post=7886"},{"taxonomy":"product_cat","embeddable":true,"href":"https:\/\/finzipasca.com\/en\/wp-json\/wp\/v2\/product_cat?post=7886"},{"taxonomy":"product_tag","embeddable":true,"href":"https:\/\/finzipasca.com\/en\/wp-json\/wp\/v2\/product_tag?post=7886"}],"curies":[{"name":"wp","href":"https:\/\/api.w.org\/{rel}","templated":true}]}}