{"id":14671,"date":"2016-02-05T21:00:11","date_gmt":"2016-02-05T20:00:11","guid":{"rendered":"https:\/\/finzipasca.com\/?post_type=product&#038;p=14671"},"modified":"2019-12-19T13:55:31","modified_gmt":"2019-12-19T12:55:31","slug":"program-of-icaro","status":"publish","type":"product","link":"https:\/\/finzipasca.com\/en\/product\/program-of-icaro\/","title":{"rendered":"Program of Icaro"},"content":{"rendered":"<p>Graphic design by Viviana Cangialosi<br \/>\nTexts: Italian, English, French, Spanish<\/p>\n","protected":false},"excerpt":{"rendered":"<p>Billing Program of \u201cIcaro\u201d, written and directed by Daniele Finzi Pasca, produced by Compagnia Finzi Pasca<\/p>\n<p>Photo by Fausto Gerevini, Marco Ghidelli, Andrea L\u00f3pez, Val\u00e9rie Remise, Jos\u00e9 Jorge Carreon and Viviana Cangialo<\/p>\n","protected":false},"featured_media":14672,"template":"","meta":{"_acf_changed":false},"product_brand":[],"product_cat":[260],"product_tag":[],"class_list":{"0":"post-14671","1":"product","2":"type-product","3":"status-publish","4":"has-post-thumbnail","6":"product_cat-uncategorized","7":"product_shipping_class-programsgeneric","9":"first","10":"instock","11":"shipping-taxable","12":"purchasable","13":"product-type-simple"},"acf":[],"_links":{"self":[{"href":"https:\/\/finzipasca.com\/en\/wp-json\/wp\/v2\/product\/14671","targetHints":{"allow":["GET"]}}],"collection":[{"href":"https:\/\/finzipasca.com\/en\/wp-json\/wp\/v2\/product"}],"about":[{"href":"https:\/\/finzipasca.com\/en\/wp-json\/wp\/v2\/types\/product"}],"wp:featuredmedia":[{"embeddable":true,"href":"https:\/\/finzipasca.com\/en\/wp-json\/wp\/v2\/media\/14672"}],"wp:attachment":[{"href":"https:\/\/finzipasca.com\/en\/wp-json\/wp\/v2\/media?parent=14671"}],"wp:term":[{"taxonomy":"product_brand","embeddable":true,"href":"https:\/\/finzipasca.com\/en\/wp-json\/wp\/v2\/product_brand?post=14671"},{"taxonomy":"product_cat","embeddable":true,"href":"https:\/\/finzipasca.com\/en\/wp-json\/wp\/v2\/product_cat?post=14671"},{"taxonomy":"product_tag","embeddable":true,"href":"https:\/\/finzipasca.com\/en\/wp-json\/wp\/v2\/product_tag?post=14671"}],"curies":[{"name":"wp","href":"https:\/\/api.w.org\/{rel}","templated":true}]}}