{"id":711,"date":"2012-03-16T16:16:15","date_gmt":"2012-03-16T14:16:15","guid":{"rendered":"https:\/\/finzipasca.com\/?page_id=711"},"modified":"2024-11-28T14:38:42","modified_gmt":"2024-11-28T13:38:42","slug":"daniele-finzi-pasca","status":"publish","type":"page","link":"https:\/\/finzipasca.com\/en\/compagnia\/team\/daniele-finzi-pasca\/","title":{"rendered":"Daniele Finzi Pasca"},"content":{"rendered":"<h3><strong>Daniele Finzi Pasca<\/strong> (Lugano, Switzerland), co-founder of Compagnia Finzi Pasca<\/h3>\n<p><em>Author, stage director, choreographer, lighting designer and actor<\/em><\/p>\n<p><a href=\"https:\/\/finzipasca.com\/wp-content\/uploads\/2012\/10\/Daniele.png\"><img loading=\"lazy\" decoding=\"async\" class=\" wp-image-10750 size-full alignleft\" title=\"Daniele Finzi Pasca\" src=\"https:\/\/finzipasca.com\/wp-content\/uploads\/2012\/10\/Daniele.png\" alt=\"\" width=\"142\" height=\"213\" \/><\/a><\/p>\n<p>Daniele Finzi Pasca lives in three worlds at once: stage directing, performing arts, and the art of clowning. Born into a family steeped in the arts, he starts his career as a gymnast and becomes a circus artist before delving into the world of theatre. In 1983, he heads to India where he volunteers to care for terminally ill patients in Calcutta. On his return to Switzerland, with Maria Bonzanigo and his brother Marco he creates the company Teatro Sunil<em>\u00a0<\/em>and its peculiar vision of the art of clowning, dance and acting: a theatrical technique they name the \u201cTheatre of the Caress\u201d.\u00a0With Teatro Sunil he creates and directs around 30 shows depicting a profound sense of humanity and playfulness, performed in about 20 countries. In 1991 he writes <em>Icaro<\/em>, a monologue imagined for a single spectator that he performs more than 800 times, in 6 languages, still on tour. In 2009 he co-founds Inlevitas<em>\u00a0<\/em>with his wife Julie Hamelin Finzi, who died in 2016, aiming to create and develop various artistic projects, where the opera <em>L\u2019Amour<\/em><em> de Loin<\/em> (Love from Afar) for the English National Opera in London is its first production.<\/p>\n<p>In 2011, together with Antonio Vergamini, Hugo Gargiulo, Julie Hamelin Finzi and Maria Bonzanigo, he co-founds <strong>Compagnia Finzi Pasca<\/strong> based in Lugano (Switzerland) for which he creates and directs <strong>more than 40 shows: <\/strong>3 Olympic Ceremonies (Turin 2006 and Sochi 2014, the Olympic and Paralympic Games), 2 shows for Cirque du Soleil (<em>Luzia<\/em> in 2016 and <em>Corteo<\/em> in 2005 with more than 10 million spectators), 9 operas including <em>Aida<\/em> and Verdi&#8217;s <em>Requiem<\/em>, which officially entered the repertoire of the Mariinsky Theater in St. Petersburg; <em>Carmen<\/em> and <em>Pagliacci<\/em> at the Teatro San Carlo in Naples,<em>\u00a0<\/em><em>L&#8217;Amour<\/em><em> de loin <\/em>for the English National Opera in London, <em>Einstein on the Beach<\/em> which opened the 2019\/2020 season at the Grand Th\u00e9\u00e2tre de Gen\u00e8ve, <em>Les contes <\/em><em>d&#8217;Hoffmann<\/em> for the Hamburg Staatsoper in 2021, and <em>Mar\u00eda de Buenos Aires<\/em> at the Grand Th\u00e9\u00e2tre de Gen\u00e8ve in October 2023. In 2024 Daniele Finzi Pasca directs <em>Zarqa Al Yamama, <\/em>the first grand opera in Arabic,\u00a0which makes its debut on 25 April in Saudi Arabia on the historic stage of the renovated King Fahad Cultural Center in Riyadh.<\/p>\n<p>Among <strong>big events,<\/strong> in 2017 Compagnia Finzi Pasca produced\u00a0<em>Montr\u00e9al\u00a0<\/em><em>Avudo<\/em>, a multimedia show that combined video mapping, lights and water fountains for the city of Montreal (249,000 spectators in 4 months) and in 2019\u00a0<em>Abrazos\u00a0<\/em>for the fair Feria de Le\u00f3n in Mexico, a special event aimed at families (200,000 spectators). Moreover, its creative team was part of the\u00a0<em>F\u00eate des Vignerons<\/em>\u00a02019, an event that takes place four times in a century in Vevey (Switzerland), seen by 375,000 spectators. In 2020 the Compagnia Finzi Pasca staged the artistic part of the inauguration of the largest concert organ in Russia, at the Zaryadye Concert Hall in Moscow: an immersive installation\u00a0where 24 of the best organists in the world took it in turns to play for 24\u00a0hours non-stop (approximately 10,000 visitors).<\/p>\n<p>Currently 6 shows of the Compagnia Finzi Pasca are on tour: <em>Titiz\u00e9 \u2013 A Venetian Dream (2024), Nuda<\/em> (2021), <em>52<\/em> (2021), <em>Luna Park \u2013 like a carousel ride<\/em> (2020), <em>Bianco <\/em><em>su<\/em><em> Bianco<\/em> (2014), and<em>\u00a0<\/em><em>Icaro<\/em> (1991).<\/p>\n<p>In 2022 Daniele writes and directs <em>Azul &#8211; <\/em><em>Gioia<\/em><em>, <\/em><em>Furia<\/em><em>, <\/em><em>Fede<\/em><em> y <\/em><em>Eterno<\/em><em> Amor<\/em> with Stefano Accorsi, produced by Marco Balsamo&#8217;s Nuovo Teatro in co-production with the Fondazione Teatro della Toscana.<\/p>\n<p>In 2023 he created and directed the new contemporary flamenco show <em>Jaleos<\/em><em>\u00a0<\/em><em>Jondos<\/em><em>.<\/em><\/p>\n<p>Other international projects are in preparation with the Company and with Inlevitas, where Melissa Vettore, his wife, is an artistic collaborator.<\/p>\n<p>Daniele published some books, appeared in seven languages: a collection of short stories, two dramaturgies of his shows, a novel, a novella and a long interview-book by Facundo Ponce de Le\u00f3n, <em>Daniele<\/em>\u00a0<em>Finzi Pasca. Teatro de la <\/em><em>caricia<\/em><em>.<\/em><\/p>\n<p>Amongst many recognitions (e.g. 3 nominations in Broadway for <em>Rain<\/em>, 2006), Daniele received the Montr\u00e9al English Critics Circle Award (MECCA) 2009 for<em>\u00a0<\/em><em>Icaro<\/em>, the Hans Reinhart Ring (2012), the highest distinction of Swiss theatre for his lifelong contribution to the performing arts, the Best Director of Circus Performance Award 2016 (Russia) for <em>La <\/em><em>Verit\u00e0<\/em>, the Swiss Society Fellowship Prize 2020 (New York, USA), the Prize \u201cMarco Borradori &#8211; In tutto\u00a0ci\u00f2\u00a0che genera bellezza\u201d in 2021 (Lugano, Switzerland)<\/p>\n<p>Vv 06.11.2024<\/p>\n","protected":false},"excerpt":{"rendered":"<p>Daniele Finzi Pasca (Lugano, Switzerland), co-founder of Compagnia Finzi Pasca Author, stage director, choreographer, lighting designer and actor Daniele Finzi Pasca lives in three worlds at once: stage directing, performing arts, and the art of clowning. Born into a family steeped in the arts, he starts his career as a gymnast and becomes a circus artist before delving into the world of theatre. In 1983, he heads to India where he volunteers to care for terminally ill patients in Calcutta. On his return to Switzerland, with Maria Bonzanigo and his brother Marco he creates the company Teatro Sunil\u00a0and its peculiar vision of the art of clowning, dance and acting: a theatrical technique they name the \u201cTheatre of the Caress\u201d.\u00a0With Teatro Sunil he creates and directs around 30 shows depicting a profound sense of humanity and playfulness, performed in about 20 countries. In 1991 he writes Icaro, a monologue imagined for a single spectator that he performs more than 800 times, in 6 languages, still on tour. In 2009 he co-founds Inlevitas\u00a0with his wife Julie Hamelin Finzi, who died in 2016, aiming to create and develop various artistic projects, where the opera L\u2019Amour de Loin (Love from Afar) for the English [&hellip;]<\/p>\n","protected":false},"author":80,"featured_media":815,"parent":20,"menu_order":5,"comment_status":"open","ping_status":"open","template":"","meta":{"_acf_changed":false,"footnotes":""},"class_list":["post-711","page","type-page","status-publish","has-post-thumbnail","hentry"],"acf":[],"_links":{"self":[{"href":"https:\/\/finzipasca.com\/en\/wp-json\/wp\/v2\/pages\/711","targetHints":{"allow":["GET"]}}],"collection":[{"href":"https:\/\/finzipasca.com\/en\/wp-json\/wp\/v2\/pages"}],"about":[{"href":"https:\/\/finzipasca.com\/en\/wp-json\/wp\/v2\/types\/page"}],"author":[{"embeddable":true,"href":"https:\/\/finzipasca.com\/en\/wp-json\/wp\/v2\/users\/80"}],"replies":[{"embeddable":true,"href":"https:\/\/finzipasca.com\/en\/wp-json\/wp\/v2\/comments?post=711"}],"version-history":[{"count":4,"href":"https:\/\/finzipasca.com\/en\/wp-json\/wp\/v2\/pages\/711\/revisions"}],"predecessor-version":[{"id":26455,"href":"https:\/\/finzipasca.com\/en\/wp-json\/wp\/v2\/pages\/711\/revisions\/26455"}],"up":[{"embeddable":true,"href":"https:\/\/finzipasca.com\/en\/wp-json\/wp\/v2\/pages\/20"}],"wp:featuredmedia":[{"embeddable":true,"href":"https:\/\/finzipasca.com\/en\/wp-json\/wp\/v2\/media\/815"}],"wp:attachment":[{"href":"https:\/\/finzipasca.com\/en\/wp-json\/wp\/v2\/media?parent=711"}],"curies":[{"name":"wp","href":"https:\/\/api.w.org\/{rel}","templated":true}]}}